{"id":5134,"date":"2023-04-19T17:04:31","date_gmt":"2023-04-19T17:04:31","guid":{"rendered":"https:\/\/global.doinn.co\/servicos-e-protocolos\/aluguer-de-roupa-de-cama\/"},"modified":"2023-05-09T22:59:32","modified_gmt":"2023-05-09T22:59:32","slug":"aluguer-de-roupa-de-cama","status":"publish","type":"page","link":"https:\/\/doinn.co\/pt-pt\/servicos-e-protocolos\/aluguer-de-roupa-de-cama\/","title":{"rendered":"Aluguer de roupa"},"content":{"rendered":"\r\n\r\n<div id=\"page-banner-small-bottom\" class=\"page-banner page-banner-small\" style=\"background-image: url();;margin-bottom:px;;margin-top:px;margin-left:px;;margin-right:px\">\r\n    <div class=\"content container\">\r\n        <div class=\"headings one-column\">\r\n                            <h1 class=\"title \">\r\n                    Aluguer de roupa\r\n                    \r\n                    <!--  -->\r\n                    <\/h1>\r\n            \r\n        \r\n                            <div class=\"subtitle\">Acesso a servi\u00e7os de aluguer de len\u00e7\u00f3is e toalhas com lavandaria para as suas casas e alojamentos local. Garantir a m\u00e1xima seguran\u00e7a e conforto para os seus convidados<\/div>\r\n                        \r\n            \n<div class=\"block-buttons\">\n            <a \n            target=\"_self\" \n            href=\"https:\/\/app.doinn.co\/registration\" \n            class=\"button secondary lighter\" \n            style=\"\">\n                Come\u00e7ar gratuitamente        <\/a>\n    \n            <a \n            target=\"1_self\" \n            href=\"https:\/\/share-eu1.hsforms.com\/1E4dqOxrcTy-G6UvMltPv9gfgk9m\" \n            class=\"button outlined\" \n            style=\"\">\n                   \n                Fale connosco            <\/a>\n    <\/div>        <\/div>\r\n\r\n            <\/div>\r\n<\/div><div id=\"\" class=\"fifty-fifty container image-left block\" style=\"margin-bottom:px;;margin-top:px;margin-left:px;;margin-right:px\">\r\n    \r\n        <div class=\"cols cols-left\">\r\n            <img decoding=\"async\" src=\"https:\/\/doinn.co\/wp-content\/uploads\/2023\/04\/Linen-Rental-White-means-cleanliness.png\" class=\"image\" alt=\"\">\r\n        <\/div>\r\n    \r\n    \r\n    <div class=\"cols cols-right\">\r\n        \r\n        \n<div class=\"block-title\">\n            <h2 class=\"title\" style=\"\">Branco significa limpeza<\/h2>\n    \n    \n            <p style=\"\">S\u00f3 existe roupa branca para que os melhores produtos qu\u00edmicos de limpeza e desinfec\u00e7\u00e3o possam ser aplicados no ciclo de lavagem sem danificar a cor.<br \/>\n<br \/>\nInclui monitoriza\u00e7\u00e3o da roupa e alertas de pe\u00e7as em falta ou em deteriora\u00e7\u00e3o.<br \/>\n<br \/>\nInclui servi\u00e7o de lavandaria industrial com produtos qu\u00edmicos e engomadoria profissional que garante a m\u00e1xima higieniza\u00e7\u00e3o.<br \/>\n<br \/>\nInclui armazenamento e log\u00edstica coordenados com o servi\u00e7o de limpeza.<\/p>\n    <\/div>        \n<div class=\"block-buttons\">\n    \n    <\/div>\r\n            <\/div>\r\n<\/div>\r\n<div id=\"\" class=\"collapsible-list container block\" style=\"margin-bottom:px;;margin-top:px;margin-left:px;;margin-right:px\">\r\n\r\n    \n<div class=\"block-title\">\n            <h2 class=\"title\" style=\"\">Perguntas Mais Frequentes<\/h2>\n    \n    \n    <\/div>\r\n    <div class=\"cols\">\r\n                    <ul>\r\n                                    <li>\r\n                        <p class=\"title\">Como posso evitar o investimento em roupa para as minhas propriedades de alojamento local?<\/p>\r\n                        <div class=\"expandable\">\r\n                            <p>Na Doinn, oferecemos-lhe o nosso <b>servi\u00e7o de aluguer de roupa de cama e toalhas<\/b>. A melhor forma de garantir roupa de cama e de casa de banho limpa para os seus h\u00f3spedes.<\/p>\n<p>Os h\u00f3spedes est\u00e3o a tornar-se mais exigentes em termos de limpeza. Oferecer-lhes len\u00e7\u00f3is e toalhas limpos, com uma cor e um cheiro agrad\u00e1veis, proporcionar-lhes-\u00e1 uma experi\u00eancia mais confort\u00e1vel e segura.<\/p>\n<p>O nosso servi\u00e7o de aluguer de len\u00e7\u00f3is e toalhas inclui a <b>limpeza, a substitui\u00e7\u00e3o, a entrega e a recolha<\/b> dos mesmos. Pode gerir e programar os servi\u00e7os que pretende atrav\u00e9s do nosso centro de opera\u00e7\u00f5es.<\/p>\n                        <\/div>\r\n                    <\/li>\r\n\r\n                                    <li>\r\n                        <p class=\"title\">Acordei com os propriet\u00e1rios a compra de roupa de cama nova de 2 em 2 anos, como posso diluir este custo com eles?<\/p>\r\n                        <div class=\"expandable\">\r\n                            <p>H\u00e1 duas op\u00e7\u00f5es: ou lhes cobra mensalmente um montante fixo pelo aluguer da roupa ou 10%-15% do aluguer + servi\u00e7o de lavandaria fornecido atrav\u00e9s da nossa plataforma.<\/p>\n                        <\/div>\r\n                    <\/li>\r\n\r\n                                    <li>\r\n                        <p class=\"title\">O que inclui o vosso servi\u00e7o de aluguer de len\u00e7\u00f3is e toalhas?<\/p>\r\n                        <div class=\"expandable\">\r\n                            <p>O servi\u00e7o de aluguer de len\u00e7\u00f3is e toalhas Doinn \u00e9 um extra do servi\u00e7o de limpeza.<\/p>\n<p>O pre\u00e7o inclui:<\/p>\n<ul>\n<li>Gest\u00e3o dos servi\u00e7os da recolha e da entrega atrav\u00e9s do nosso software<\/li>\n<li>Servi\u00e7o de lavandaria industrial com produtos qu\u00edmicos profissionais e engomadoria que garante o mais alto n\u00edvel de higiene<\/li>\n<li>Secagem profissional e engomadoria a vapor<\/li>\n<li>Armazenamento e log\u00edstica coordenados com o servi\u00e7o de limpeza<\/li>\n<li>Monitoriza\u00e7\u00e3o das pe\u00e7as de roupa e alertas de falta ou deteriora\u00e7\u00e3o\/perda de artigos<\/li>\n<\/ul>\n<p>*O servi\u00e7o pode exigir um dep\u00f3sito que \u00e9 devolvido aquando da devolu\u00e7\u00e3o da roupa.<\/p>\n                        <\/div>\r\n                    <\/li>\r\n\r\n                                    <li>\r\n                        <p class=\"title\">Devo pedir um n\u00famero m\u00ednimo de pe\u00e7as de roupa de cama por limpeza?<\/p>\r\n                        <div class=\"expandable\">\r\n                            <p>Criamos conjuntos para facilitar as coisas e para as automatizar com o n\u00famero de camas que define no perfil do im\u00f3vel<\/p>\n<ul>\n<li><b>Um conjunto duplo King<\/b> \u00e9 composto por: 1 capa de edred\u00e3o dupla, 1 len\u00e7ol duplo, 2 fronhas, 2 toalhas de banho, 2 toalhas de rosto.<\/li>\n<li><b>Um conjunto duplo Queen<\/b> \u00e9 composto por: 1 capa de edred\u00e3o dupla, 1 len\u00e7ol duplo, 2 fronhas, 2 toalhas de banho, 2 toalhas de rosto.<\/li>\n<li><b>Um conjunto individual<\/b>, composto por: 1 capa de edred\u00e3o individual, 1 len\u00e7ol individual, 1 fronha, 1 toalha de banho, 1 toalha de rosto.<\/li>\n<\/ul>\n<p>Os conjuntos de sof\u00e1-cama e os artigos extra devem ser solicitados manualmente.<\/p>\n                        <\/div>\r\n                    <\/li>\r\n\r\n                                    <li>\r\n                        <p class=\"title\">Porqu\u00ea escolher a Doinn para o aluguer de len\u00e7\u00f3is e toalhas para o meu alojamento local?<\/p>\r\n                        <div class=\"expandable\">\r\n                            <p><b>Roupa de cama e banho de qualidade e sem compara\u00e7\u00e3o: <\/b>Roupa branca para uma melhor higiene. Tecidos de alta resist\u00eancia.<\/p>\n<p><b>Gest\u00e3o de limpezas e substitui\u00e7\u00f5es sem problemas:<\/b> Integre a Doinn com o seu PMS ou calend\u00e1rio de reservas e solicite os len\u00e7\u00f3is e toalhas necess\u00e1rios para cada apartamento.<\/p>\n<p><b>Limpeza integrada: <\/b>O aluguer de roupa de cama est\u00e1 associado a um servi\u00e7o de limpeza e lavandaria. Ter\u00e1 tudo num s\u00f3!<\/p>\n<p><b>Evite despesas desnecess\u00e1rias<\/b>: Todos os jogos de len\u00e7\u00f3is e toalhas de que necessita sem necessidade de acrescentar despesas adicionais na gest\u00e3o dos seus alojamentos locais<\/p>\n<p><b>Poupa espa\u00e7o: <\/b>Com o nosso servi\u00e7o de aluguer, n\u00e3o precisar\u00e1 de espa\u00e7o para guardar os seus len\u00e7\u00f3is e toalhas. Os nossos fornecedores tratar\u00e3o de tudo!<\/p>\n<p><b>N\u00f3s substitu\u00edmos a roupa que precisa: <\/b>Atrav\u00e9s do nosso software, pode controlar a roupa de cama e de casa de banho e encomendar novos conjuntos.<\/p>\n<p>Servi\u00e7o dispon\u00edvel em centenas de cidades em v\u00e1rios pa\u00edses para que possa crescer rapidamente e com confian\u00e7a.<\/p>\n                        <\/div>\r\n                    <\/li>\r\n\r\n                            <\/ul>\r\n            <\/div>\r\n<\/div>\r\n<div id=\"\" class=\"container block\" style=\"margin-bottom:px;;margin-top:px;margin-left:px;;margin-right:px\">\r\n    <div class=\"small-banner container\" \r\n        style=\"border-radius:16px;background: #6F5EFF;box-shadow: 0px 0px 50px rgba(111,94,255,0.5);color: #ffffff;\"\r\n    >\r\n        \n<div class=\"block-title\">\n            <h2 class=\"title\" style=\"color: #ffffff;\">Pronto para come\u00e7ar?<\/h2>\n    \n    \n            <p style=\"color: #ffffff;\">14 dias de teste gratuito | N\u00e3o \u00e9 necess\u00e1rio cart\u00e3o de cr\u00e9dito<\/p>\n    <\/div>        \n<div class=\"block-buttons\">\n            <a \n            target=\"_self\" \n            href=\"https:\/\/app.doinn.co\/registration\" \n            class=\"button secondary lighter\" \n            style=\"\">\n                Come\u00e7ar gratuitamente        <\/a>\n    \n            <a \n            target=\"_self\" \n            href=\"https:\/\/share-eu1.hsforms.com\/1E4dqOxrcTy-G6UvMltPv9gfgk9m\" \n            class=\"button outlined\" \n            style=\"\">\n                   \n                Fale connosco            <\/a>\n    <\/div>    <\/div>\r\n<\/div>","protected":false},"excerpt":{"rendered":"","protected":false},"author":2,"featured_media":0,"parent":5040,"menu_order":0,"comment_status":"closed","ping_status":"closed","template":"","meta":{"_acf_changed":false,"footnotes":""},"class_list":["post-5134","page","type-page","status-publish","hentry"],"acf":[],"yoast_head":"<!-- This site is optimized with the Yoast SEO plugin v27.2 - https:\/\/yoast.com\/product\/yoast-seo-wordpress\/ -->\n<title>Doinn - Aluguer de roupa<\/title>\n<meta name=\"robots\" content=\"index, follow, max-snippet:-1, max-image-preview:large, max-video-preview:-1\" \/>\n<link rel=\"canonical\" href=\"https:\/\/doinn.co\/pt-pt\/servicos-e-protocolos\/aluguer-de-roupa-de-cama\/\" \/>\n<meta property=\"og:locale\" content=\"pt_PT\" \/>\n<meta property=\"og:type\" content=\"article\" \/>\n<meta property=\"og:title\" content=\"Doinn - Aluguer de roupa\" \/>\n<meta property=\"og:url\" content=\"https:\/\/doinn.co\/pt-pt\/servicos-e-protocolos\/aluguer-de-roupa-de-cama\/\" \/>\n<meta property=\"og:site_name\" content=\"Doinn\" \/>\n<meta property=\"article:publisher\" content=\"https:\/\/www.facebook.com\/doinn.co\" \/>\n<meta property=\"article:modified_time\" content=\"2023-05-09T22:59:32+00:00\" \/>\n<meta name=\"twitter:card\" content=\"summary_large_image\" \/>\n<meta name=\"twitter:site\" content=\"@doinnco\" \/>\n<script type=\"application\/ld+json\" class=\"yoast-schema-graph\">{\"@context\":\"https:\/\/schema.org\",\"@graph\":[{\"@type\":\"WebPage\",\"@id\":\"https:\/\/doinn.co\/pt-pt\/servicos-e-protocolos\/aluguer-de-roupa-de-cama\/\",\"url\":\"https:\/\/doinn.co\/pt-pt\/servicos-e-protocolos\/aluguer-de-roupa-de-cama\/\",\"name\":\"Doinn - Aluguer de roupa\",\"isPartOf\":{\"@id\":\"https:\/\/doinn.co\/pt-pt\/#website\"},\"datePublished\":\"2023-04-19T17:04:31+00:00\",\"dateModified\":\"2023-05-09T22:59:32+00:00\",\"breadcrumb\":{\"@id\":\"https:\/\/doinn.co\/pt-pt\/servicos-e-protocolos\/aluguer-de-roupa-de-cama\/#breadcrumb\"},\"inLanguage\":\"pt-PT\",\"potentialAction\":[{\"@type\":\"ReadAction\",\"target\":[\"https:\/\/doinn.co\/pt-pt\/servicos-e-protocolos\/aluguer-de-roupa-de-cama\/\"]}]},{\"@type\":\"BreadcrumbList\",\"@id\":\"https:\/\/doinn.co\/pt-pt\/servicos-e-protocolos\/aluguer-de-roupa-de-cama\/#breadcrumb\",\"itemListElement\":[{\"@type\":\"ListItem\",\"position\":1,\"name\":\"Home\",\"item\":\"https:\/\/doinn.co\/pt-pt\/\"},{\"@type\":\"ListItem\",\"position\":2,\"name\":\"Servi\u00e7os e protocolos\",\"item\":\"https:\/\/doinn.co\/pt-pt\/servicos-e-protocolos\/\"},{\"@type\":\"ListItem\",\"position\":3,\"name\":\"Aluguer de roupa\"}]},{\"@type\":\"WebSite\",\"@id\":\"https:\/\/doinn.co\/pt-pt\/#website\",\"url\":\"https:\/\/doinn.co\/pt-pt\/\",\"name\":\"Doinn: Housekeeping Operations Made Simple\",\"description\":\"\",\"publisher\":{\"@id\":\"https:\/\/doinn.co\/pt-pt\/#organization\"},\"potentialAction\":[{\"@type\":\"SearchAction\",\"target\":{\"@type\":\"EntryPoint\",\"urlTemplate\":\"https:\/\/doinn.co\/pt-pt\/?s={search_term_string}\"},\"query-input\":{\"@type\":\"PropertyValueSpecification\",\"valueRequired\":true,\"valueName\":\"search_term_string\"}}],\"inLanguage\":\"pt-PT\"},{\"@type\":\"Organization\",\"@id\":\"https:\/\/doinn.co\/pt-pt\/#organization\",\"name\":\"Doinn: Housekeeping Operations Made Simple\",\"url\":\"https:\/\/doinn.co\/pt-pt\/\",\"logo\":{\"@type\":\"ImageObject\",\"inLanguage\":\"pt-PT\",\"@id\":\"https:\/\/doinn.co\/pt-pt\/#\/schema\/logo\/image\/\",\"url\":\"\",\"contentUrl\":\"\",\"caption\":\"Doinn: Housekeeping Operations Made Simple\"},\"image\":{\"@id\":\"https:\/\/doinn.co\/pt-pt\/#\/schema\/logo\/image\/\"},\"sameAs\":[\"https:\/\/www.facebook.com\/doinn.co\",\"https:\/\/x.com\/doinnco\",\"https:\/\/www.instagram.com\/doinn.co\",\"https:\/\/www.linkedin.com\/company\/doinn\"]}]}<\/script>\n<!-- \/ Yoast SEO plugin. -->","yoast_head_json":{"title":"Doinn - Aluguer de roupa","robots":{"index":"index","follow":"follow","max-snippet":"max-snippet:-1","max-image-preview":"max-image-preview:large","max-video-preview":"max-video-preview:-1"},"canonical":"https:\/\/doinn.co\/pt-pt\/servicos-e-protocolos\/aluguer-de-roupa-de-cama\/","og_locale":"pt_PT","og_type":"article","og_title":"Doinn - Aluguer de roupa","og_url":"https:\/\/doinn.co\/pt-pt\/servicos-e-protocolos\/aluguer-de-roupa-de-cama\/","og_site_name":"Doinn","article_publisher":"https:\/\/www.facebook.com\/doinn.co","article_modified_time":"2023-05-09T22:59:32+00:00","twitter_card":"summary_large_image","twitter_site":"@doinnco","schema":{"@context":"https:\/\/schema.org","@graph":[{"@type":"WebPage","@id":"https:\/\/doinn.co\/pt-pt\/servicos-e-protocolos\/aluguer-de-roupa-de-cama\/","url":"https:\/\/doinn.co\/pt-pt\/servicos-e-protocolos\/aluguer-de-roupa-de-cama\/","name":"Doinn - Aluguer de roupa","isPartOf":{"@id":"https:\/\/doinn.co\/pt-pt\/#website"},"datePublished":"2023-04-19T17:04:31+00:00","dateModified":"2023-05-09T22:59:32+00:00","breadcrumb":{"@id":"https:\/\/doinn.co\/pt-pt\/servicos-e-protocolos\/aluguer-de-roupa-de-cama\/#breadcrumb"},"inLanguage":"pt-PT","potentialAction":[{"@type":"ReadAction","target":["https:\/\/doinn.co\/pt-pt\/servicos-e-protocolos\/aluguer-de-roupa-de-cama\/"]}]},{"@type":"BreadcrumbList","@id":"https:\/\/doinn.co\/pt-pt\/servicos-e-protocolos\/aluguer-de-roupa-de-cama\/#breadcrumb","itemListElement":[{"@type":"ListItem","position":1,"name":"Home","item":"https:\/\/doinn.co\/pt-pt\/"},{"@type":"ListItem","position":2,"name":"Servi\u00e7os e protocolos","item":"https:\/\/doinn.co\/pt-pt\/servicos-e-protocolos\/"},{"@type":"ListItem","position":3,"name":"Aluguer de roupa"}]},{"@type":"WebSite","@id":"https:\/\/doinn.co\/pt-pt\/#website","url":"https:\/\/doinn.co\/pt-pt\/","name":"Doinn: Housekeeping Operations Made Simple","description":"","publisher":{"@id":"https:\/\/doinn.co\/pt-pt\/#organization"},"potentialAction":[{"@type":"SearchAction","target":{"@type":"EntryPoint","urlTemplate":"https:\/\/doinn.co\/pt-pt\/?s={search_term_string}"},"query-input":{"@type":"PropertyValueSpecification","valueRequired":true,"valueName":"search_term_string"}}],"inLanguage":"pt-PT"},{"@type":"Organization","@id":"https:\/\/doinn.co\/pt-pt\/#organization","name":"Doinn: Housekeeping Operations Made Simple","url":"https:\/\/doinn.co\/pt-pt\/","logo":{"@type":"ImageObject","inLanguage":"pt-PT","@id":"https:\/\/doinn.co\/pt-pt\/#\/schema\/logo\/image\/","url":"","contentUrl":"","caption":"Doinn: Housekeeping Operations Made Simple"},"image":{"@id":"https:\/\/doinn.co\/pt-pt\/#\/schema\/logo\/image\/"},"sameAs":["https:\/\/www.facebook.com\/doinn.co","https:\/\/x.com\/doinnco","https:\/\/www.instagram.com\/doinn.co","https:\/\/www.linkedin.com\/company\/doinn"]}]}},"_links":{"self":[{"href":"https:\/\/doinn.co\/pt-pt\/wp-json\/wp\/v2\/pages\/5134","targetHints":{"allow":["GET"]}}],"collection":[{"href":"https:\/\/doinn.co\/pt-pt\/wp-json\/wp\/v2\/pages"}],"about":[{"href":"https:\/\/doinn.co\/pt-pt\/wp-json\/wp\/v2\/types\/page"}],"author":[{"embeddable":true,"href":"https:\/\/doinn.co\/pt-pt\/wp-json\/wp\/v2\/users\/2"}],"replies":[{"embeddable":true,"href":"https:\/\/doinn.co\/pt-pt\/wp-json\/wp\/v2\/comments?post=5134"}],"version-history":[{"count":5,"href":"https:\/\/doinn.co\/pt-pt\/wp-json\/wp\/v2\/pages\/5134\/revisions"}],"predecessor-version":[{"id":6557,"href":"https:\/\/doinn.co\/pt-pt\/wp-json\/wp\/v2\/pages\/5134\/revisions\/6557"}],"up":[{"embeddable":true,"href":"https:\/\/doinn.co\/pt-pt\/wp-json\/wp\/v2\/pages\/5040"}],"wp:attachment":[{"href":"https:\/\/doinn.co\/pt-pt\/wp-json\/wp\/v2\/media?parent=5134"}],"curies":[{"name":"wp","href":"https:\/\/api.w.org\/{rel}","templated":true}]}}