{"id":4909,"date":"2022-10-31T15:39:12","date_gmt":"2022-10-31T15:39:12","guid":{"rendered":"https:\/\/global.doinn.co\/sobre-nos\/"},"modified":"2023-05-30T11:09:59","modified_gmt":"2023-05-30T11:09:59","slug":"sobre-nos","status":"publish","type":"page","link":"https:\/\/doinn.co\/pt-pt\/sobre-nos\/","title":{"rendered":"Sobre n\u00f3s"},"content":{"rendered":"<div id=\"\" class=\"section-title container\" style=\"margin-bottom:96px;;margin-top:0px;margin-left:px;;margin-right:px\">\r\n    \r\n    \n<div class=\"block-title\">\n            <h1 class=\"title\" style=\"\">O que fazemos?<\/h1>\n    \n            <p style=\"\">Plataforma \u00fanica para gest\u00e3o de servi\u00e7os de limpeza, lavandaria e manuten\u00e7\u00e3o.<\/p>\n    \n    <\/div>\r\n    \n<div class=\"block-buttons\">\n    \n    <\/div><\/div><div id=\"\" class=\"fifty-fifty container image-left block\" style=\"margin-bottom:px;;margin-top:px;margin-left:px;;margin-right:px\">\r\n    \r\n        <div class=\"cols cols-left\">\r\n            <img decoding=\"async\" src=\"https:\/\/doinn.co\/wp-content\/uploads\/2023\/04\/About-us-Why-are-we-doinn-it.png\" class=\"image\" alt=\"\">\r\n        <\/div>\r\n    \r\n    \r\n    <div class=\"cols cols-right\">\r\n        \r\n        \n<div class=\"block-title\">\n            <h2 class=\"title\" style=\"\">Porque \u00e9 que o estamos a fazer?<\/h2>\n    \n    \n            <p style=\"\">A semente da DOINN foi plantada em 2014 ap\u00f3s uma viagem pelo mundo com noites passadas em alojamentos locais. Os fundadores repararam rapidamente que muitos dos alojamentos em que ficavam n\u00e3o estavam \u00e0 altura dos seus padr\u00f5es e viram uma oportunidade de melhorar a qualidade e o conforto dos alojamentos locais atrav\u00e9s da tecnologia e dos fornecedores de servi\u00e7os de limpeza.<br \/>\n<br \/>\n<br \/>\nDesde ent\u00e3o, a Doinn evoluiu para uma plataforma abrangente que ajuda os gestores de propriedades e as empresas de limpeza e lavandaria a responder eficazmente a todas as necessidades operacionais relacionadas com o alojamento local. Al\u00e9m disso, fornece informa\u00e7\u00e3o detalhadas para que os utilizadores possam compreender melhor a forma como os clientes est\u00e3o a interagir com as suas propriedades, o que lhes permite tomar decis\u00f5es informadas sobre novas contrata\u00e7\u00f5es, melhores pr\u00e1ticas, etc.<\/p>\n    <\/div>        \n<div class=\"block-buttons\">\n    \n    <\/div>\r\n            <\/div>\r\n<\/div>\r\n<div id=\"\" class=\"fifty-fifty container image-right block\" style=\"margin-bottom:px;;margin-top:px;margin-left:px;;margin-right:px\">\r\n    \r\n        <div class=\"cols cols-left\">\r\n            <img decoding=\"async\" src=\"https:\/\/doinn.co\/wp-content\/uploads\/2023\/04\/About-us-Who-is-doinn-this.png\" class=\"image\" alt=\"\">\r\n        <\/div>\r\n    \r\n    \r\n    <div class=\"cols cols-right\">\r\n        \r\n        \n<div class=\"block-title\">\n            <h2 class=\"title\" style=\"\">Quem est\u00e1 a fazer isto?  <\/h2>\n    \n    \n            <p style=\"\">Os Doinners s\u00e3o uma equipa de sonhadores e fazedores<br \/>\n<br \/>\nUma equipa equilibrada e diversificada de profissionais com compet\u00eancias e perspectivas complementares que se apoiam mutuamente para atingir os nossos objectivos.<br \/>\nCelebramos e apoiamos a diversidade, e prosperamos com ela para benef\u00edcio da equipa, dos nossos produtos e da nossa comunidade.<\/p>\n    <\/div>        \n<div class=\"block-buttons\">\n    \n    <\/div>\r\n            <\/div>\r\n<\/div>\r\n\n<div class=\"wp-block-columns container spacing is-layout-flex wp-container-core-columns-is-layout-9d6595d7 wp-block-columns-is-layout-flex\"><\/div>\n\n<div class=\"wp-block-columns container spacing is-layout-flex wp-container-core-columns-is-layout-9d6595d7 wp-block-columns-is-layout-flex\"><\/div>\n<div id=\"\" class=\"data-grid container block\" style=\"margin-bottom:px;;margin-top:px;margin-left:px;;margin-right:px\">\r\n    \n<div class=\"block-title\">\n            <h2 class=\"title\" style=\"\">Porqu\u00ea fazer<\/h2>\n    \n            <p style=\"\">Ferramentas de produtividade e an\u00e1lises inteligentes que transformam os seus objectivos em realidade<\/p>\n    \n    <\/div>\r\n    <div class=\"cols\">\r\n                    <ul>\r\n                \r\n                    <li>\r\n                                                    <div class=\"icon\"><img loading=\"lazy\" decoding=\"async\" width=\"32\" height=\"32\" src=\"https:\/\/doinn.co\/wp-content\/uploads\/2023\/03\/quality-assurance.svg\" class=\"attachment-medium size-medium\" alt=\"\" \/><\/div>\r\n                                                \r\n                        <div class=\"title\">Garantia de Qualidade<\/div>\r\n\r\n                        <p class=\"description\">Processos de controlo e ferramentas digitais que asseguram resultados. Liberte-se da subjectividade e das opini\u00f5es das avalia\u00e7\u00f5es e utilize os nossos dados como prova de trabalho e como forma de analisar, medir e monitorizar os servi\u00e7os com base num sistema de avalia\u00e7\u00e3o de qualidade.<\/p>\r\n                    <\/li>\r\n\r\n                \r\n                    <li>\r\n                                                    <div class=\"icon\"><img loading=\"lazy\" decoding=\"async\" width=\"32\" height=\"32\" src=\"https:\/\/doinn.co\/wp-content\/uploads\/2023\/03\/human-capital.svg\" class=\"attachment-medium size-medium\" alt=\"\" \/><\/div>\r\n                                                \r\n                        <div class=\"title\">Capital Humano \/ Trabalho<\/div>\r\n\r\n                        <p class=\"description\">O rastreamento de performance tornou-o f\u00e1cil. Identificar os empregados com melhor desempenho (tempo e custos) para aprender, compensar e implementar processos eficientes. Atrair e reter talentos, dar \u00e0 equipa a oportunidade de experimentar coisas novas e expandir constantemente as suas compet\u00eancias com informa\u00e7\u00e3o baseada em dados reais dos seus servi\u00e7os.<\/p>\r\n                    <\/li>\r\n\r\n                \r\n                    <li>\r\n                                                    <div class=\"icon\"><img loading=\"lazy\" decoding=\"async\" width=\"32\" height=\"32\" src=\"https:\/\/doinn.co\/wp-content\/uploads\/2023\/03\/communications.svg\" class=\"attachment-medium size-medium\" alt=\"\" \/><\/div>\r\n                                                \r\n                        <div class=\"title\">Omni &#8211; Comunica\u00e7\u00f5es<\/div>\r\n\r\n                        <p class=\"description\">Nunca perca nenhuma informa\u00e7\u00e3o. Acompanhe facilmente qualquer mensagem em todas as propriedades. Com uma pessoa ou com um grupo, utilize o sistema de mensagens marcando utilizadores, servi\u00e7os ou propriedades para tornar a sua mensagem clara. Permita que os membros da equipa leiam e escrevam na sua pr\u00f3pria l\u00edngua com as nossas ferramentas de tradu\u00e7\u00e3o instant\u00e2nea.<\/p>\r\n                    <\/li>\r\n\r\n                \r\n                    <li>\r\n                                                    <div class=\"icon\"><img loading=\"lazy\" decoding=\"async\" width=\"32\" height=\"32\" src=\"https:\/\/doinn.co\/wp-content\/uploads\/2023\/03\/logistics.svg\" class=\"attachment-medium size-medium\" alt=\"\" \/><\/div>\r\n                                                \r\n                        <div class=\"title\">Log\u00edstica<\/div>\r\n\r\n                        <p class=\"description\">A visibilidade e o planeamento contribuem para a agilidade global da log\u00edstica. Fazer com que as equipas no terreno respondam a problemas imprevistos e implementem solu\u00e7\u00f5es com rapidez e precis\u00e3o. Actualizar automaticamente as contagens de fornecimentos quando as tarefas e as ordens de trabalho s\u00e3o conclu\u00eddas.<\/p>\r\n                    <\/li>\r\n\r\n                \r\n                    <li>\r\n                                                    <div class=\"icon\"><img loading=\"lazy\" decoding=\"async\" width=\"31\" height=\"32\" src=\"https:\/\/doinn.co\/wp-content\/uploads\/2023\/03\/time-optimization.svg\" class=\"attachment-medium size-medium\" alt=\"\" \/><\/div>\r\n                                                \r\n                        <div class=\"title\">Optimiza\u00e7\u00e3o do tempo<\/div>\r\n\r\n                        <p class=\"description\">Expedi\u00e7\u00e3o inteligente e optimiza\u00e7\u00e3o do tempo para as equipas da linha da frente. Fluxos de trabalho baseados na f\u00f3rmula dos 5 elementos de Doinn: onde, quando, o qu\u00ea, como e quem. Atribuir trabalho \u00e0 sua equipa e\/ou a equipas subcontratadas.<\/p>\r\n                    <\/li>\r\n\r\n                \r\n                    <li>\r\n                                                    <div class=\"icon\"><img loading=\"lazy\" decoding=\"async\" width=\"32\" height=\"32\" src=\"https:\/\/doinn.co\/wp-content\/uploads\/2023\/03\/financials.svg\" class=\"attachment-medium size-medium\" alt=\"\" \/><\/div>\r\n                                                \r\n                        <div class=\"title\">Finan\u00e7as<\/div>\r\n\r\n                        <p class=\"description\">Infinitas funcionalidades para fazer crescer e escalar o seu neg\u00f3cio Obtenha uma vista de geral de forma a tomar decis\u00f5es informadas com um painel de controlo personalizado, gr\u00e1ficos de opera\u00e7\u00f5es e relat\u00f3rios. Tudo num \u00fanico local para uma ou v\u00e1rias cidades para um ou v\u00e1rios clientes e\/ou fornecedores<\/p>\r\n                    <\/li>\r\n\r\n                \r\n                    <li>\r\n                                                    <div class=\"icon\"><img loading=\"lazy\" decoding=\"async\" width=\"32\" height=\"32\" src=\"https:\/\/doinn.co\/wp-content\/uploads\/2023\/03\/data-dashboards.svg\" class=\"attachment-medium size-medium\" alt=\"\" \/><\/div>\r\n                                                \r\n                        <div class=\"title\">Pain\u00e9is informativos<\/div>\r\n\r\n                        <p class=\"description\">Aumentar a visibilidade com pain\u00e9is informativos. Optimizar o desempenho e maximizar as receitas com uma an\u00e1lise completa de informa\u00e7\u00f5es em tempo real, opera\u00e7\u00f5es previs\u00edveis e intelig\u00eancia de dados, para qualidade, stocks, RH, comunica\u00e7\u00f5es, log\u00edstica e finan\u00e7as<\/p>\r\n                    <\/li>\r\n\r\n                \r\n                    <li>\r\n                                                    <div class=\"icon\"><img loading=\"lazy\" decoding=\"async\" width=\"32\" height=\"32\" src=\"https:\/\/doinn.co\/wp-content\/uploads\/2023\/03\/real-time.svg\" class=\"attachment-medium size-medium\" alt=\"\" \/><\/div>\r\n                                                \r\n                        <div class=\"title\">Estado do servi\u00e7o em tempo real<\/div>\r\n\r\n                        <p class=\"description\">Obtenha uma vis\u00e3o geral de cada trabalho e de todo o panorama di\u00e1rio de servi\u00e7os com o estado dos trabalhos em tempo real e os relat\u00f3rios de limpeza. Maximize as receitas com o sistema inteligente de distribui\u00e7\u00e3o de trabalhos e acompanhe em tempo real o estado de cada servi\u00e7o.<\/p>\r\n                    <\/li>\r\n\r\n                            <\/ul>\r\n            <\/div>\r\n<\/div>\r\n<div id=\"\" class=\"container block\" style=\"margin-bottom:px;;margin-top:px;margin-left:px;;margin-right:px\">\r\n    <div class=\"small-banner container\" \r\n        style=\"border-radius:16px;background: #6F5EFF;box-shadow: 0px 0px 50px rgba(111,94,255,0.5);color: #ffffff;\"\r\n    >\r\n        \n<div class=\"block-title\">\n            <h2 class=\"title\" style=\"color: #ffffff;\">Pronto para come\u00e7ar?<\/h2>\n    \n    \n            <p style=\"color: #ffffff;\">14 dias de teste gratuito | N\u00e3o \u00e9 necess\u00e1rio cart\u00e3o de cr\u00e9dito<\/p>\n    <\/div>        \n<div class=\"block-buttons\">\n            <a \n            target=\"_self\" \n            href=\"https:\/\/app.doinn.co\/registration\" \n            class=\"button secondary lighter\" \n            style=\"\">\n                Come\u00e7ar gratuitamente        <\/a>\n    \n            <a \n            target=\"_self\" \n            href=\"https:\/\/share-eu1.hsforms.com\/1HhBsHkK1RL263thuCcT6pAfgk9m\" \n            class=\"button outlined\" \n            style=\"\">\n                   \n                Fale connosco            <\/a>\n    <\/div>    <\/div>\r\n<\/div>","protected":false},"excerpt":{"rendered":"","protected":false},"author":2,"featured_media":4268,"parent":0,"menu_order":0,"comment_status":"closed","ping_status":"closed","template":"template-internal-page.php","meta":{"_acf_changed":false,"footnotes":""},"class_list":["post-4909","page","type-page","status-publish","has-post-thumbnail","hentry"],"acf":[],"yoast_head":"<!-- This site is optimized with the Yoast SEO plugin v27.2 - https:\/\/yoast.com\/product\/yoast-seo-wordpress\/ -->\n<title>Doinn - Sobre n\u00f3s<\/title>\n<meta name=\"robots\" content=\"index, follow, max-snippet:-1, max-image-preview:large, max-video-preview:-1\" \/>\n<link rel=\"canonical\" href=\"https:\/\/doinn.co\/pt-pt\/sobre-nos\/\" \/>\n<meta property=\"og:locale\" content=\"pt_PT\" \/>\n<meta property=\"og:type\" content=\"article\" \/>\n<meta property=\"og:title\" content=\"Doinn - Sobre n\u00f3s\" \/>\n<meta property=\"og:url\" content=\"https:\/\/doinn.co\/pt-pt\/sobre-nos\/\" \/>\n<meta property=\"og:site_name\" content=\"Doinn\" \/>\n<meta property=\"article:publisher\" content=\"https:\/\/www.facebook.com\/doinn.co\" \/>\n<meta property=\"article:modified_time\" content=\"2023-05-30T11:09:59+00:00\" \/>\n<meta property=\"og:image\" content=\"https:\/\/doinn.co\/wp-content\/uploads\/2022\/12\/Fondo_2-3-1024x576.png\" \/>\n\t<meta property=\"og:image:width\" content=\"1024\" \/>\n\t<meta property=\"og:image:height\" content=\"576\" \/>\n\t<meta property=\"og:image:type\" content=\"image\/png\" \/>\n<meta name=\"twitter:card\" content=\"summary_large_image\" \/>\n<meta name=\"twitter:site\" content=\"@doinnco\" \/>\n<script type=\"application\/ld+json\" class=\"yoast-schema-graph\">{\"@context\":\"https:\/\/schema.org\",\"@graph\":[{\"@type\":\"WebPage\",\"@id\":\"https:\/\/doinn.co\/pt-pt\/sobre-nos\/\",\"url\":\"https:\/\/doinn.co\/pt-pt\/sobre-nos\/\",\"name\":\"Doinn - Sobre n\u00f3s\",\"isPartOf\":{\"@id\":\"https:\/\/doinn.co\/pt-pt\/#website\"},\"primaryImageOfPage\":{\"@id\":\"https:\/\/doinn.co\/pt-pt\/sobre-nos\/#primaryimage\"},\"image\":{\"@id\":\"https:\/\/doinn.co\/pt-pt\/sobre-nos\/#primaryimage\"},\"thumbnailUrl\":\"https:\/\/doinn.co\/wp-content\/uploads\/2022\/12\/Fondo_2-3.png\",\"datePublished\":\"2022-10-31T15:39:12+00:00\",\"dateModified\":\"2023-05-30T11:09:59+00:00\",\"breadcrumb\":{\"@id\":\"https:\/\/doinn.co\/pt-pt\/sobre-nos\/#breadcrumb\"},\"inLanguage\":\"pt-PT\",\"potentialAction\":[{\"@type\":\"ReadAction\",\"target\":[\"https:\/\/doinn.co\/pt-pt\/sobre-nos\/\"]}]},{\"@type\":\"ImageObject\",\"inLanguage\":\"pt-PT\",\"@id\":\"https:\/\/doinn.co\/pt-pt\/sobre-nos\/#primaryimage\",\"url\":\"https:\/\/doinn.co\/wp-content\/uploads\/2022\/12\/Fondo_2-3.png\",\"contentUrl\":\"https:\/\/doinn.co\/wp-content\/uploads\/2022\/12\/Fondo_2-3.png\",\"width\":8000,\"height\":4500},{\"@type\":\"BreadcrumbList\",\"@id\":\"https:\/\/doinn.co\/pt-pt\/sobre-nos\/#breadcrumb\",\"itemListElement\":[{\"@type\":\"ListItem\",\"position\":1,\"name\":\"Home\",\"item\":\"https:\/\/doinn.co\/pt-pt\/\"},{\"@type\":\"ListItem\",\"position\":2,\"name\":\"Sobre n\u00f3s\"}]},{\"@type\":\"WebSite\",\"@id\":\"https:\/\/doinn.co\/pt-pt\/#website\",\"url\":\"https:\/\/doinn.co\/pt-pt\/\",\"name\":\"Doinn: Housekeeping Operations Made Simple\",\"description\":\"\",\"publisher\":{\"@id\":\"https:\/\/doinn.co\/pt-pt\/#organization\"},\"potentialAction\":[{\"@type\":\"SearchAction\",\"target\":{\"@type\":\"EntryPoint\",\"urlTemplate\":\"https:\/\/doinn.co\/pt-pt\/?s={search_term_string}\"},\"query-input\":{\"@type\":\"PropertyValueSpecification\",\"valueRequired\":true,\"valueName\":\"search_term_string\"}}],\"inLanguage\":\"pt-PT\"},{\"@type\":\"Organization\",\"@id\":\"https:\/\/doinn.co\/pt-pt\/#organization\",\"name\":\"Doinn: Housekeeping Operations Made Simple\",\"url\":\"https:\/\/doinn.co\/pt-pt\/\",\"logo\":{\"@type\":\"ImageObject\",\"inLanguage\":\"pt-PT\",\"@id\":\"https:\/\/doinn.co\/pt-pt\/#\/schema\/logo\/image\/\",\"url\":\"\",\"contentUrl\":\"\",\"caption\":\"Doinn: Housekeeping Operations Made Simple\"},\"image\":{\"@id\":\"https:\/\/doinn.co\/pt-pt\/#\/schema\/logo\/image\/\"},\"sameAs\":[\"https:\/\/www.facebook.com\/doinn.co\",\"https:\/\/x.com\/doinnco\",\"https:\/\/www.instagram.com\/doinn.co\",\"https:\/\/www.linkedin.com\/company\/doinn\"]}]}<\/script>\n<!-- \/ Yoast SEO plugin. -->","yoast_head_json":{"title":"Doinn - Sobre n\u00f3s","robots":{"index":"index","follow":"follow","max-snippet":"max-snippet:-1","max-image-preview":"max-image-preview:large","max-video-preview":"max-video-preview:-1"},"canonical":"https:\/\/doinn.co\/pt-pt\/sobre-nos\/","og_locale":"pt_PT","og_type":"article","og_title":"Doinn - Sobre n\u00f3s","og_url":"https:\/\/doinn.co\/pt-pt\/sobre-nos\/","og_site_name":"Doinn","article_publisher":"https:\/\/www.facebook.com\/doinn.co","article_modified_time":"2023-05-30T11:09:59+00:00","og_image":[{"width":1024,"height":576,"url":"https:\/\/doinn.co\/wp-content\/uploads\/2022\/12\/Fondo_2-3-1024x576.png","type":"image\/png"}],"twitter_card":"summary_large_image","twitter_site":"@doinnco","schema":{"@context":"https:\/\/schema.org","@graph":[{"@type":"WebPage","@id":"https:\/\/doinn.co\/pt-pt\/sobre-nos\/","url":"https:\/\/doinn.co\/pt-pt\/sobre-nos\/","name":"Doinn - Sobre n\u00f3s","isPartOf":{"@id":"https:\/\/doinn.co\/pt-pt\/#website"},"primaryImageOfPage":{"@id":"https:\/\/doinn.co\/pt-pt\/sobre-nos\/#primaryimage"},"image":{"@id":"https:\/\/doinn.co\/pt-pt\/sobre-nos\/#primaryimage"},"thumbnailUrl":"https:\/\/doinn.co\/wp-content\/uploads\/2022\/12\/Fondo_2-3.png","datePublished":"2022-10-31T15:39:12+00:00","dateModified":"2023-05-30T11:09:59+00:00","breadcrumb":{"@id":"https:\/\/doinn.co\/pt-pt\/sobre-nos\/#breadcrumb"},"inLanguage":"pt-PT","potentialAction":[{"@type":"ReadAction","target":["https:\/\/doinn.co\/pt-pt\/sobre-nos\/"]}]},{"@type":"ImageObject","inLanguage":"pt-PT","@id":"https:\/\/doinn.co\/pt-pt\/sobre-nos\/#primaryimage","url":"https:\/\/doinn.co\/wp-content\/uploads\/2022\/12\/Fondo_2-3.png","contentUrl":"https:\/\/doinn.co\/wp-content\/uploads\/2022\/12\/Fondo_2-3.png","width":8000,"height":4500},{"@type":"BreadcrumbList","@id":"https:\/\/doinn.co\/pt-pt\/sobre-nos\/#breadcrumb","itemListElement":[{"@type":"ListItem","position":1,"name":"Home","item":"https:\/\/doinn.co\/pt-pt\/"},{"@type":"ListItem","position":2,"name":"Sobre n\u00f3s"}]},{"@type":"WebSite","@id":"https:\/\/doinn.co\/pt-pt\/#website","url":"https:\/\/doinn.co\/pt-pt\/","name":"Doinn: Housekeeping Operations Made Simple","description":"","publisher":{"@id":"https:\/\/doinn.co\/pt-pt\/#organization"},"potentialAction":[{"@type":"SearchAction","target":{"@type":"EntryPoint","urlTemplate":"https:\/\/doinn.co\/pt-pt\/?s={search_term_string}"},"query-input":{"@type":"PropertyValueSpecification","valueRequired":true,"valueName":"search_term_string"}}],"inLanguage":"pt-PT"},{"@type":"Organization","@id":"https:\/\/doinn.co\/pt-pt\/#organization","name":"Doinn: Housekeeping Operations Made Simple","url":"https:\/\/doinn.co\/pt-pt\/","logo":{"@type":"ImageObject","inLanguage":"pt-PT","@id":"https:\/\/doinn.co\/pt-pt\/#\/schema\/logo\/image\/","url":"","contentUrl":"","caption":"Doinn: Housekeeping Operations Made Simple"},"image":{"@id":"https:\/\/doinn.co\/pt-pt\/#\/schema\/logo\/image\/"},"sameAs":["https:\/\/www.facebook.com\/doinn.co","https:\/\/x.com\/doinnco","https:\/\/www.instagram.com\/doinn.co","https:\/\/www.linkedin.com\/company\/doinn"]}]}},"_links":{"self":[{"href":"https:\/\/doinn.co\/pt-pt\/wp-json\/wp\/v2\/pages\/4909","targetHints":{"allow":["GET"]}}],"collection":[{"href":"https:\/\/doinn.co\/pt-pt\/wp-json\/wp\/v2\/pages"}],"about":[{"href":"https:\/\/doinn.co\/pt-pt\/wp-json\/wp\/v2\/types\/page"}],"author":[{"embeddable":true,"href":"https:\/\/doinn.co\/pt-pt\/wp-json\/wp\/v2\/users\/2"}],"replies":[{"embeddable":true,"href":"https:\/\/doinn.co\/pt-pt\/wp-json\/wp\/v2\/comments?post=4909"}],"version-history":[{"count":5,"href":"https:\/\/doinn.co\/pt-pt\/wp-json\/wp\/v2\/pages\/4909\/revisions"}],"predecessor-version":[{"id":7648,"href":"https:\/\/doinn.co\/pt-pt\/wp-json\/wp\/v2\/pages\/4909\/revisions\/7648"}],"wp:featuredmedia":[{"embeddable":true,"href":"https:\/\/doinn.co\/pt-pt\/wp-json\/wp\/v2\/media\/4268"}],"wp:attachment":[{"href":"https:\/\/doinn.co\/pt-pt\/wp-json\/wp\/v2\/media?parent=4909"}],"curies":[{"name":"wp","href":"https:\/\/api.w.org\/{rel}","templated":true}]}}