{"id":16898,"date":"2024-10-17T16:32:37","date_gmt":"2024-10-17T16:32:37","guid":{"rendered":"https:\/\/doinn.co\/test-demo\/"},"modified":"2024-11-15T09:47:22","modified_gmt":"2024-11-15T09:47:22","slug":"book-demo","status":"publish","type":"page","link":"https:\/\/doinn.co\/pt-br\/book-demo\/","title":{"rendered":"Book Demo"},"content":{"rendered":"\n<section class=\"wp-block-group alignfull demo-hero bk-pdl bk-pdr has-vertical-2-gradient-background has-background is-layout-constrained wp-block-group-is-layout-constrained\" id=\"go-form\">\n<div class=\"wp-block-columns alignwide is-layout-flex wp-container-core-columns-is-layout-9d6595d7 wp-block-columns-is-layout-flex\">\n<div class=\"wp-block-column c-l is-layout-flow wp-block-column-is-layout-flow\">\n<h1 class=\"wp-block-heading has-white-color has-text-color has-link-color wp-elements-1e72306bf2c453f3e07874c9c2baf20e\">Otimize suas Opera\u00e7\u00f5es de Aluguel de Temporada<\/h1>\n\n\n\n<p class=\"has-white-color has-text-color has-link-color wp-elements-1355e02779544aa8e46f033114a29dfa\">Economize at\u00e9 tr\u00eas vezes mais com nossos pacotes personalizados adequados a qualquer empresa.<\/p>\n\n\n\n<div class=\"wp-block-group is-layout-constrained wp-block-group-is-layout-constrained\">\n<p class=\"has-white-color has-text-color has-link-color wp-elements-9cc2dc3727d64d49e7d45d105cb6ea2a\"><strong>Recursos mais populares:<\/strong><\/p>\n\n\n\n<ul class=\"is-style-check-aqua has-white-color has-text-color has-link-color wp-block-list wp-elements-055767ce6d7fcd9ab78d0c739a66e8f7\">\n<li>Automa\u00e7\u00f5es de limpezas ilimitadas sincronizando suas reservas por meio do Ical ou PMS<\/li>\n\n\n\n<li>Atribui\u00e7\u00e3o de tarefas no momento certo e revis\u00e3o de todas as tarefas no painel de controle<\/li>\n\n\n\n<li>Sinaliza\u00e7\u00e3o de prioridade em propriedades com check-ins e check-outs no mesmo dia<\/li>\n\n\n\n<li>Notifica\u00e7\u00f5es em tempo real por meio do aplicativo Doinn sobre notas de servi\u00e7o<\/li>\n\n\n\n<li>Carimbos de data e hora nas fotos: um carimbo exclusivo de data\/hora em tempo real a cada foto nova ou carregada no aplicativo Doinn<\/li>\n<\/ul>\n<\/div>\n<\/div>\n\n\n\n<div class=\"wp-block-column c-r has-white-background-color has-background is-layout-flow wp-block-column-is-layout-flow\" style=\"flex-basis:537px\">\n\n    \t\n    <div class=\"bk-block-hubspot\" >\n\n        <script  >\n\t\t\t\n            var sfdcCampaignId = '';\n\n\t\t\tvar obj_form_block = {\n\t\t\t\t'region': 'eu1',\n\t\t\t\t'portalId': '25967002',\n\t\t\t\t'formId': '6e10bf58-fa16-4ab6-a9e3-464aff5d48dd',\n\t\t\t\t'submitButtonClass': 'wp-block-button',\n\t\t\t\t'onFormReady': function (form, ctx){\n\t\t\t\t\t\/\/ bk_trakingForm.setValueInput();\n\t\t\t\t},\n\t\t\t\t'onFormSubmit': function (form){\n\t\t\t\t\twindow.dataLayer = window.dataLayer || [];\n\t\t\t\t\twindow.dataLayer.push({ \n                        'event' : '',\t\t\t\t\t\t\t\t\t\n                    });\n\t\t\t\t}\n\t\t\t};\n\n\t\t\tif (sfdcCampaignId) {\n\t\t\t\tobj_form_block.sfdcCampaignId = sfdcCampaignId;\n\t\t\t}\n\n            if (!window.hbspt) {\n                var script = document.createElement('script');\n                \/\/ script.async = true;\n                \/\/ script.defer = true;\n                script.src = 'https:\/\/js.hsforms.net\/forms\/v2.js';\n                document.body.appendChild(script);\n            }\n\n            setTimeout(function() {\n                if (window.hbspt) {\n                    hbspt.forms.create(obj_form_block);\n                }\n                \n            }, 1000);\n\n\t\t<\/script>\n    <\/div>\n\n <\/div>\n<\/div>\n<\/section>\n\n\n\n<section class=\"wp-block-group alignfull bk-slider-logos is-layout-constrained wp-block-group-is-layout-constrained\">\n<div class=\"wp-block-group alignwide row is-layout-constrained wp-block-group-is-layout-constrained\">\n<p>Com a confian\u00e7a de <strong>+1.000<\/strong><br>empresas em todo o mundo.<\/p>\n\n\n\n\n    <div class=\"bk-block-slider-logos\" >\n        <div class=\"slider-cn type-init\">\n        <picture>\n                            <img src=\"https:\/\/doinn.co\/wp-content\/uploads\/2024\/11\/YON-LIVING.png\" width=\"80\" height=\"60\" alt=\"YON LIVING\" loading=\"lazy\" decoding=\"async\"\/>\n                        <\/picture><picture>\n                            <img src=\"https:\/\/doinn.co\/wp-content\/uploads\/2024\/11\/ME.png\" width=\"80\" height=\"60\" alt=\"Me2 rentals\" loading=\"lazy\" decoding=\"async\"\/>\n                        <\/picture><picture>\n                            <img src=\"https:\/\/doinn.co\/wp-content\/uploads\/2024\/11\/VIVA.png\" width=\"80\" height=\"60\" alt=\"Viva Portugal\" loading=\"lazy\" decoding=\"async\"\/>\n                        <\/picture><picture>\n                            <img src=\"https:\/\/doinn.co\/wp-content\/uploads\/2024\/11\/HOSTICASA.png\" width=\"80\" height=\"60\" alt=\"HOSTICASA\" loading=\"lazy\" decoding=\"async\"\/>\n                        <\/picture><picture>\n                            <img src=\"https:\/\/doinn.co\/wp-content\/uploads\/2024\/11\/HABYT.png\" width=\"80\" height=\"60\" alt=\"HABYT CO-\u00d1IVING\" loading=\"lazy\" decoding=\"async\"\/>\n                        <\/picture><picture>\n                            <img src=\"https:\/\/doinn.co\/wp-content\/uploads\/2024\/11\/DEL-PARQUE-FLATS.png\" width=\"80\" height=\"60\" alt=\"DEL PARQUE FLATS\" loading=\"lazy\" decoding=\"async\"\/>\n                        <\/picture><picture>\n                            <img src=\"https:\/\/doinn.co\/wp-content\/uploads\/2024\/11\/CUBOS-HOLIDAY.png\" width=\"80\" height=\"60\" alt=\"Cubos Holiday Homes\" loading=\"lazy\" decoding=\"async\"\/>\n                        <\/picture><picture>\n                            <img src=\"https:\/\/doinn.co\/wp-content\/uploads\/2024\/11\/PRAIA.png\" width=\"80\" height=\"60\" alt=\"Praia Temporada BR\" loading=\"lazy\" decoding=\"async\"\/>\n                        <\/picture><picture>\n                            <img src=\"https:\/\/doinn.co\/wp-content\/uploads\/2024\/11\/One-Habitat.png\" width=\"80\" height=\"60\" alt=\"One Habitat\" loading=\"lazy\" decoding=\"async\"\/>\n                        <\/picture><picture>\n                            <img src=\"https:\/\/doinn.co\/wp-content\/uploads\/2024\/11\/BE-MATE.png\" width=\"80\" height=\"60\" alt=\"Be Mate\" loading=\"lazy\" decoding=\"async\"\/>\n                        <\/picture><picture>\n                            <img src=\"https:\/\/doinn.co\/wp-content\/uploads\/2024\/11\/OMAR-DO-RIO.png\" width=\"80\" height=\"60\" alt=\"OMAR DO RIO\" loading=\"lazy\" decoding=\"async\"\/>\n                        <\/picture><picture>\n                            <img src=\"https:\/\/doinn.co\/wp-content\/uploads\/2024\/11\/OLALA-HOMES.png\" width=\"80\" height=\"60\" alt=\"OLALA HOMES\" loading=\"lazy\" decoding=\"async\"\/>\n                        <\/picture>        <\/div>\n\n    <\/div>\n\n<\/div>\n<\/section>\n","protected":false},"excerpt":{"rendered":"<p>Otimize suas Opera\u00e7\u00f5es de Aluguel de Temporada Economize at\u00e9 tr\u00eas vezes mais com nossos pacotes personalizados adequados a qualquer empresa&#8230;.<\/p>\n","protected":false},"author":14,"featured_media":0,"parent":0,"menu_order":0,"comment_status":"closed","ping_status":"closed","template":"","meta":{"_acf_changed":false,"footnotes":""},"class_list":["post-16898","page","type-page","status-publish","hentry"],"acf":[],"yoast_head":"<!-- This site is optimized with the Yoast SEO plugin v27.2 - https:\/\/yoast.com\/product\/yoast-seo-wordpress\/ -->\n<title>Doinn - Book Demo<\/title>\n<meta name=\"robots\" content=\"index, follow, max-snippet:-1, max-image-preview:large, max-video-preview:-1\" \/>\n<link rel=\"canonical\" href=\"https:\/\/doinn.co\/pt-br\/book-demo\/\" \/>\n<meta property=\"og:locale\" content=\"pt_BR\" \/>\n<meta property=\"og:type\" content=\"article\" \/>\n<meta property=\"og:title\" content=\"Doinn - Book Demo\" \/>\n<meta property=\"og:description\" content=\"Otimize suas Opera\u00e7\u00f5es de Aluguel de Temporada Economize at\u00e9 tr\u00eas vezes mais com nossos pacotes personalizados adequados a qualquer empresa....\" \/>\n<meta property=\"og:url\" content=\"https:\/\/doinn.co\/pt-br\/book-demo\/\" \/>\n<meta property=\"og:site_name\" content=\"Doinn\" \/>\n<meta property=\"article:publisher\" content=\"https:\/\/www.facebook.com\/doinn.co\" \/>\n<meta property=\"article:modified_time\" content=\"2024-11-15T09:47:22+00:00\" \/>\n<meta name=\"twitter:card\" content=\"summary_large_image\" \/>\n<meta name=\"twitter:site\" content=\"@doinnco\" \/>\n<meta name=\"twitter:label1\" content=\"Est. tempo de leitura\" \/>\n\t<meta name=\"twitter:data1\" content=\"1 minuto\" \/>\n<script type=\"application\/ld+json\" class=\"yoast-schema-graph\">{\"@context\":\"https:\/\/schema.org\",\"@graph\":[{\"@type\":\"WebPage\",\"@id\":\"https:\/\/doinn.co\/pt-br\/book-demo\/\",\"url\":\"https:\/\/doinn.co\/pt-br\/book-demo\/\",\"name\":\"Doinn - Book Demo\",\"isPartOf\":{\"@id\":\"https:\/\/doinn.co\/pt-br\/#website\"},\"datePublished\":\"2024-10-17T16:32:37+00:00\",\"dateModified\":\"2024-11-15T09:47:22+00:00\",\"breadcrumb\":{\"@id\":\"https:\/\/doinn.co\/pt-br\/book-demo\/#breadcrumb\"},\"inLanguage\":\"pt-BR\",\"potentialAction\":[{\"@type\":\"ReadAction\",\"target\":[\"https:\/\/doinn.co\/pt-br\/book-demo\/\"]}]},{\"@type\":\"BreadcrumbList\",\"@id\":\"https:\/\/doinn.co\/pt-br\/book-demo\/#breadcrumb\",\"itemListElement\":[{\"@type\":\"ListItem\",\"position\":1,\"name\":\"Home\",\"item\":\"https:\/\/doinn.co\/pt-br\/\"},{\"@type\":\"ListItem\",\"position\":2,\"name\":\"Book Demo\"}]},{\"@type\":\"WebSite\",\"@id\":\"https:\/\/doinn.co\/pt-br\/#website\",\"url\":\"https:\/\/doinn.co\/pt-br\/\",\"name\":\"Doinn: Housekeeping Operations Made Simple\",\"description\":\"\",\"publisher\":{\"@id\":\"https:\/\/doinn.co\/pt-br\/#organization\"},\"potentialAction\":[{\"@type\":\"SearchAction\",\"target\":{\"@type\":\"EntryPoint\",\"urlTemplate\":\"https:\/\/doinn.co\/pt-br\/?s={search_term_string}\"},\"query-input\":{\"@type\":\"PropertyValueSpecification\",\"valueRequired\":true,\"valueName\":\"search_term_string\"}}],\"inLanguage\":\"pt-BR\"},{\"@type\":\"Organization\",\"@id\":\"https:\/\/doinn.co\/pt-br\/#organization\",\"name\":\"Doinn: Housekeeping Operations Made Simple\",\"url\":\"https:\/\/doinn.co\/pt-br\/\",\"logo\":{\"@type\":\"ImageObject\",\"inLanguage\":\"pt-BR\",\"@id\":\"https:\/\/doinn.co\/pt-br\/#\/schema\/logo\/image\/\",\"url\":\"\",\"contentUrl\":\"\",\"caption\":\"Doinn: Housekeeping Operations Made Simple\"},\"image\":{\"@id\":\"https:\/\/doinn.co\/pt-br\/#\/schema\/logo\/image\/\"},\"sameAs\":[\"https:\/\/www.facebook.com\/doinn.co\",\"https:\/\/x.com\/doinnco\",\"https:\/\/www.instagram.com\/doinn.co\",\"https:\/\/www.linkedin.com\/company\/doinn\"]}]}<\/script>\n<!-- \/ Yoast SEO plugin. -->","yoast_head_json":{"title":"Doinn - Book Demo","robots":{"index":"index","follow":"follow","max-snippet":"max-snippet:-1","max-image-preview":"max-image-preview:large","max-video-preview":"max-video-preview:-1"},"canonical":"https:\/\/doinn.co\/pt-br\/book-demo\/","og_locale":"pt_BR","og_type":"article","og_title":"Doinn - Book Demo","og_description":"Otimize suas Opera\u00e7\u00f5es de Aluguel de Temporada Economize at\u00e9 tr\u00eas vezes mais com nossos pacotes personalizados adequados a qualquer empresa....","og_url":"https:\/\/doinn.co\/pt-br\/book-demo\/","og_site_name":"Doinn","article_publisher":"https:\/\/www.facebook.com\/doinn.co","article_modified_time":"2024-11-15T09:47:22+00:00","twitter_card":"summary_large_image","twitter_site":"@doinnco","twitter_misc":{"Est. tempo de leitura":"1 minuto"},"schema":{"@context":"https:\/\/schema.org","@graph":[{"@type":"WebPage","@id":"https:\/\/doinn.co\/pt-br\/book-demo\/","url":"https:\/\/doinn.co\/pt-br\/book-demo\/","name":"Doinn - Book Demo","isPartOf":{"@id":"https:\/\/doinn.co\/pt-br\/#website"},"datePublished":"2024-10-17T16:32:37+00:00","dateModified":"2024-11-15T09:47:22+00:00","breadcrumb":{"@id":"https:\/\/doinn.co\/pt-br\/book-demo\/#breadcrumb"},"inLanguage":"pt-BR","potentialAction":[{"@type":"ReadAction","target":["https:\/\/doinn.co\/pt-br\/book-demo\/"]}]},{"@type":"BreadcrumbList","@id":"https:\/\/doinn.co\/pt-br\/book-demo\/#breadcrumb","itemListElement":[{"@type":"ListItem","position":1,"name":"Home","item":"https:\/\/doinn.co\/pt-br\/"},{"@type":"ListItem","position":2,"name":"Book Demo"}]},{"@type":"WebSite","@id":"https:\/\/doinn.co\/pt-br\/#website","url":"https:\/\/doinn.co\/pt-br\/","name":"Doinn: Housekeeping Operations Made Simple","description":"","publisher":{"@id":"https:\/\/doinn.co\/pt-br\/#organization"},"potentialAction":[{"@type":"SearchAction","target":{"@type":"EntryPoint","urlTemplate":"https:\/\/doinn.co\/pt-br\/?s={search_term_string}"},"query-input":{"@type":"PropertyValueSpecification","valueRequired":true,"valueName":"search_term_string"}}],"inLanguage":"pt-BR"},{"@type":"Organization","@id":"https:\/\/doinn.co\/pt-br\/#organization","name":"Doinn: Housekeeping Operations Made Simple","url":"https:\/\/doinn.co\/pt-br\/","logo":{"@type":"ImageObject","inLanguage":"pt-BR","@id":"https:\/\/doinn.co\/pt-br\/#\/schema\/logo\/image\/","url":"","contentUrl":"","caption":"Doinn: Housekeeping Operations Made Simple"},"image":{"@id":"https:\/\/doinn.co\/pt-br\/#\/schema\/logo\/image\/"},"sameAs":["https:\/\/www.facebook.com\/doinn.co","https:\/\/x.com\/doinnco","https:\/\/www.instagram.com\/doinn.co","https:\/\/www.linkedin.com\/company\/doinn"]}]}},"_links":{"self":[{"href":"https:\/\/doinn.co\/pt-br\/wp-json\/wp\/v2\/pages\/16898","targetHints":{"allow":["GET"]}}],"collection":[{"href":"https:\/\/doinn.co\/pt-br\/wp-json\/wp\/v2\/pages"}],"about":[{"href":"https:\/\/doinn.co\/pt-br\/wp-json\/wp\/v2\/types\/page"}],"author":[{"embeddable":true,"href":"https:\/\/doinn.co\/pt-br\/wp-json\/wp\/v2\/users\/14"}],"replies":[{"embeddable":true,"href":"https:\/\/doinn.co\/pt-br\/wp-json\/wp\/v2\/comments?post=16898"}],"version-history":[{"count":5,"href":"https:\/\/doinn.co\/pt-br\/wp-json\/wp\/v2\/pages\/16898\/revisions"}],"predecessor-version":[{"id":17529,"href":"https:\/\/doinn.co\/pt-br\/wp-json\/wp\/v2\/pages\/16898\/revisions\/17529"}],"wp:attachment":[{"href":"https:\/\/doinn.co\/pt-br\/wp-json\/wp\/v2\/media?parent=16898"}],"curies":[{"name":"wp","href":"https:\/\/api.w.org\/{rel}","templated":true}]}}