{"id":12687,"date":"2022-10-31T15:39:12","date_gmt":"2022-10-31T15:39:12","guid":{"rendered":"https:\/\/doinn.co\/quem-somos\/"},"modified":"2024-03-22T13:32:42","modified_gmt":"2024-03-22T13:32:42","slug":"quem-somos","status":"publish","type":"page","link":"https:\/\/doinn.co\/pt-br\/quem-somos\/","title":{"rendered":"Sobre n\u00f3s"},"content":{"rendered":"<div id=\"\" class=\"section-title container\" style=\"margin-bottom:96px;;margin-top:0px;margin-left:px;;margin-right:px\">\r\n    \r\n    \n<div class=\"block-title\">\n            <h1 class=\"title\" style=\"\">O que fazemos?<\/h1>\n    \n            <p style=\"\">Plataforma de opera\u00e7\u00f5es e servi\u00e7os de limpeza tudo-em-um.<\/p>\n    \n    <\/div>\r\n    \n<div class=\"block-buttons\">\n    \n    <\/div><\/div><div id=\"\" class=\"fifty-fifty container image-left block\" style=\"margin-bottom:px;;margin-top:px;margin-left:px;;margin-right:px\">\r\n    \r\n        <div class=\"cols cols-left\">\r\n            <img decoding=\"async\" src=\"https:\/\/doinn.co\/wp-content\/uploads\/2023\/04\/About-us-Why-are-we-doinn-it.png\" class=\"image\" alt=\"\">\r\n        <\/div>\r\n    \r\n    \r\n    <div class=\"cols cols-right\">\r\n        \r\n        \n<div class=\"block-title\">\n            <h2 class=\"title\" style=\"\">Por que estamos fazendo isso?<\/h2>\n    \n    \n            <p style=\"\">Tecnologia cont\u00ednua apoiada por pessoas.<br \/>\n<br \/>\nA semente da DOINN foi plantada em 2014, ap\u00f3s uma viagem pelo mundo com noites passadas em alugu\u00e9is de f\u00e9rias. Os fundadores logo perceberam que muitas das acomoda\u00e7\u00f5es em que se hospedavam n\u00e3o estavam \u00e0 altura de seus padr\u00f5es e viram uma oportunidade de melhorar a qualidade e o conforto das acomoda\u00e7\u00f5es locais por meio da tecnologia e dos fornecedores de limpeza de hot\u00e9is.<br \/>\n<br \/>\n<br \/>\nDesde ent\u00e3o, a Doinn se transformou em uma plataforma abrangente que ajuda os gerentes de propriedades e as empresas de limpeza e lavanderia a responder de forma eficaz a todas as necessidades operacionais relacionadas a acomoda\u00e7\u00f5es locais. Al\u00e9m disso, ele fornece an\u00e1lises detalhadas para que os usu\u00e1rios possam entender melhor como os clientes est\u00e3o interagindo com suas propriedades, o que lhes permite tomar decis\u00f5es informadas sobre novas contrata\u00e7\u00f5es, melhores pr\u00e1ticas etc.<\/p>\n    <\/div>        \n<div class=\"block-buttons\">\n    \n    <\/div>\r\n            <\/div>\r\n<\/div>\r\n<div id=\"\" class=\"fifty-fifty container image-right block\" style=\"margin-bottom:px;;margin-top:px;margin-left:px;;margin-right:px\">\r\n    \r\n        <div class=\"cols cols-left\">\r\n            <img decoding=\"async\" src=\"https:\/\/doinn.co\/wp-content\/uploads\/2023\/04\/About-us-Who-is-doinn-this.png\" class=\"image\" alt=\"\">\r\n        <\/div>\r\n    \r\n    \r\n    <div class=\"cols cols-right\">\r\n        \r\n        \n<div class=\"block-title\">\n            <h2 class=\"title\" style=\"\">Quem est\u00e1 fazendo isso? <\/h2>\n    \n    \n            <p style=\"\">Os Doinners s\u00e3o uma equipe de sonhadores e realizadores<br \/>\n<br \/>\nUma equipe equilibrada e diversificada de profissionais com habilidades e perspectivas complementares que se apoiam mutuamente para alcan\u00e7ar nossos objetivos.<br \/>\nCelebramos e apoiamos a diversidade e prosperamos nela para o benef\u00edcio de nossa equipe, nossos produtos e nossa comunidade.<\/p>\n    <\/div>        \n<div class=\"block-buttons\">\n    \n    <\/div>\r\n            <\/div>\r\n<\/div>\r\n\n<div class=\"wp-block-columns container spacing is-layout-flex wp-container-core-columns-is-layout-9d6595d7 wp-block-columns-is-layout-flex\"><\/div>\n\n<div class=\"wp-block-columns container spacing is-layout-flex wp-container-core-columns-is-layout-9d6595d7 wp-block-columns-is-layout-flex\"><\/div>\n<div id=\"\" class=\"data-grid container block\" style=\"margin-bottom:px;;margin-top:px;margin-left:px;;margin-right:px\">\r\n    \n<div class=\"block-title\">\n            <h2 class=\"title\" style=\"\">Por que fazer isso?<\/h2>\n    \n            <p style=\"\">Ferramentas de produtividade e an\u00e1lises inteligentes que transformam seus objetivos em realidade<\/p>\n    \n    <\/div>\r\n    <div class=\"cols\">\r\n                    <ul>\r\n                \r\n                    <li>\r\n                                                    <div class=\"icon\"><img loading=\"lazy\" decoding=\"async\" width=\"32\" height=\"32\" src=\"https:\/\/doinn.co\/wp-content\/uploads\/2023\/03\/quality-assurance.svg\" class=\"attachment-medium size-medium\" alt=\"\" \/><\/div>\r\n                                                \r\n                        <div class=\"title\">Garantia da Qualidade<\/div>\r\n\r\n                        <p class=\"description\">Processos de controle e ferramentas digitais que garantem resultados. Liberte-se da subjetividade e opini\u00f5es das avalia\u00e7\u00f5es e use nossos dados como prova de trabalho e como forma de analisar, medir e monitorar servi\u00e7os com base em um sistema de avalia\u00e7\u00e3o da qualidade.<\/p>\r\n                    <\/li>\r\n\r\n                \r\n                    <li>\r\n                                                    <div class=\"icon\"><img loading=\"lazy\" decoding=\"async\" width=\"32\" height=\"32\" src=\"https:\/\/doinn.co\/wp-content\/uploads\/2023\/03\/human-capital.svg\" class=\"attachment-medium size-medium\" alt=\"\" \/><\/div>\r\n                                                \r\n                        <div class=\"title\">Capital Humano \/ Trabalho<\/div>\r\n\r\n                        <p class=\"description\">O acompanhamento do desempenho facilitado. Identificar os colaboradores com melhor desempenho (tempo e custos) para aprender, compensar e implementar processos eficientes. Atrair e reter talentos, dar \u00e0 equipe a oportunidade de experimentar coisas novas e expandir constantemente suas habilidades com informa\u00e7\u00f5es baseadas em dados reais de seus servi\u00e7os.<\/p>\r\n                    <\/li>\r\n\r\n                \r\n                    <li>\r\n                                                    <div class=\"icon\"><img loading=\"lazy\" decoding=\"async\" width=\"32\" height=\"32\" src=\"https:\/\/doinn.co\/wp-content\/uploads\/2023\/03\/communications.svg\" class=\"attachment-medium size-medium\" alt=\"\" \/><\/div>\r\n                                                \r\n                        <div class=\"title\">Omni &#8211; Comunica\u00e7\u00e3o<\/div>\r\n\r\n                        <p class=\"description\">Nunca perca nenhuma informa\u00e7\u00e3o. Rastreie facilmente qualquer mensagem em todas as propriedades. Com uma pessoa ou grupo, use mensagens marcando usu\u00e1rios, servi\u00e7os ou propriedades para deixar sua mensagem clara. Permita que os membros da equipe leiam e escrevam em seu pr\u00f3prio idioma com nossas ferramentas de tradu\u00e7\u00e3o instant\u00e2nea.<\/p>\r\n                    <\/li>\r\n\r\n                \r\n                    <li>\r\n                                                    <div class=\"icon\"><img loading=\"lazy\" decoding=\"async\" width=\"32\" height=\"32\" src=\"https:\/\/doinn.co\/wp-content\/uploads\/2023\/03\/logistics.svg\" class=\"attachment-medium size-medium\" alt=\"\" \/><\/div>\r\n                                                \r\n                        <div class=\"title\">Log\u00edstica<\/div>\r\n\r\n                        <p class=\"description\">Visibilidade e planejamento contribuem para a agilidade geral da log\u00edstica. Colocar as equipes no campo para responder a problemas imprevistos e implementar solu\u00e7\u00f5es de forma r\u00e1pida e precisa. Atualize automaticamente as entregas quando as tarefas e os pedidos de servi\u00e7o forem conclu\u00eddos.<\/p>\r\n                    <\/li>\r\n\r\n                \r\n                    <li>\r\n                                                    <div class=\"icon\"><img loading=\"lazy\" decoding=\"async\" width=\"31\" height=\"32\" src=\"https:\/\/doinn.co\/wp-content\/uploads\/2023\/03\/time-optimization.svg\" class=\"attachment-medium size-medium\" alt=\"\" \/><\/div>\r\n                                                \r\n                        <div class=\"title\">Otimiza\u00e7\u00e3o do tempo<\/div>\r\n\r\n                        <p class=\"description\">Distribui\u00e7\u00e3o inteligente e otimiza\u00e7\u00e3o de tempo para equipes da linha de frente. Fluxos de trabalho baseados na f\u00f3rmula dos 5 elementos da Doinn: onde, quando, o que, como e quem. Atribua trabalho \u00e0 sua equipe e\/ou equipes subcontratadas.<\/p>\r\n                    <\/li>\r\n\r\n                \r\n                    <li>\r\n                                                    <div class=\"icon\"><img loading=\"lazy\" decoding=\"async\" width=\"32\" height=\"32\" src=\"https:\/\/doinn.co\/wp-content\/uploads\/2023\/03\/financials.svg\" class=\"attachment-medium size-medium\" alt=\"\" \/><\/div>\r\n                                                \r\n                        <div class=\"title\">Finan\u00e7as<\/div>\r\n\r\n                        <p class=\"description\">Recursos infinitos para crescer e escalar sua empresa. Obtenha uma vis\u00e3o geral para tomar decis\u00f5es baseadas em fatos, com um painel personalizado, gr\u00e1ficos de opera\u00e7\u00f5es e relat\u00f3rios. Tudo em um s\u00f3 lugar para uma ou v\u00e1rias cidades para um ou v\u00e1rios clientes e\/ou fornecedores<\/p>\r\n                    <\/li>\r\n\r\n                \r\n                    <li>\r\n                                                    <div class=\"icon\"><img loading=\"lazy\" decoding=\"async\" width=\"32\" height=\"32\" src=\"https:\/\/doinn.co\/wp-content\/uploads\/2023\/03\/data-dashboards.svg\" class=\"attachment-medium size-medium\" alt=\"\" \/><\/div>\r\n                                                \r\n                        <div class=\"title\">Pain\u00e9is informativos<\/div>\r\n\r\n                        <p class=\"description\">Aumente a visibilidade com pain\u00e9is de informa\u00e7\u00f5es. Otimize o desempenho e maximize as receitas com uma an\u00e1lise completa de informa\u00e7\u00f5es em tempo real, opera\u00e7\u00f5es previs\u00edveis e intelig\u00eancia de dados, para qualidade, estoques, RH, comunica\u00e7\u00f5es, log\u00edstica e finan\u00e7as<\/p>\r\n                    <\/li>\r\n\r\n                \r\n                    <li>\r\n                                                    <div class=\"icon\"><img loading=\"lazy\" decoding=\"async\" width=\"32\" height=\"32\" src=\"https:\/\/doinn.co\/wp-content\/uploads\/2023\/03\/real-time.svg\" class=\"attachment-medium size-medium\" alt=\"\" \/><\/div>\r\n                                                \r\n                        <div class=\"title\">Status do servi\u00e7o em tempo real<\/div>\r\n\r\n                        <p class=\"description\">Obtenha uma vis\u00e3o geral de cada tarefa e de todo o cen\u00e1rio di\u00e1rio de servi\u00e7os com o status dos trabalhos em tempo real e os relat\u00f3rios de limpeza. Maximize as receitas com o sistema inteligente de distribui\u00e7\u00e3o de tarefas e acompanhe o status de cada servi\u00e7o em tempo real.<\/p>\r\n                    <\/li>\r\n\r\n                            <\/ul>\r\n            <\/div>\r\n<\/div>\r\n<div id=\"\" class=\"container block\" style=\"margin-bottom:px;;margin-top:px;margin-left:px;;margin-right:px\">\r\n    <div class=\"small-banner container\" \r\n        style=\"border-radius:16px;background: #6F5EFF;box-shadow: 0px 0px 50px rgba(111,94,255,0.5);color: #ffffff;\"\r\n    >\r\n        \n<div class=\"block-title\">\n            <h2 class=\"title\" style=\"color: #ffffff;\">Pronto para come\u00e7ar?<\/h2>\n    \n    \n            <p style=\"color: #ffffff;\">14 dias de teste gratuito | N\u00e3o \u00e9 necess\u00e1rio cart\u00e3o de cr\u00e9dito<\/p>\n    <\/div>        \n<div class=\"block-buttons\">\n            <a \n            target=\"_self\" \n            href=\"https:\/\/app.doinn.co\/registration\" \n            class=\"button secondary lighter\" \n            style=\"\">\n                Come\u00e7ar gratuitamente        <\/a>\n    \n            <a \n            target=\"_self\" \n            href=\"https:\/\/share-eu1.hsforms.com\/1HhBsHkK1RL263thuCcT6pAfgk9m\" \n            class=\"button outlined\" \n            style=\"\">\n                   \n                Fale conosco            <\/a>\n    <\/div>    <\/div>\r\n<\/div>","protected":false},"excerpt":{"rendered":"","protected":false},"author":2,"featured_media":12688,"parent":0,"menu_order":0,"comment_status":"closed","ping_status":"closed","template":"template-internal-page.php","meta":{"_acf_changed":false,"footnotes":""},"class_list":["post-12687","page","type-page","status-publish","has-post-thumbnail","hentry"],"acf":[],"yoast_head":"<!-- This site is optimized with the Yoast SEO plugin v27.2 - https:\/\/yoast.com\/product\/yoast-seo-wordpress\/ -->\n<title>Doinn - Sobre n\u00f3s<\/title>\n<meta name=\"robots\" content=\"index, follow, max-snippet:-1, max-image-preview:large, max-video-preview:-1\" \/>\n<link rel=\"canonical\" href=\"https:\/\/doinn.co\/pt-br\/quem-somos\/\" \/>\n<meta property=\"og:locale\" content=\"pt_BR\" \/>\n<meta property=\"og:type\" content=\"article\" \/>\n<meta property=\"og:title\" content=\"Doinn - Sobre n\u00f3s\" \/>\n<meta property=\"og:url\" content=\"https:\/\/doinn.co\/pt-br\/quem-somos\/\" \/>\n<meta property=\"og:site_name\" content=\"Doinn\" \/>\n<meta property=\"article:publisher\" content=\"https:\/\/www.facebook.com\/doinn.co\" \/>\n<meta property=\"article:modified_time\" content=\"2024-03-22T13:32:42+00:00\" \/>\n<meta property=\"og:image\" content=\"https:\/\/doinn.co\/wp-content\/uploads\/2022\/12\/Fondo_2-3-1024x576.png\" \/>\n\t<meta property=\"og:image:width\" content=\"1024\" \/>\n\t<meta property=\"og:image:height\" content=\"576\" \/>\n\t<meta property=\"og:image:type\" content=\"image\/png\" \/>\n<meta name=\"twitter:card\" content=\"summary_large_image\" \/>\n<meta name=\"twitter:site\" content=\"@doinnco\" \/>\n<script type=\"application\/ld+json\" class=\"yoast-schema-graph\">{\"@context\":\"https:\/\/schema.org\",\"@graph\":[{\"@type\":\"WebPage\",\"@id\":\"https:\/\/doinn.co\/pt-br\/quem-somos\/\",\"url\":\"https:\/\/doinn.co\/pt-br\/quem-somos\/\",\"name\":\"Doinn - Sobre n\u00f3s\",\"isPartOf\":{\"@id\":\"https:\/\/doinn.co\/pt-br\/#website\"},\"primaryImageOfPage\":{\"@id\":\"https:\/\/doinn.co\/pt-br\/quem-somos\/#primaryimage\"},\"image\":{\"@id\":\"https:\/\/doinn.co\/pt-br\/quem-somos\/#primaryimage\"},\"thumbnailUrl\":\"https:\/\/doinn.co\/wp-content\/uploads\/2022\/12\/Fondo_2-3.png\",\"datePublished\":\"2022-10-31T15:39:12+00:00\",\"dateModified\":\"2024-03-22T13:32:42+00:00\",\"breadcrumb\":{\"@id\":\"https:\/\/doinn.co\/pt-br\/quem-somos\/#breadcrumb\"},\"inLanguage\":\"pt-BR\",\"potentialAction\":[{\"@type\":\"ReadAction\",\"target\":[\"https:\/\/doinn.co\/pt-br\/quem-somos\/\"]}]},{\"@type\":\"ImageObject\",\"inLanguage\":\"pt-BR\",\"@id\":\"https:\/\/doinn.co\/pt-br\/quem-somos\/#primaryimage\",\"url\":\"https:\/\/doinn.co\/wp-content\/uploads\/2022\/12\/Fondo_2-3.png\",\"contentUrl\":\"https:\/\/doinn.co\/wp-content\/uploads\/2022\/12\/Fondo_2-3.png\",\"width\":8000,\"height\":4500},{\"@type\":\"BreadcrumbList\",\"@id\":\"https:\/\/doinn.co\/pt-br\/quem-somos\/#breadcrumb\",\"itemListElement\":[{\"@type\":\"ListItem\",\"position\":1,\"name\":\"Home\",\"item\":\"https:\/\/doinn.co\/pt-br\/\"},{\"@type\":\"ListItem\",\"position\":2,\"name\":\"Sobre n\u00f3s\"}]},{\"@type\":\"WebSite\",\"@id\":\"https:\/\/doinn.co\/pt-br\/#website\",\"url\":\"https:\/\/doinn.co\/pt-br\/\",\"name\":\"Doinn: Housekeeping Operations Made Simple\",\"description\":\"\",\"publisher\":{\"@id\":\"https:\/\/doinn.co\/pt-br\/#organization\"},\"potentialAction\":[{\"@type\":\"SearchAction\",\"target\":{\"@type\":\"EntryPoint\",\"urlTemplate\":\"https:\/\/doinn.co\/pt-br\/?s={search_term_string}\"},\"query-input\":{\"@type\":\"PropertyValueSpecification\",\"valueRequired\":true,\"valueName\":\"search_term_string\"}}],\"inLanguage\":\"pt-BR\"},{\"@type\":\"Organization\",\"@id\":\"https:\/\/doinn.co\/pt-br\/#organization\",\"name\":\"Doinn: Housekeeping Operations Made Simple\",\"url\":\"https:\/\/doinn.co\/pt-br\/\",\"logo\":{\"@type\":\"ImageObject\",\"inLanguage\":\"pt-BR\",\"@id\":\"https:\/\/doinn.co\/pt-br\/#\/schema\/logo\/image\/\",\"url\":\"\",\"contentUrl\":\"\",\"caption\":\"Doinn: Housekeeping Operations Made Simple\"},\"image\":{\"@id\":\"https:\/\/doinn.co\/pt-br\/#\/schema\/logo\/image\/\"},\"sameAs\":[\"https:\/\/www.facebook.com\/doinn.co\",\"https:\/\/x.com\/doinnco\",\"https:\/\/www.instagram.com\/doinn.co\",\"https:\/\/www.linkedin.com\/company\/doinn\"]}]}<\/script>\n<!-- \/ Yoast SEO plugin. -->","yoast_head_json":{"title":"Doinn - Sobre n\u00f3s","robots":{"index":"index","follow":"follow","max-snippet":"max-snippet:-1","max-image-preview":"max-image-preview:large","max-video-preview":"max-video-preview:-1"},"canonical":"https:\/\/doinn.co\/pt-br\/quem-somos\/","og_locale":"pt_BR","og_type":"article","og_title":"Doinn - Sobre n\u00f3s","og_url":"https:\/\/doinn.co\/pt-br\/quem-somos\/","og_site_name":"Doinn","article_publisher":"https:\/\/www.facebook.com\/doinn.co","article_modified_time":"2024-03-22T13:32:42+00:00","og_image":[{"width":1024,"height":576,"url":"https:\/\/doinn.co\/wp-content\/uploads\/2022\/12\/Fondo_2-3-1024x576.png","type":"image\/png"}],"twitter_card":"summary_large_image","twitter_site":"@doinnco","schema":{"@context":"https:\/\/schema.org","@graph":[{"@type":"WebPage","@id":"https:\/\/doinn.co\/pt-br\/quem-somos\/","url":"https:\/\/doinn.co\/pt-br\/quem-somos\/","name":"Doinn - Sobre n\u00f3s","isPartOf":{"@id":"https:\/\/doinn.co\/pt-br\/#website"},"primaryImageOfPage":{"@id":"https:\/\/doinn.co\/pt-br\/quem-somos\/#primaryimage"},"image":{"@id":"https:\/\/doinn.co\/pt-br\/quem-somos\/#primaryimage"},"thumbnailUrl":"https:\/\/doinn.co\/wp-content\/uploads\/2022\/12\/Fondo_2-3.png","datePublished":"2022-10-31T15:39:12+00:00","dateModified":"2024-03-22T13:32:42+00:00","breadcrumb":{"@id":"https:\/\/doinn.co\/pt-br\/quem-somos\/#breadcrumb"},"inLanguage":"pt-BR","potentialAction":[{"@type":"ReadAction","target":["https:\/\/doinn.co\/pt-br\/quem-somos\/"]}]},{"@type":"ImageObject","inLanguage":"pt-BR","@id":"https:\/\/doinn.co\/pt-br\/quem-somos\/#primaryimage","url":"https:\/\/doinn.co\/wp-content\/uploads\/2022\/12\/Fondo_2-3.png","contentUrl":"https:\/\/doinn.co\/wp-content\/uploads\/2022\/12\/Fondo_2-3.png","width":8000,"height":4500},{"@type":"BreadcrumbList","@id":"https:\/\/doinn.co\/pt-br\/quem-somos\/#breadcrumb","itemListElement":[{"@type":"ListItem","position":1,"name":"Home","item":"https:\/\/doinn.co\/pt-br\/"},{"@type":"ListItem","position":2,"name":"Sobre n\u00f3s"}]},{"@type":"WebSite","@id":"https:\/\/doinn.co\/pt-br\/#website","url":"https:\/\/doinn.co\/pt-br\/","name":"Doinn: Housekeeping Operations Made Simple","description":"","publisher":{"@id":"https:\/\/doinn.co\/pt-br\/#organization"},"potentialAction":[{"@type":"SearchAction","target":{"@type":"EntryPoint","urlTemplate":"https:\/\/doinn.co\/pt-br\/?s={search_term_string}"},"query-input":{"@type":"PropertyValueSpecification","valueRequired":true,"valueName":"search_term_string"}}],"inLanguage":"pt-BR"},{"@type":"Organization","@id":"https:\/\/doinn.co\/pt-br\/#organization","name":"Doinn: Housekeeping Operations Made Simple","url":"https:\/\/doinn.co\/pt-br\/","logo":{"@type":"ImageObject","inLanguage":"pt-BR","@id":"https:\/\/doinn.co\/pt-br\/#\/schema\/logo\/image\/","url":"","contentUrl":"","caption":"Doinn: Housekeeping Operations Made Simple"},"image":{"@id":"https:\/\/doinn.co\/pt-br\/#\/schema\/logo\/image\/"},"sameAs":["https:\/\/www.facebook.com\/doinn.co","https:\/\/x.com\/doinnco","https:\/\/www.instagram.com\/doinn.co","https:\/\/www.linkedin.com\/company\/doinn"]}]}},"_links":{"self":[{"href":"https:\/\/doinn.co\/pt-br\/wp-json\/wp\/v2\/pages\/12687","targetHints":{"allow":["GET"]}}],"collection":[{"href":"https:\/\/doinn.co\/pt-br\/wp-json\/wp\/v2\/pages"}],"about":[{"href":"https:\/\/doinn.co\/pt-br\/wp-json\/wp\/v2\/types\/page"}],"author":[{"embeddable":true,"href":"https:\/\/doinn.co\/pt-br\/wp-json\/wp\/v2\/users\/2"}],"replies":[{"embeddable":true,"href":"https:\/\/doinn.co\/pt-br\/wp-json\/wp\/v2\/comments?post=12687"}],"version-history":[{"count":5,"href":"https:\/\/doinn.co\/pt-br\/wp-json\/wp\/v2\/pages\/12687\/revisions"}],"predecessor-version":[{"id":15197,"href":"https:\/\/doinn.co\/pt-br\/wp-json\/wp\/v2\/pages\/12687\/revisions\/15197"}],"wp:featuredmedia":[{"embeddable":true,"href":"https:\/\/doinn.co\/pt-br\/wp-json\/wp\/v2\/media\/12688"}],"wp:attachment":[{"href":"https:\/\/doinn.co\/pt-br\/wp-json\/wp\/v2\/media?parent=12687"}],"curies":[{"name":"wp","href":"https:\/\/api.w.org\/{rel}","templated":true}]}}