{"id":12420,"date":"2023-04-21T16:25:42","date_gmt":"2023-04-21T16:25:42","guid":{"rendered":"https:\/\/doinn.co\/aplicativo-doinn\/"},"modified":"2024-04-17T10:51:17","modified_gmt":"2024-04-17T10:51:17","slug":"aplicativo-doinn","status":"publish","type":"page","link":"https:\/\/doinn.co\/pt-br\/aplicativo-doinn\/","title":{"rendered":"Aplicativo Doinn"},"content":{"rendered":"<div id=\"\" class=\"section-title container\" style=\"margin-bottom:96px;;margin-top:0px;margin-left:px;;margin-right:px\">\r\n    \r\n    \n<div class=\"block-title\">\n            <h1 class=\"title\" style=\"\">Aplicativo Doinn<\/h1>\n    \n            <p style=\"\">Economize tempo valioso digitalizando comunica\u00e7\u00f5es<\/p>\n    \n    <\/div>\r\n    \n<div class=\"block-buttons\">\n    \n    <\/div><\/div><div id=\"\" class=\"fifty-fifty container image-left block\" style=\"margin-bottom:px;;margin-top:px;margin-left:px;;margin-right:px\">\r\n    \r\n        <div class=\"cols cols-left\">\r\n            <img decoding=\"async\" src=\"https:\/\/doinn.co\/wp-content\/uploads\/2023\/04\/Doinn-App-Get-sync.png\" class=\"image\" alt=\"\">\r\n        <\/div>\r\n    \r\n    \r\n    <div class=\"cols cols-right\">\r\n        \r\n        \n<div class=\"block-title\">\n            <h2 class=\"title\" style=\"\">Mantenha-se sincronizado<\/h2>\n    \n    \n            <p style=\"\">Centralize todas as mensagens no aplicativo e filtre-as por cliente, faxineiro, servi\u00e7o ou propriedade. Informe perfeitamente o status de cada servi\u00e7o, alertas de manuten\u00e7\u00e3o e solicite tempo extra ou roupa de cama quando necess\u00e1rio.<br \/>\n<br \/>\nPermita que todos os membros da equipe recebam informa\u00e7\u00f5es e mensagens em tempo real.<br \/>\n<br \/>\nRastreie facilmente qualquer atualiza\u00e7\u00e3o, sem perder uma \u00fanica informa\u00e7\u00e3o.<\/p>\n    <\/div>        \n<div class=\"block-buttons\">\n    \n    <\/div>\r\n            <\/div>\r\n<\/div>\r\n<div id=\"\" class=\"fifty-fifty container image-left block\" style=\"margin-bottom:px;;margin-top:px;margin-left:px;;margin-right:px\">\r\n    \r\n        <div class=\"cols cols-left\">\r\n            <img decoding=\"async\" src=\"https:\/\/doinn.co\/wp-content\/uploads\/2023\/04\/Doinn-App-Get-real-time.png\" class=\"image\" alt=\"\">\r\n        <\/div>\r\n    \r\n    \r\n    <div class=\"cols cols-right\">\r\n        \r\n        \n<div class=\"block-title\">\n            <h2 class=\"title\" style=\"\">Obtenha relat\u00f3rios em tempo real sobre o status das tarefas e a limpeza<\/h2>\n    \n    \n            <p style=\"\">Maximize as margens com o sistema inteligente de despacho de tarefas e acompanhe o status de cada servi\u00e7o em tempo real.<\/p>\n    <\/div>        \n<div class=\"block-buttons\">\n    \n    <\/div>\r\n            <\/div>\r\n<\/div>\r\n<div id=\"\" class=\"fifty-fifty container image-left block\" style=\"margin-bottom:px;;margin-top:px;margin-left:px;;margin-right:px\">\r\n    \r\n        <div class=\"cols cols-left\">\r\n            <img decoding=\"async\" src=\"https:\/\/doinn.co\/wp-content\/uploads\/2023\/04\/Doinn-App-Translation-tools.png\" class=\"image\" alt=\"\">\r\n        <\/div>\r\n    \r\n    \r\n    <div class=\"cols cols-right\">\r\n        \r\n        \n<div class=\"block-title\">\n            <h2 class=\"title\" style=\"\">Ferramentas de tradu\u00e7\u00e3o<\/h2>\n    \n    \n            <p style=\"\">Contrate v\u00e1rias empresas de limpeza e continue a verificar se h\u00e1 danos materiais entre os h\u00f3spedes que enviam mensagens de texto em seu pr\u00f3prio idioma com o poder das ferramentas de tradu\u00e7\u00e3o inteligentes artificiais<br \/>\n<br \/>\nOs Doinners est\u00e3o muito orgulhosos do impacto social que est\u00e3o tendo ao quebrar a barreira do idioma.<br \/>\n<\/p>\n    <\/div>        \n<div class=\"block-buttons\">\n    \n    <\/div>\r\n            <\/div>\r\n<\/div>\r\n\r\n<div id=\"\" class=\"container block\" style=\"margin-bottom:px;;margin-top:px;margin-left:px;;margin-right:px\">\r\n    <div class=\"small-banner container\" \r\n        style=\"border-radius:16px;background: #6F5EFF;box-shadow: 0px 0px 50px rgba(111,94,255,0.5);color: #ffffff;\"\r\n    >\r\n        \n<div class=\"block-title\">\n            <h2 class=\"title\" style=\"color: #ffffff;\">Baixe nosso aplicativo<\/h2>\n    \n    \n    <\/div>        \n<div class=\"block-buttons\">\n            <a \n            target=\"_self\" \n            href=\"https:\/\/play.google.com\/store\/apps\/details?id=co.doinn.vendorapp&amp;hl=en&amp;gl=US&amp;pli=1\" \n            class=\"button secondary lighter\" \n            style=\"\">\n                Baixe o aplicativo        <\/a>\n    \n    <\/div>    <\/div>\r\n<\/div>","protected":false},"excerpt":{"rendered":"","protected":false},"author":2,"featured_media":12421,"parent":0,"menu_order":0,"comment_status":"closed","ping_status":"closed","template":"template-internal-page.php","meta":{"_acf_changed":false,"footnotes":""},"class_list":["post-12420","page","type-page","status-publish","has-post-thumbnail","hentry"],"acf":[],"yoast_head":"<!-- This site is optimized with the Yoast SEO plugin v27.2 - https:\/\/yoast.com\/product\/yoast-seo-wordpress\/ -->\n<title>Doinn - Aplicativo Doinn<\/title>\n<meta name=\"robots\" content=\"index, follow, max-snippet:-1, max-image-preview:large, max-video-preview:-1\" \/>\n<link rel=\"canonical\" href=\"https:\/\/doinn.co\/pt-br\/aplicativo-doinn\/\" \/>\n<meta property=\"og:locale\" content=\"pt_BR\" \/>\n<meta property=\"og:type\" content=\"article\" \/>\n<meta property=\"og:title\" content=\"Doinn - Aplicativo Doinn\" \/>\n<meta property=\"og:url\" content=\"https:\/\/doinn.co\/pt-br\/aplicativo-doinn\/\" \/>\n<meta property=\"og:site_name\" content=\"Doinn\" \/>\n<meta property=\"article:publisher\" content=\"https:\/\/www.facebook.com\/doinn.co\" \/>\n<meta property=\"article:modified_time\" content=\"2024-04-17T10:51:17+00:00\" \/>\n<meta property=\"og:image\" content=\"https:\/\/doinn.co\/wp-content\/uploads\/2023\/04\/Resources-01.png\" \/>\n\t<meta property=\"og:image:width\" content=\"302\" \/>\n\t<meta property=\"og:image:height\" content=\"180\" \/>\n\t<meta property=\"og:image:type\" content=\"image\/png\" \/>\n<meta name=\"twitter:card\" content=\"summary_large_image\" \/>\n<meta name=\"twitter:site\" content=\"@doinnco\" \/>\n<script type=\"application\/ld+json\" class=\"yoast-schema-graph\">{\"@context\":\"https:\/\/schema.org\",\"@graph\":[{\"@type\":\"WebPage\",\"@id\":\"https:\/\/doinn.co\/pt-br\/aplicativo-doinn\/\",\"url\":\"https:\/\/doinn.co\/pt-br\/aplicativo-doinn\/\",\"name\":\"Doinn - Aplicativo Doinn\",\"isPartOf\":{\"@id\":\"https:\/\/doinn.co\/pt-br\/#website\"},\"primaryImageOfPage\":{\"@id\":\"https:\/\/doinn.co\/pt-br\/aplicativo-doinn\/#primaryimage\"},\"image\":{\"@id\":\"https:\/\/doinn.co\/pt-br\/aplicativo-doinn\/#primaryimage\"},\"thumbnailUrl\":\"https:\/\/doinn.co\/wp-content\/uploads\/2023\/04\/Resources-01.png\",\"datePublished\":\"2023-04-21T16:25:42+00:00\",\"dateModified\":\"2024-04-17T10:51:17+00:00\",\"breadcrumb\":{\"@id\":\"https:\/\/doinn.co\/pt-br\/aplicativo-doinn\/#breadcrumb\"},\"inLanguage\":\"pt-BR\",\"potentialAction\":[{\"@type\":\"ReadAction\",\"target\":[\"https:\/\/doinn.co\/pt-br\/aplicativo-doinn\/\"]}]},{\"@type\":\"ImageObject\",\"inLanguage\":\"pt-BR\",\"@id\":\"https:\/\/doinn.co\/pt-br\/aplicativo-doinn\/#primaryimage\",\"url\":\"https:\/\/doinn.co\/wp-content\/uploads\/2023\/04\/Resources-01.png\",\"contentUrl\":\"https:\/\/doinn.co\/wp-content\/uploads\/2023\/04\/Resources-01.png\",\"width\":302,\"height\":180},{\"@type\":\"BreadcrumbList\",\"@id\":\"https:\/\/doinn.co\/pt-br\/aplicativo-doinn\/#breadcrumb\",\"itemListElement\":[{\"@type\":\"ListItem\",\"position\":1,\"name\":\"Home\",\"item\":\"https:\/\/doinn.co\/pt-br\/\"},{\"@type\":\"ListItem\",\"position\":2,\"name\":\"Aplicativo Doinn\"}]},{\"@type\":\"WebSite\",\"@id\":\"https:\/\/doinn.co\/pt-br\/#website\",\"url\":\"https:\/\/doinn.co\/pt-br\/\",\"name\":\"Doinn: Housekeeping Operations Made Simple\",\"description\":\"\",\"publisher\":{\"@id\":\"https:\/\/doinn.co\/pt-br\/#organization\"},\"potentialAction\":[{\"@type\":\"SearchAction\",\"target\":{\"@type\":\"EntryPoint\",\"urlTemplate\":\"https:\/\/doinn.co\/pt-br\/?s={search_term_string}\"},\"query-input\":{\"@type\":\"PropertyValueSpecification\",\"valueRequired\":true,\"valueName\":\"search_term_string\"}}],\"inLanguage\":\"pt-BR\"},{\"@type\":\"Organization\",\"@id\":\"https:\/\/doinn.co\/pt-br\/#organization\",\"name\":\"Doinn: Housekeeping Operations Made Simple\",\"url\":\"https:\/\/doinn.co\/pt-br\/\",\"logo\":{\"@type\":\"ImageObject\",\"inLanguage\":\"pt-BR\",\"@id\":\"https:\/\/doinn.co\/pt-br\/#\/schema\/logo\/image\/\",\"url\":\"\",\"contentUrl\":\"\",\"caption\":\"Doinn: Housekeeping Operations Made Simple\"},\"image\":{\"@id\":\"https:\/\/doinn.co\/pt-br\/#\/schema\/logo\/image\/\"},\"sameAs\":[\"https:\/\/www.facebook.com\/doinn.co\",\"https:\/\/x.com\/doinnco\",\"https:\/\/www.instagram.com\/doinn.co\",\"https:\/\/www.linkedin.com\/company\/doinn\"]}]}<\/script>\n<!-- \/ Yoast SEO plugin. -->","yoast_head_json":{"title":"Doinn - Aplicativo Doinn","robots":{"index":"index","follow":"follow","max-snippet":"max-snippet:-1","max-image-preview":"max-image-preview:large","max-video-preview":"max-video-preview:-1"},"canonical":"https:\/\/doinn.co\/pt-br\/aplicativo-doinn\/","og_locale":"pt_BR","og_type":"article","og_title":"Doinn - Aplicativo Doinn","og_url":"https:\/\/doinn.co\/pt-br\/aplicativo-doinn\/","og_site_name":"Doinn","article_publisher":"https:\/\/www.facebook.com\/doinn.co","article_modified_time":"2024-04-17T10:51:17+00:00","og_image":[{"width":302,"height":180,"url":"https:\/\/doinn.co\/wp-content\/uploads\/2023\/04\/Resources-01.png","type":"image\/png"}],"twitter_card":"summary_large_image","twitter_site":"@doinnco","schema":{"@context":"https:\/\/schema.org","@graph":[{"@type":"WebPage","@id":"https:\/\/doinn.co\/pt-br\/aplicativo-doinn\/","url":"https:\/\/doinn.co\/pt-br\/aplicativo-doinn\/","name":"Doinn - Aplicativo Doinn","isPartOf":{"@id":"https:\/\/doinn.co\/pt-br\/#website"},"primaryImageOfPage":{"@id":"https:\/\/doinn.co\/pt-br\/aplicativo-doinn\/#primaryimage"},"image":{"@id":"https:\/\/doinn.co\/pt-br\/aplicativo-doinn\/#primaryimage"},"thumbnailUrl":"https:\/\/doinn.co\/wp-content\/uploads\/2023\/04\/Resources-01.png","datePublished":"2023-04-21T16:25:42+00:00","dateModified":"2024-04-17T10:51:17+00:00","breadcrumb":{"@id":"https:\/\/doinn.co\/pt-br\/aplicativo-doinn\/#breadcrumb"},"inLanguage":"pt-BR","potentialAction":[{"@type":"ReadAction","target":["https:\/\/doinn.co\/pt-br\/aplicativo-doinn\/"]}]},{"@type":"ImageObject","inLanguage":"pt-BR","@id":"https:\/\/doinn.co\/pt-br\/aplicativo-doinn\/#primaryimage","url":"https:\/\/doinn.co\/wp-content\/uploads\/2023\/04\/Resources-01.png","contentUrl":"https:\/\/doinn.co\/wp-content\/uploads\/2023\/04\/Resources-01.png","width":302,"height":180},{"@type":"BreadcrumbList","@id":"https:\/\/doinn.co\/pt-br\/aplicativo-doinn\/#breadcrumb","itemListElement":[{"@type":"ListItem","position":1,"name":"Home","item":"https:\/\/doinn.co\/pt-br\/"},{"@type":"ListItem","position":2,"name":"Aplicativo Doinn"}]},{"@type":"WebSite","@id":"https:\/\/doinn.co\/pt-br\/#website","url":"https:\/\/doinn.co\/pt-br\/","name":"Doinn: Housekeeping Operations Made Simple","description":"","publisher":{"@id":"https:\/\/doinn.co\/pt-br\/#organization"},"potentialAction":[{"@type":"SearchAction","target":{"@type":"EntryPoint","urlTemplate":"https:\/\/doinn.co\/pt-br\/?s={search_term_string}"},"query-input":{"@type":"PropertyValueSpecification","valueRequired":true,"valueName":"search_term_string"}}],"inLanguage":"pt-BR"},{"@type":"Organization","@id":"https:\/\/doinn.co\/pt-br\/#organization","name":"Doinn: Housekeeping Operations Made Simple","url":"https:\/\/doinn.co\/pt-br\/","logo":{"@type":"ImageObject","inLanguage":"pt-BR","@id":"https:\/\/doinn.co\/pt-br\/#\/schema\/logo\/image\/","url":"","contentUrl":"","caption":"Doinn: Housekeeping Operations Made Simple"},"image":{"@id":"https:\/\/doinn.co\/pt-br\/#\/schema\/logo\/image\/"},"sameAs":["https:\/\/www.facebook.com\/doinn.co","https:\/\/x.com\/doinnco","https:\/\/www.instagram.com\/doinn.co","https:\/\/www.linkedin.com\/company\/doinn"]}]}},"_links":{"self":[{"href":"https:\/\/doinn.co\/pt-br\/wp-json\/wp\/v2\/pages\/12420","targetHints":{"allow":["GET"]}}],"collection":[{"href":"https:\/\/doinn.co\/pt-br\/wp-json\/wp\/v2\/pages"}],"about":[{"href":"https:\/\/doinn.co\/pt-br\/wp-json\/wp\/v2\/types\/page"}],"author":[{"embeddable":true,"href":"https:\/\/doinn.co\/pt-br\/wp-json\/wp\/v2\/users\/2"}],"replies":[{"embeddable":true,"href":"https:\/\/doinn.co\/pt-br\/wp-json\/wp\/v2\/comments?post=12420"}],"version-history":[{"count":2,"href":"https:\/\/doinn.co\/pt-br\/wp-json\/wp\/v2\/pages\/12420\/revisions"}],"predecessor-version":[{"id":15862,"href":"https:\/\/doinn.co\/pt-br\/wp-json\/wp\/v2\/pages\/12420\/revisions\/15862"}],"wp:featuredmedia":[{"embeddable":true,"href":"https:\/\/doinn.co\/pt-br\/wp-json\/wp\/v2\/media\/12421"}],"wp:attachment":[{"href":"https:\/\/doinn.co\/pt-br\/wp-json\/wp\/v2\/media?parent=12420"}],"curies":[{"name":"wp","href":"https:\/\/api.w.org\/{rel}","templated":true}]}}