{"id":8877,"date":"2023-06-07T10:27:14","date_gmt":"2023-06-07T10:27:14","guid":{"rendered":"https:\/\/doinn.co\/partnerships\/"},"modified":"2024-04-17T10:56:45","modified_gmt":"2024-04-17T10:56:45","slug":"partnerships","status":"publish","type":"page","link":"https:\/\/doinn.co\/it\/partnerships\/","title":{"rendered":"Partnerships"},"content":{"rendered":"\r\n\r\n<div id=\"page-banner-small-bottom\" class=\"page-banner page-banner-medium\" style=\"background-image: url(https:\/\/doinn.co\/wp-content\/uploads\/2023\/05\/bg-03.jpg);;margin-bottom:px;;margin-top:px;margin-left:px;;margin-right:px\">\r\n    <div class=\"content container\">\r\n        <div class=\"headings one-column\">\r\n                            <h1 class=\"title \">\r\n                    Partnerships\r\n                    \r\n                    <!--  -->\r\n                    <\/h1>\r\n            \r\n        \r\n                            <div class=\"subtitle\">Quando collaboriamo con altri, uniamo le nostre risorse, conoscenze e competenze per creare qualcosa che \u00e8 pi\u00f9 grande della somma delle sue parti.<\/div>\r\n                        \r\n            \n<div class=\"block-buttons\">\n            <a \n            target=\"_self\" \n            href=\"https:\/\/app.doinn.co\/registration\" \n            class=\"button secondary lighter\" \n            style=\"\">\n                Inizia gratuitamente        <\/a>\n    \n            <a \n            target=\"1_self\" \n            href=\"https:\/\/share-eu1.hsforms.com\/1jguILMytT4SLXlAl_4k3agfgk9m\" \n            class=\"button outlined\" \n            style=\"\">\n                   \n                Parla con noi            <\/a>\n    <\/div>        <\/div>\r\n\r\n            <\/div>\r\n<\/div><div id=\"\" class=\"cards container block\"  style=\"margin-bottom:px;;margin-top:px;margin-left:px;;margin-right:px\">\r\n\r\n    \n<div class=\"block-title\">\n    \n    \n    <\/div>\r\n    <div class=\"content\">\r\n                    \r\n            <div class=\"item\" >\r\n                <div>\r\n                    <a aria-label=\"Card link\" target=\"_self\" href=\"\/partnerships\/alterhome-stays\/\">\r\n                        <div class=\"image\" style=\"background-image: url(https:\/\/doinn.co\/wp-content\/uploads\/2023\/06\/alterhome.jpg)\"><\/div>\r\n                    <\/a>\r\n\r\n                                            <div class=\"title\">Alterhome Stays<\/div>\r\n                    \r\n                                            <p class=\"description\">L&#8217;azienda spagnola Alterhome, grazie a 12 anni di esperienza, inizia ora un&#8217;altra fase del suo sviluppo professionale che l&#8217;ha portata a gestire pi\u00f9 di 1.000 immobili.<\/p>\r\n                                    <\/div>\r\n\r\n                                    <a class=\"button primary\" target=\"_self\" href=\"\/partnerships\/alterhome-stays\/\">Per saperne di pi\u00f9<\/a>\r\n                            <\/div>\r\n\r\n            \r\n            <div class=\"item\" >\r\n                <div>\r\n                    <a aria-label=\"Card link\" target=\"_self\" href=\"\/partnerships\/alterschool\/\">\r\n                        <div class=\"image\" style=\"background-image: url(https:\/\/doinn.co\/wp-content\/uploads\/2023\/06\/alterschool.jpg)\"><\/div>\r\n                    <\/a>\r\n\r\n                                            <div class=\"title\">Alterschool<\/div>\r\n                    \r\n                                            <p class=\"description\">AlterSchool sta cambiando il modo di fare formazione nel settore delle case vacanza, dando potere e fornendo strumenti a professionisti e imprenditori in modo che siano all&#8217;avanguardia nel settore.<\/p>\r\n                                    <\/div>\r\n\r\n                                    <a class=\"button primary\" target=\"_self\" href=\"\/partnerships\/alterschool\/\">Per saperne di pi\u00f9<\/a>\r\n                            <\/div>\r\n\r\n            \r\n            <div class=\"item\" >\r\n                <div>\r\n                    <a aria-label=\"Card link\" target=\"_self\" href=\"\/partnerships\/avaibook\/\">\r\n                        <div class=\"image\" style=\"background-image: url(https:\/\/doinn.co\/wp-content\/uploads\/2023\/04\/Integracoes-Avaibook.jpg)\"><\/div>\r\n                    <\/a>\r\n\r\n                                            <div class=\"title\">Avaibook<\/div>\r\n                    \r\n                                            <p class=\"description\">Con strumenti semplici per automatizzare la gestione, moltiplicare le prenotazioni e aumentare i profitti.<\/p>\r\n                                    <\/div>\r\n\r\n                                    <a class=\"button primary\" target=\"_self\" href=\"\/partnerships\/avaibook\/\">Per saperne di pi\u00f9<\/a>\r\n                            <\/div>\r\n\r\n            \r\n            <div class=\"item\" >\r\n                <div>\r\n                    <a aria-label=\"Card link\" target=\"_self\" href=\"\/partnerships\/avantio\/\">\r\n                        <div class=\"image\" style=\"background-image: url(https:\/\/doinn.co\/wp-content\/uploads\/2023\/04\/Integracoes-Avantio.jpg)\"><\/div>\r\n                    <\/a>\r\n\r\n                                            <div class=\"title\">Avantio<\/div>\r\n                    \r\n                                            <p class=\"description\">Doinn e Avantio si sono uniti per offrire ai proprietari e ai gestori di immobili la migliore soluzione per la cura delle loro unit\u00e0. Con Avantio potrete occuparvi di tutte le vostre prenotazioni e con Doinn potrete gestire automaticamente le attivit\u00e0 di pulizia e di noleggio della biancheria.<\/p>\r\n                                    <\/div>\r\n\r\n                                    <a class=\"button primary\" target=\"_self\" href=\"\/partnerships\/avantio\/\">Per saperne di pi\u00f9<\/a>\r\n                            <\/div>\r\n\r\n            \r\n            <div class=\"item\" >\r\n                <div>\r\n                    <a aria-label=\"Card link\" target=\"_self\" href=\"\/partnerships\/fevitur\/\">\r\n                        <div class=\"image\" style=\"background-image: url(https:\/\/doinn.co\/wp-content\/uploads\/2023\/06\/fevitur.jpg)\"><\/div>\r\n                    <\/a>\r\n\r\n                                            <div class=\"title\">Fevitur<\/div>\r\n                    \r\n                                            <p class=\"description\">La Federazione spagnola delle associazioni di affittuari di case vacanza (FEVITUR) \u00e8 nata dall&#8217;impegno di 23 associazioni di appartamenti turistici e case vacanza che lavorano ogni giorno per offrire i migliori servizi ai propri associati.<\/p>\r\n                                    <\/div>\r\n\r\n                                    <a class=\"button primary\" target=\"_self\" href=\"\/partnerships\/fevitur\/\">Per saperne di pi\u00f9<\/a>\r\n                            <\/div>\r\n\r\n            \r\n            <div class=\"item\" >\r\n                <div>\r\n                    <a aria-label=\"Card link\" target=\"_self\" href=\"\/partnerships\/homeit\/\">\r\n                        <div class=\"image\" style=\"background-image: url(https:\/\/doinn.co\/wp-content\/uploads\/2023\/06\/homeit.jpg)\"><\/div>\r\n                    <\/a>\r\n\r\n                                            <div class=\"title\">HomeIT<\/div>\r\n                    \r\n                                            <p class=\"description\">Le soluzioni di smart lock universali di Homeit si adattano a qualsiasi porta e si integrano con le serrature esistenti e nuove presenti sul mercato. La loro soluzione di serratura intelligente sta trasformando gli accessi tradizionali offrendo opzioni di integrazione universali avanzate che consentono di scegliere come connettersi.<\/p>\r\n                                    <\/div>\r\n\r\n                                    <a class=\"button primary\" target=\"_self\" href=\"\/partnerships\/homeit\/\">Per saperne di pi\u00f9<\/a>\r\n                            <\/div>\r\n\r\n            \r\n            <div class=\"item\" >\r\n                <div>\r\n                    <a aria-label=\"Card link\" target=\"_self\" href=\"\/partnerships\/luggit\/\">\r\n                        <div class=\"image\" style=\"background-image: url(https:\/\/doinn.co\/wp-content\/uploads\/2023\/06\/luggit.jpg)\"><\/div>\r\n                    <\/a>\r\n\r\n                                            <div class=\"title\">LUGGit<\/div>\r\n                    \r\n                                            <p class=\"description\">Grazie a LUGGit, gli ospiti possono richiedere un Keeper (autista) che ritiri il bagaglio nel luogo in cui si trova l&#8217;ospite e lo conservi per il tempo necessario, per poi riconsegnarlo nel luogo e all&#8217;ora prescelti.<\/p>\r\n                                    <\/div>\r\n\r\n                                    <a class=\"button primary\" target=\"_self\" href=\"\/partnerships\/luggit\/\">Per saperne di pi\u00f9<\/a>\r\n                            <\/div>\r\n\r\n            \r\n            <div class=\"item\" >\r\n                <div>\r\n                    <a aria-label=\"Card link\" target=\"_self\" href=\"\/partnerships\/minut\/\">\r\n                        <div class=\"image\" style=\"background-image: url(https:\/\/doinn.co\/wp-content\/uploads\/2023\/06\/minut-1.jpg)\"><\/div>\r\n                    <\/a>\r\n\r\n                                            <div class=\"title\">Minut<\/div>\r\n                    \r\n                                            <p class=\"description\">Il sensore Minut monitora il rumore, l&#8217;occupazione, il movimento e la temperatura nelle propriet\u00e0 in affitto, aiutando i padroni di casa e i gestori a proteggere le loro case e a migliorare l&#8217;esperienza degli ospiti senza rinunciare alla loro privacy.<\/p>\r\n                                    <\/div>\r\n\r\n                                    <a class=\"button primary\" target=\"_self\" href=\"\/partnerships\/minut\/\">Per saperne di pi\u00f9<\/a>\r\n                            <\/div>\r\n\r\n            \r\n            <div class=\"item\" >\r\n                <div>\r\n                    <a aria-label=\"Card link\" target=\"_self\" href=\"\/partnerships\/travelnest\/\">\r\n                        <div class=\"image\" style=\"background-image: url(https:\/\/doinn.co\/wp-content\/uploads\/2023\/06\/travelnest.jpg)\"><\/div>\r\n                    <\/a>\r\n\r\n                                            <div class=\"title\">Travelnest<\/div>\r\n                    \r\n                                            <p class=\"description\">Travelnest \u00e8 una soluzione di marketing per le case vacanza. Lavoriamo con i singoli host e le aziende di case vacanza per aiutarli a creare annunci eccellenti che distribuiscono sui migliori siti di viaggio del mondo, tra cui Airbnb, Booking.com, Expedia, Vrbo, TripAdvisor, TUI e molti altri.<\/p>\r\n                                    <\/div>\r\n\r\n                                    <a class=\"button primary\" target=\"_self\" href=\"\/partnerships\/travelnest\/\">Per saperne di pi\u00f9<\/a>\r\n                            <\/div>\r\n\r\n            \r\n            <div class=\"item\" >\r\n                <div>\r\n                    <a aria-label=\"Card link\" target=\"_self\" href=\"\/partnerships\/welcomeasy\/\">\r\n                        <div class=\"image\" style=\"background-image: url(https:\/\/doinn.co\/wp-content\/uploads\/2023\/06\/welcomeasy.jpg)\"><\/div>\r\n                    <\/a>\r\n\r\n                                            <div class=\"title\">Welcomeasy<\/div>\r\n                    \r\n                                            <p class=\"description\">Riducete i costi e i tempi per il check-in degli ospiti nel vostro hotel e in tutte le strutture in affitto.<\/p>\r\n                                    <\/div>\r\n\r\n                                    <a class=\"button primary\" target=\"_self\" href=\"\/partnerships\/welcomeasy\/\">Per saperne di pi\u00f9<\/a>\r\n                            <\/div>\r\n\r\n            \r\n            <div class=\"item\" >\r\n                <div>\r\n                    <a aria-label=\"Card link\" target=\"_self\" href=\"\/partnerships\/bookiply\/\">\r\n                        <div class=\"image\" style=\"background-image: url(https:\/\/doinn.co\/wp-content\/uploads\/2023\/06\/bookiply.jpg)\"><\/div>\r\n                    <\/a>\r\n\r\n                                            <div class=\"title\">Bookiply<\/div>\r\n                    \r\n                                            <p class=\"description\">Essere un ospite \u00e8 finalmente facile. Bookiply \u00e8 la soluzione completa per la vostra attivit\u00e0 di affitto vacanze. Pubblicate la vostra propriet\u00e0 su oltre 12 portali principali e ricevete il supporto personale dei nostri esperti locali per aiutarvi a massimizzare le entrate, risparmiare tempo e rendere felici i vostri ospiti.  <\/p>\r\n                                    <\/div>\r\n\r\n                                    <a class=\"button primary\" target=\"_self\" href=\"\/partnerships\/bookiply\/\">Per saperne di pi\u00f9<\/a>\r\n                            <\/div>\r\n\r\n                    \r\n        <a class=\"button primary show-more\">Show more<\/a>\r\n        <a class=\"button primary show-less hide\">Show less<\/a>\r\n    <\/div>\r\n<\/div>","protected":false},"excerpt":{"rendered":"","protected":false},"author":8,"featured_media":0,"parent":0,"menu_order":0,"comment_status":"closed","ping_status":"closed","template":"","meta":{"_acf_changed":false,"footnotes":""},"class_list":["post-8877","page","type-page","status-publish","hentry"],"acf":[],"yoast_head":"<!-- This site is optimized with the Yoast SEO plugin v27.2 - https:\/\/yoast.com\/product\/yoast-seo-wordpress\/ -->\n<title>Doinn - Partnerships<\/title>\n<meta name=\"robots\" content=\"index, follow, max-snippet:-1, max-image-preview:large, max-video-preview:-1\" \/>\n<link rel=\"canonical\" href=\"https:\/\/doinn.co\/it\/partnerships\/\" \/>\n<meta property=\"og:locale\" content=\"it_IT\" \/>\n<meta property=\"og:type\" content=\"article\" \/>\n<meta property=\"og:title\" content=\"Doinn - Partnerships\" \/>\n<meta property=\"og:url\" content=\"https:\/\/doinn.co\/it\/partnerships\/\" \/>\n<meta property=\"og:site_name\" content=\"Doinn\" \/>\n<meta property=\"article:publisher\" content=\"https:\/\/www.facebook.com\/doinn.co\" \/>\n<meta property=\"article:modified_time\" content=\"2024-04-17T10:56:45+00:00\" \/>\n<meta name=\"twitter:card\" content=\"summary_large_image\" \/>\n<meta name=\"twitter:site\" content=\"@doinnco\" \/>\n<script type=\"application\/ld+json\" class=\"yoast-schema-graph\">{\"@context\":\"https:\/\/schema.org\",\"@graph\":[{\"@type\":\"WebPage\",\"@id\":\"https:\/\/doinn.co\/it\/partnerships\/\",\"url\":\"https:\/\/doinn.co\/it\/partnerships\/\",\"name\":\"Doinn - Partnerships\",\"isPartOf\":{\"@id\":\"https:\/\/doinn.co\/it\/#website\"},\"datePublished\":\"2023-06-07T10:27:14+00:00\",\"dateModified\":\"2024-04-17T10:56:45+00:00\",\"breadcrumb\":{\"@id\":\"https:\/\/doinn.co\/it\/partnerships\/#breadcrumb\"},\"inLanguage\":\"it-IT\",\"potentialAction\":[{\"@type\":\"ReadAction\",\"target\":[\"https:\/\/doinn.co\/it\/partnerships\/\"]}]},{\"@type\":\"BreadcrumbList\",\"@id\":\"https:\/\/doinn.co\/it\/partnerships\/#breadcrumb\",\"itemListElement\":[{\"@type\":\"ListItem\",\"position\":1,\"name\":\"Home\",\"item\":\"https:\/\/doinn.co\/it\/\"},{\"@type\":\"ListItem\",\"position\":2,\"name\":\"Partnerships\"}]},{\"@type\":\"WebSite\",\"@id\":\"https:\/\/doinn.co\/it\/#website\",\"url\":\"https:\/\/doinn.co\/it\/\",\"name\":\"Doinn: Housekeeping Operations Made Simple\",\"description\":\"\",\"publisher\":{\"@id\":\"https:\/\/doinn.co\/it\/#organization\"},\"potentialAction\":[{\"@type\":\"SearchAction\",\"target\":{\"@type\":\"EntryPoint\",\"urlTemplate\":\"https:\/\/doinn.co\/it\/?s={search_term_string}\"},\"query-input\":{\"@type\":\"PropertyValueSpecification\",\"valueRequired\":true,\"valueName\":\"search_term_string\"}}],\"inLanguage\":\"it-IT\"},{\"@type\":\"Organization\",\"@id\":\"https:\/\/doinn.co\/it\/#organization\",\"name\":\"Doinn: Housekeeping Operations Made Simple\",\"url\":\"https:\/\/doinn.co\/it\/\",\"logo\":{\"@type\":\"ImageObject\",\"inLanguage\":\"it-IT\",\"@id\":\"https:\/\/doinn.co\/it\/#\/schema\/logo\/image\/\",\"url\":\"\",\"contentUrl\":\"\",\"caption\":\"Doinn: Housekeeping Operations Made Simple\"},\"image\":{\"@id\":\"https:\/\/doinn.co\/it\/#\/schema\/logo\/image\/\"},\"sameAs\":[\"https:\/\/www.facebook.com\/doinn.co\",\"https:\/\/x.com\/doinnco\",\"https:\/\/www.instagram.com\/doinn.co\",\"https:\/\/www.linkedin.com\/company\/doinn\"]}]}<\/script>\n<!-- \/ Yoast SEO plugin. -->","yoast_head_json":{"title":"Doinn - Partnerships","robots":{"index":"index","follow":"follow","max-snippet":"max-snippet:-1","max-image-preview":"max-image-preview:large","max-video-preview":"max-video-preview:-1"},"canonical":"https:\/\/doinn.co\/it\/partnerships\/","og_locale":"it_IT","og_type":"article","og_title":"Doinn - Partnerships","og_url":"https:\/\/doinn.co\/it\/partnerships\/","og_site_name":"Doinn","article_publisher":"https:\/\/www.facebook.com\/doinn.co","article_modified_time":"2024-04-17T10:56:45+00:00","twitter_card":"summary_large_image","twitter_site":"@doinnco","schema":{"@context":"https:\/\/schema.org","@graph":[{"@type":"WebPage","@id":"https:\/\/doinn.co\/it\/partnerships\/","url":"https:\/\/doinn.co\/it\/partnerships\/","name":"Doinn - Partnerships","isPartOf":{"@id":"https:\/\/doinn.co\/it\/#website"},"datePublished":"2023-06-07T10:27:14+00:00","dateModified":"2024-04-17T10:56:45+00:00","breadcrumb":{"@id":"https:\/\/doinn.co\/it\/partnerships\/#breadcrumb"},"inLanguage":"it-IT","potentialAction":[{"@type":"ReadAction","target":["https:\/\/doinn.co\/it\/partnerships\/"]}]},{"@type":"BreadcrumbList","@id":"https:\/\/doinn.co\/it\/partnerships\/#breadcrumb","itemListElement":[{"@type":"ListItem","position":1,"name":"Home","item":"https:\/\/doinn.co\/it\/"},{"@type":"ListItem","position":2,"name":"Partnerships"}]},{"@type":"WebSite","@id":"https:\/\/doinn.co\/it\/#website","url":"https:\/\/doinn.co\/it\/","name":"Doinn: Housekeeping Operations Made Simple","description":"","publisher":{"@id":"https:\/\/doinn.co\/it\/#organization"},"potentialAction":[{"@type":"SearchAction","target":{"@type":"EntryPoint","urlTemplate":"https:\/\/doinn.co\/it\/?s={search_term_string}"},"query-input":{"@type":"PropertyValueSpecification","valueRequired":true,"valueName":"search_term_string"}}],"inLanguage":"it-IT"},{"@type":"Organization","@id":"https:\/\/doinn.co\/it\/#organization","name":"Doinn: Housekeeping Operations Made Simple","url":"https:\/\/doinn.co\/it\/","logo":{"@type":"ImageObject","inLanguage":"it-IT","@id":"https:\/\/doinn.co\/it\/#\/schema\/logo\/image\/","url":"","contentUrl":"","caption":"Doinn: Housekeeping Operations Made Simple"},"image":{"@id":"https:\/\/doinn.co\/it\/#\/schema\/logo\/image\/"},"sameAs":["https:\/\/www.facebook.com\/doinn.co","https:\/\/x.com\/doinnco","https:\/\/www.instagram.com\/doinn.co","https:\/\/www.linkedin.com\/company\/doinn"]}]}},"_links":{"self":[{"href":"https:\/\/doinn.co\/it\/wp-json\/wp\/v2\/pages\/8877","targetHints":{"allow":["GET"]}}],"collection":[{"href":"https:\/\/doinn.co\/it\/wp-json\/wp\/v2\/pages"}],"about":[{"href":"https:\/\/doinn.co\/it\/wp-json\/wp\/v2\/types\/page"}],"author":[{"embeddable":true,"href":"https:\/\/doinn.co\/it\/wp-json\/wp\/v2\/users\/8"}],"replies":[{"embeddable":true,"href":"https:\/\/doinn.co\/it\/wp-json\/wp\/v2\/comments?post=8877"}],"version-history":[{"count":5,"href":"https:\/\/doinn.co\/it\/wp-json\/wp\/v2\/pages\/8877\/revisions"}],"predecessor-version":[{"id":15895,"href":"https:\/\/doinn.co\/it\/wp-json\/wp\/v2\/pages\/8877\/revisions\/15895"}],"wp:attachment":[{"href":"https:\/\/doinn.co\/it\/wp-json\/wp\/v2\/media?parent=8877"}],"curies":[{"name":"wp","href":"https:\/\/api.w.org\/{rel}","templated":true}]}}