{"id":5239,"date":"2022-10-31T15:39:12","date_gmt":"2022-10-31T15:39:12","guid":{"rendered":"https:\/\/global.doinn.co\/chi-siamo\/"},"modified":"2024-02-21T11:30:47","modified_gmt":"2024-02-21T11:30:47","slug":"chi-siamo","status":"publish","type":"page","link":"https:\/\/doinn.co\/it\/chi-siamo\/","title":{"rendered":"Chi siamo"},"content":{"rendered":"<div id=\"\" class=\"section-title container\" style=\"margin-bottom:96px;;margin-top:0px;margin-left:px;;margin-right:px\">\r\n    \r\n    \n<div class=\"block-title\">\n            <h1 class=\"title\" style=\"\">Cosa stiamo facendo?<\/h1>\n    \n            <p style=\"\">Piattaforma di servizi e operazioni di housekeeping all-in-one.<\/p>\n    \n    <\/div>\r\n    \n<div class=\"block-buttons\">\n    \n    <\/div><\/div><div id=\"\" class=\"fifty-fifty container image-left block\" style=\"margin-bottom:px;;margin-top:px;margin-left:px;;margin-right:px\">\r\n    \r\n        <div class=\"cols cols-left\">\r\n            <img decoding=\"async\" src=\"https:\/\/doinn.co\/wp-content\/uploads\/2023\/04\/About-us-Why-are-we-doinn-it.png\" class=\"image\" alt=\"\">\r\n        <\/div>\r\n    \r\n    \r\n    <div class=\"cols cols-right\">\r\n        \r\n        \n<div class=\"block-title\">\n            <h2 class=\"title\" style=\"\">Perch\u00e9 lo facciamo?<\/h2>\n    \n    \n            <p style=\"\">Una tecnologia senza soluzione di continuit\u00e0 supportata da persone.<br \/>\n<br \/>\nIl seme di DOINN \u00e8 stato piantato nel 2014 dopo un viaggio per il mondo con notti trascorse in case vacanza. I fondatori hanno subito notato che molte delle strutture ricettive in cui hanno soggiornato non erano all&#8217;altezza dei loro standard e hanno intravisto l&#8217;opportunit\u00e0 di migliorare la qualit\u00e0 e il comfort delle strutture ricettive locali attraverso la tecnologia e i fornitori di servizi di pulizia degli hotel.<br \/>\n<br \/>\n<br \/>\nDa allora, Doinn si \u00e8 trasformata in una piattaforma completa che aiuta i gestori di immobili e le imprese di pulizia e lavanderia a rispondere efficacemente a tutte le esigenze operative legate alle strutture ricettive locali. Inoltre, fornisce analisi dettagliate che permettono agli utenti di capire meglio come i clienti interagiscono con le loro propriet\u00e0, consentendo loro di prendere decisioni ponderate rispetto a nuove assunzioni, best practice, ecc.<\/p>\n    <\/div>        \n<div class=\"block-buttons\">\n    \n    <\/div>\r\n            <\/div>\r\n<\/div>\r\n<div id=\"\" class=\"fifty-fifty container image-right block\" style=\"margin-bottom:px;;margin-top:px;margin-left:px;;margin-right:px\">\r\n    \r\n        <div class=\"cols cols-left\">\r\n            <img decoding=\"async\" src=\"https:\/\/doinn.co\/wp-content\/uploads\/2023\/04\/About-us-Who-is-doinn-this.png\" class=\"image\" alt=\"\">\r\n        <\/div>\r\n    \r\n    \r\n    <div class=\"cols cols-right\">\r\n        \r\n        \n<div class=\"block-title\">\n            <h2 class=\"title\" style=\"\">Chi sta facendo questo?  <\/h2>\n    \n    \n            <p style=\"\">I Doinner sono un team di sognatori e imprenditori<br \/>\n<br \/>\nUn team equilibrato e diversificato di professionisti con competenze e prospettive complementari che si sostengono a vicenda per raggiungere i nostri OKR.<br \/>\nCelebriamo e sosteniamo la diversit\u00e0 e la valorizziamo a vantaggio del team, dei prodotti e della comunit\u00e0.<\/p>\n    <\/div>        \n<div class=\"block-buttons\">\n    \n    <\/div>\r\n            <\/div>\r\n<\/div>\r\n\n<div class=\"wp-block-columns container spacing is-layout-flex wp-container-core-columns-is-layout-9d6595d7 wp-block-columns-is-layout-flex\"><\/div>\n\n<div class=\"wp-block-columns container spacing is-layout-flex wp-container-core-columns-is-layout-9d6595d7 wp-block-columns-is-layout-flex\"><\/div>\n<div id=\"\" class=\"data-grid container block\" style=\"margin-bottom:px;;margin-top:px;margin-left:px;;margin-right:px\">\r\n    \n<div class=\"block-title\">\n            <h2 class=\"title\" style=\"\">Perch\u00e9 Doinn<\/h2>\n    \n            <p style=\"\">Strumenti di produttivit\u00e0 e analisi intelligenti che trasformano i vostri obiettivi in realt\u00e0<\/p>\n    \n    <\/div>\r\n    <div class=\"cols\">\r\n                    <ul>\r\n                \r\n                    <li>\r\n                                                    <div class=\"icon\"><img loading=\"lazy\" decoding=\"async\" width=\"32\" height=\"32\" src=\"https:\/\/doinn.co\/wp-content\/uploads\/2023\/03\/quality-assurance.svg\" class=\"attachment-medium size-medium\" alt=\"\" \/><\/div>\r\n                                                \r\n                        <div class=\"title\">Garanzia di qualit\u00e0<\/div>\r\n\r\n                        <p class=\"description\">Processi di controllo e strumenti digitali che assicurano i risultati. Liberati dalla soggettivit\u00e0 e dalle opinioni nelle tue interazioni e utilizza i nostri dati trasparenti come prova di lavoro e sistema di qualit\u00e0 basato sulle prestazioni per misurare, monitorare e valutare la fornitura di servizi.<\/p>\r\n                    <\/li>\r\n\r\n                \r\n                    <li>\r\n                                                    <div class=\"icon\"><img loading=\"lazy\" decoding=\"async\" width=\"32\" height=\"32\" src=\"https:\/\/doinn.co\/wp-content\/uploads\/2023\/03\/human-capital.svg\" class=\"attachment-medium size-medium\" alt=\"\" \/><\/div>\r\n                                                \r\n                        <div class=\"title\">Capitale umano \/ Lavoro<\/div>\r\n\r\n                        <p class=\"description\">La performance Track ha reso tutto pi\u00f9 semplice. Identificare i dipendenti pi\u00f9 efficienti (tempo e costi) per apprendere, compensare e implementare processi performanti. Attirare e trattenere i talenti, dare al team la possibilit\u00e0 di provare cose nuove e di ampliare costantemente le proprie competenze sulla base dei dati.<\/p>\r\n                    <\/li>\r\n\r\n                \r\n                    <li>\r\n                                                    <div class=\"icon\"><img loading=\"lazy\" decoding=\"async\" width=\"32\" height=\"32\" src=\"https:\/\/doinn.co\/wp-content\/uploads\/2023\/03\/communications.svg\" class=\"attachment-medium size-medium\" alt=\"\" \/><\/div>\r\n                                                \r\n                        <div class=\"title\">Omni &#8211; Comunicazioni<\/div>\r\n\r\n                        <p class=\"description\">Non perderti nessuna informazione. Traccia facilmente qualsiasi messaggio in tutte le propriet\u00e0. Che sia una sola persona o un gruppo, sfruttate il sistema di messaggistica taggando gli utenti, i servizi o le propriet\u00e0 per rendere chiaro il vostro messaggio. Permetti ai membri del team di leggere e scrivere nella loro lingua con i nostri strumenti di traduzione istantanea.<\/p>\r\n                    <\/li>\r\n\r\n                \r\n                    <li>\r\n                                                    <div class=\"icon\"><img loading=\"lazy\" decoding=\"async\" width=\"32\" height=\"32\" src=\"https:\/\/doinn.co\/wp-content\/uploads\/2023\/03\/logistics.svg\" class=\"attachment-medium size-medium\" alt=\"\" \/><\/div>\r\n                                                \r\n                        <div class=\"title\">Logistica<\/div>\r\n\r\n                        <p class=\"description\">La visibilit\u00e0 e la pianificazione contribuiscono all&#8217;agilit\u00e0 complessiva della logistica. Fai in modo che i team sul campo rispondano a problemi imprevisti e implementino soluzioni con velocit\u00e0 e precisione. Aggiorna automaticamente i conteggi delle forniture quando vengono completate le attivit\u00e0 e i servizi.<\/p>\r\n                    <\/li>\r\n\r\n                \r\n                    <li>\r\n                                                    <div class=\"icon\"><img loading=\"lazy\" decoding=\"async\" width=\"31\" height=\"32\" src=\"https:\/\/doinn.co\/wp-content\/uploads\/2023\/03\/time-optimization.svg\" class=\"attachment-medium size-medium\" alt=\"\" \/><\/div>\r\n                                                \r\n                        <div class=\"title\">Ottimizzazione del tempo<\/div>\r\n\r\n                        <p class=\"description\">Assegnazione intelligente dei serivzi e ottimizzazione dei tempi per i team in prima linea. Flussi di lavoro basati sulla formula dei 5 elementi di Doinn: dove, quando, cosa, come e chi. Assegna il lavoro al tuo team e\/o a team esterni.<\/p>\r\n                    <\/li>\r\n\r\n                \r\n                    <li>\r\n                                                    <div class=\"icon\"><img loading=\"lazy\" decoding=\"async\" width=\"32\" height=\"32\" src=\"https:\/\/doinn.co\/wp-content\/uploads\/2023\/03\/financials.svg\" class=\"attachment-medium size-medium\" alt=\"\" \/><\/div>\r\n                                                \r\n                        <div class=\"title\">Dati finanziari<\/div>\r\n\r\n                        <p class=\"description\">Infinite funzioni per far crescere e scalare il tuo business. Ottieni una visione dall&#8217;alto per prendere decisioni ponderate grazie a una dashboard personalizzata, grafici operativi e report. Tutto in un unico posto per una o pi\u00f9 citt\u00e0 per uno o pi\u00f9 clienti e fornitori<\/p>\r\n                    <\/li>\r\n\r\n                \r\n                    <li>\r\n                                                    <div class=\"icon\"><img loading=\"lazy\" decoding=\"async\" width=\"32\" height=\"32\" src=\"https:\/\/doinn.co\/wp-content\/uploads\/2023\/03\/data-dashboards.svg\" class=\"attachment-medium size-medium\" alt=\"\" \/><\/div>\r\n                                                \r\n                        <div class=\"title\">Dashboard dati<\/div>\r\n\r\n                        <p class=\"description\">Aumenta la visibilit\u00e0 con la dashboard dati. Ottimizza le prestazioni e massimizza i ricavi con una gamma completa di informazioni in tempo reale, operazioni prevedibili e data intelligence, per la qualit\u00e0, le scorte, le risorse umane, le comunicazioni, la logistica e le finanze.<\/p>\r\n                    <\/li>\r\n\r\n                \r\n                    <li>\r\n                                                    <div class=\"icon\"><img loading=\"lazy\" decoding=\"async\" width=\"32\" height=\"32\" src=\"https:\/\/doinn.co\/wp-content\/uploads\/2023\/03\/real-time.svg\" class=\"attachment-medium size-medium\" alt=\"\" \/><\/div>\r\n                                                \r\n                        <div class=\"title\">Stato del servizio in tempo reale<\/div>\r\n\r\n                        <p class=\"description\">Con lo stato dei servizi e i report di pulizia in tempo reale \u00e8 possibile avere la visione d&#8217;insieme di ogni singolo servizio e dell&#8217;intera panoramica. Massimizza le entrate con il sistema intelligente di ripartizione e segui in tempo reale lo stato di ogni servizio.<\/p>\r\n                    <\/li>\r\n\r\n                            <\/ul>\r\n            <\/div>\r\n<\/div>\r\n<div id=\"\" class=\"container block\" style=\"margin-bottom:px;;margin-top:px;margin-left:px;;margin-right:px\">\r\n    <div class=\"small-banner container\" \r\n        style=\"border-radius:16px;background: #6F5EFF;box-shadow: 0px 0px 50px rgba(111,94,255,0.5);color: #ffffff;\"\r\n    >\r\n        \n<div class=\"block-title\">\n            <h2 class=\"title\" style=\"color: #ffffff;\">Sei pronto per iniziare?<\/h2>\n    \n    \n            <p style=\"color: #ffffff;\">14 giorni di prova gratuita | Non \u00e8 necessaria la carta di credito<\/p>\n    <\/div>        \n<div class=\"block-buttons\">\n            <a \n            target=\"_self\" \n            href=\"https:\/\/app.doinn.co\/registration\" \n            class=\"button secondary lighter\" \n            style=\"\">\n                Inizia gratuitamente        <\/a>\n    \n            <a \n            target=\"_self\" \n            href=\"https:\/\/share-eu1.hsforms.com\/1HhBsHkK1RL263thuCcT6pAfgk9m\" \n            class=\"button outlined\" \n            style=\"\">\n                   \n                Parla con noi            <\/a>\n    <\/div>    <\/div>\r\n<\/div>","protected":false},"excerpt":{"rendered":"","protected":false},"author":2,"featured_media":4267,"parent":0,"menu_order":0,"comment_status":"closed","ping_status":"closed","template":"template-internal-page.php","meta":{"_acf_changed":false,"footnotes":""},"class_list":["post-5239","page","type-page","status-publish","has-post-thumbnail","hentry"],"acf":[],"yoast_head":"<!-- This site is optimized with the Yoast SEO plugin v27.2 - https:\/\/yoast.com\/product\/yoast-seo-wordpress\/ -->\n<title>Doinn - Chi siamo<\/title>\n<meta name=\"robots\" content=\"index, follow, max-snippet:-1, max-image-preview:large, max-video-preview:-1\" \/>\n<link rel=\"canonical\" href=\"https:\/\/doinn.co\/it\/chi-siamo\/\" \/>\n<meta property=\"og:locale\" content=\"it_IT\" \/>\n<meta property=\"og:type\" content=\"article\" \/>\n<meta property=\"og:title\" content=\"Doinn - Chi siamo\" \/>\n<meta property=\"og:url\" content=\"https:\/\/doinn.co\/it\/chi-siamo\/\" \/>\n<meta property=\"og:site_name\" content=\"Doinn\" \/>\n<meta property=\"article:publisher\" content=\"https:\/\/www.facebook.com\/doinn.co\" \/>\n<meta property=\"article:modified_time\" content=\"2024-02-21T11:30:47+00:00\" \/>\n<meta property=\"og:image\" content=\"https:\/\/doinn.co\/wp-content\/uploads\/2022\/12\/Fondo_2-3-1024x576.png\" \/>\n\t<meta property=\"og:image:width\" content=\"1024\" \/>\n\t<meta property=\"og:image:height\" content=\"576\" \/>\n\t<meta property=\"og:image:type\" content=\"image\/png\" \/>\n<meta name=\"twitter:card\" content=\"summary_large_image\" \/>\n<meta name=\"twitter:site\" content=\"@doinnco\" \/>\n<script type=\"application\/ld+json\" class=\"yoast-schema-graph\">{\"@context\":\"https:\/\/schema.org\",\"@graph\":[{\"@type\":\"WebPage\",\"@id\":\"https:\/\/doinn.co\/it\/chi-siamo\/\",\"url\":\"https:\/\/doinn.co\/it\/chi-siamo\/\",\"name\":\"Doinn - Chi siamo\",\"isPartOf\":{\"@id\":\"https:\/\/doinn.co\/it\/#website\"},\"primaryImageOfPage\":{\"@id\":\"https:\/\/doinn.co\/it\/chi-siamo\/#primaryimage\"},\"image\":{\"@id\":\"https:\/\/doinn.co\/it\/chi-siamo\/#primaryimage\"},\"thumbnailUrl\":\"https:\/\/doinn.co\/wp-content\/uploads\/2022\/12\/Fondo_2-3.png\",\"datePublished\":\"2022-10-31T15:39:12+00:00\",\"dateModified\":\"2024-02-21T11:30:47+00:00\",\"breadcrumb\":{\"@id\":\"https:\/\/doinn.co\/it\/chi-siamo\/#breadcrumb\"},\"inLanguage\":\"it-IT\",\"potentialAction\":[{\"@type\":\"ReadAction\",\"target\":[\"https:\/\/doinn.co\/it\/chi-siamo\/\"]}]},{\"@type\":\"ImageObject\",\"inLanguage\":\"it-IT\",\"@id\":\"https:\/\/doinn.co\/it\/chi-siamo\/#primaryimage\",\"url\":\"https:\/\/doinn.co\/wp-content\/uploads\/2022\/12\/Fondo_2-3.png\",\"contentUrl\":\"https:\/\/doinn.co\/wp-content\/uploads\/2022\/12\/Fondo_2-3.png\",\"width\":8000,\"height\":4500},{\"@type\":\"BreadcrumbList\",\"@id\":\"https:\/\/doinn.co\/it\/chi-siamo\/#breadcrumb\",\"itemListElement\":[{\"@type\":\"ListItem\",\"position\":1,\"name\":\"Home\",\"item\":\"https:\/\/doinn.co\/it\/\"},{\"@type\":\"ListItem\",\"position\":2,\"name\":\"Chi siamo\"}]},{\"@type\":\"WebSite\",\"@id\":\"https:\/\/doinn.co\/it\/#website\",\"url\":\"https:\/\/doinn.co\/it\/\",\"name\":\"Doinn: Housekeeping Operations Made Simple\",\"description\":\"\",\"publisher\":{\"@id\":\"https:\/\/doinn.co\/it\/#organization\"},\"potentialAction\":[{\"@type\":\"SearchAction\",\"target\":{\"@type\":\"EntryPoint\",\"urlTemplate\":\"https:\/\/doinn.co\/it\/?s={search_term_string}\"},\"query-input\":{\"@type\":\"PropertyValueSpecification\",\"valueRequired\":true,\"valueName\":\"search_term_string\"}}],\"inLanguage\":\"it-IT\"},{\"@type\":\"Organization\",\"@id\":\"https:\/\/doinn.co\/it\/#organization\",\"name\":\"Doinn: Housekeeping Operations Made Simple\",\"url\":\"https:\/\/doinn.co\/it\/\",\"logo\":{\"@type\":\"ImageObject\",\"inLanguage\":\"it-IT\",\"@id\":\"https:\/\/doinn.co\/it\/#\/schema\/logo\/image\/\",\"url\":\"\",\"contentUrl\":\"\",\"caption\":\"Doinn: Housekeeping Operations Made Simple\"},\"image\":{\"@id\":\"https:\/\/doinn.co\/it\/#\/schema\/logo\/image\/\"},\"sameAs\":[\"https:\/\/www.facebook.com\/doinn.co\",\"https:\/\/x.com\/doinnco\",\"https:\/\/www.instagram.com\/doinn.co\",\"https:\/\/www.linkedin.com\/company\/doinn\"]}]}<\/script>\n<!-- \/ Yoast SEO plugin. -->","yoast_head_json":{"title":"Doinn - Chi siamo","robots":{"index":"index","follow":"follow","max-snippet":"max-snippet:-1","max-image-preview":"max-image-preview:large","max-video-preview":"max-video-preview:-1"},"canonical":"https:\/\/doinn.co\/it\/chi-siamo\/","og_locale":"it_IT","og_type":"article","og_title":"Doinn - Chi siamo","og_url":"https:\/\/doinn.co\/it\/chi-siamo\/","og_site_name":"Doinn","article_publisher":"https:\/\/www.facebook.com\/doinn.co","article_modified_time":"2024-02-21T11:30:47+00:00","og_image":[{"width":1024,"height":576,"url":"https:\/\/doinn.co\/wp-content\/uploads\/2022\/12\/Fondo_2-3-1024x576.png","type":"image\/png"}],"twitter_card":"summary_large_image","twitter_site":"@doinnco","schema":{"@context":"https:\/\/schema.org","@graph":[{"@type":"WebPage","@id":"https:\/\/doinn.co\/it\/chi-siamo\/","url":"https:\/\/doinn.co\/it\/chi-siamo\/","name":"Doinn - Chi siamo","isPartOf":{"@id":"https:\/\/doinn.co\/it\/#website"},"primaryImageOfPage":{"@id":"https:\/\/doinn.co\/it\/chi-siamo\/#primaryimage"},"image":{"@id":"https:\/\/doinn.co\/it\/chi-siamo\/#primaryimage"},"thumbnailUrl":"https:\/\/doinn.co\/wp-content\/uploads\/2022\/12\/Fondo_2-3.png","datePublished":"2022-10-31T15:39:12+00:00","dateModified":"2024-02-21T11:30:47+00:00","breadcrumb":{"@id":"https:\/\/doinn.co\/it\/chi-siamo\/#breadcrumb"},"inLanguage":"it-IT","potentialAction":[{"@type":"ReadAction","target":["https:\/\/doinn.co\/it\/chi-siamo\/"]}]},{"@type":"ImageObject","inLanguage":"it-IT","@id":"https:\/\/doinn.co\/it\/chi-siamo\/#primaryimage","url":"https:\/\/doinn.co\/wp-content\/uploads\/2022\/12\/Fondo_2-3.png","contentUrl":"https:\/\/doinn.co\/wp-content\/uploads\/2022\/12\/Fondo_2-3.png","width":8000,"height":4500},{"@type":"BreadcrumbList","@id":"https:\/\/doinn.co\/it\/chi-siamo\/#breadcrumb","itemListElement":[{"@type":"ListItem","position":1,"name":"Home","item":"https:\/\/doinn.co\/it\/"},{"@type":"ListItem","position":2,"name":"Chi siamo"}]},{"@type":"WebSite","@id":"https:\/\/doinn.co\/it\/#website","url":"https:\/\/doinn.co\/it\/","name":"Doinn: Housekeeping Operations Made Simple","description":"","publisher":{"@id":"https:\/\/doinn.co\/it\/#organization"},"potentialAction":[{"@type":"SearchAction","target":{"@type":"EntryPoint","urlTemplate":"https:\/\/doinn.co\/it\/?s={search_term_string}"},"query-input":{"@type":"PropertyValueSpecification","valueRequired":true,"valueName":"search_term_string"}}],"inLanguage":"it-IT"},{"@type":"Organization","@id":"https:\/\/doinn.co\/it\/#organization","name":"Doinn: Housekeeping Operations Made Simple","url":"https:\/\/doinn.co\/it\/","logo":{"@type":"ImageObject","inLanguage":"it-IT","@id":"https:\/\/doinn.co\/it\/#\/schema\/logo\/image\/","url":"","contentUrl":"","caption":"Doinn: Housekeeping Operations Made Simple"},"image":{"@id":"https:\/\/doinn.co\/it\/#\/schema\/logo\/image\/"},"sameAs":["https:\/\/www.facebook.com\/doinn.co","https:\/\/x.com\/doinnco","https:\/\/www.instagram.com\/doinn.co","https:\/\/www.linkedin.com\/company\/doinn"]}]}},"_links":{"self":[{"href":"https:\/\/doinn.co\/it\/wp-json\/wp\/v2\/pages\/5239","targetHints":{"allow":["GET"]}}],"collection":[{"href":"https:\/\/doinn.co\/it\/wp-json\/wp\/v2\/pages"}],"about":[{"href":"https:\/\/doinn.co\/it\/wp-json\/wp\/v2\/types\/page"}],"author":[{"embeddable":true,"href":"https:\/\/doinn.co\/it\/wp-json\/wp\/v2\/users\/2"}],"replies":[{"embeddable":true,"href":"https:\/\/doinn.co\/it\/wp-json\/wp\/v2\/comments?post=5239"}],"version-history":[{"count":5,"href":"https:\/\/doinn.co\/it\/wp-json\/wp\/v2\/pages\/5239\/revisions"}],"predecessor-version":[{"id":14329,"href":"https:\/\/doinn.co\/it\/wp-json\/wp\/v2\/pages\/5239\/revisions\/14329"}],"wp:featuredmedia":[{"embeddable":true,"href":"https:\/\/doinn.co\/it\/wp-json\/wp\/v2\/media\/4267"}],"wp:attachment":[{"href":"https:\/\/doinn.co\/it\/wp-json\/wp\/v2\/media?parent=5239"}],"curies":[{"name":"wp","href":"https:\/\/api.w.org\/{rel}","templated":true}]}}