{"id":5221,"date":"2023-04-19T17:04:31","date_gmt":"2023-04-19T17:04:31","guid":{"rendered":"https:\/\/global.doinn.co\/noleggio-biancheria\/"},"modified":"2023-09-27T22:41:37","modified_gmt":"2023-09-27T22:41:37","slug":"noleggio-biancheria","status":"publish","type":"page","link":"https:\/\/doinn.co\/it\/servizi-e-protocolli\/noleggio-biancheria\/","title":{"rendered":"Noleggio biancheria"},"content":{"rendered":"\r\n\r\n<div id=\"page-banner-small-bottom\" class=\"page-banner page-banner-small\" style=\"background-image: url(https:\/\/doinn.co\/wp-content\/uploads\/2023\/05\/bg-01.jpg);;margin-bottom:px;;margin-top:px;margin-left:px;;margin-right:px\">\r\n    <div class=\"content container\">\r\n        <div class=\"headings one-column\">\r\n                            <h1 class=\"title \">\r\n                    Noleggio biancheria\r\n                    \r\n                    <!--  -->\r\n                    <\/h1>\r\n            \r\n        \r\n                            <div class=\"subtitle\">Accesso ai servizi di noleggio di lenzuola e asciugamani con lavanderia per le tue propiet\u00e0 in affitto a breve termine. Garantisci la massima sicurezza e il massimo comfort ai vostri ospiti<\/div>\r\n                        \r\n            \n<div class=\"block-buttons\">\n            <a \n            target=\"_self\" \n            href=\"https:\/\/app.doinn.co\/registration\" \n            class=\"button secondary lighter\" \n            style=\"\">\n                Inizia gratuitamente        <\/a>\n    \n            <a \n            target=\"1_self\" \n            href=\"https:\/\/share-eu1.hsforms.com\/1HhBsHkK1RL263thuCcT6pAfgk9m\" \n            class=\"button outlined\" \n            style=\"\">\n                   \n                Parla con noi            <\/a>\n    <\/div>        <\/div>\r\n\r\n            <\/div>\r\n<\/div><div id=\"\" class=\"fifty-fifty container image-left block\" style=\"margin-bottom:px;;margin-top:px;margin-left:px;;margin-right:px\">\r\n    \r\n        <div class=\"cols cols-left\">\r\n            <img decoding=\"async\" src=\"https:\/\/doinn.co\/wp-content\/uploads\/2023\/04\/Linen-Rental-White-means-cleanliness.png\" class=\"image\" alt=\"\">\r\n        <\/div>\r\n    \r\n    \r\n    <div class=\"cols cols-right\">\r\n        \r\n        \n<div class=\"block-title\">\n            <h2 class=\"title\" style=\"\">Il bianco significa pulizia<\/h2>\n    \n    \n            <p style=\"\">\u00c8 disponibile solo biancheria bianca, in modo da poter applicare i migliori prodotti chimici per la pulizia e la disinfezione nel ciclo di lavaggio senza danneggiare il colore.<br \/>\n<br \/>\nInclude il monitoraggio della biancheria e gli avvisi di parti mancanti o deteriorate.<br \/>\n<br \/>\nInclude un servizio di lavanderia industriale con prodotti chimici e stiratura professionale che garantisce la massima igiene.<br \/>\n<br \/>\nInclude lo stoccaggio e la logistica coordinata con il servizio di pulizia.<\/p>\n    <\/div>        \n<div class=\"block-buttons\">\n    \n    <\/div>\r\n            <\/div>\r\n<\/div>\r\n<div id=\"\" class=\"collapsible-list container block\" style=\"margin-bottom:px;;margin-top:px;margin-left:px;;margin-right:px\">\r\n\r\n    \n<div class=\"block-title\">\n            <h2 class=\"title\" style=\"\">Domande frequenti<\/h2>\n    \n    \n    <\/div>\r\n    <div class=\"cols\">\r\n                    <ul>\r\n                                    <li>\r\n                        <p class=\"title\">Come posso evitare l&#8217;investimento in biancheria per le mie propriet\u00e0 con affitto a breve termine?<\/p>\r\n                        <div class=\"expandable\">\r\n                            <p>Noi di Doinn ti offriamo il nostro <b>servizio di noleggio di lenzuola e asciugamani<\/b>. Il modo migliore per garantire la pulizia della biancheria da letto e da bagno ai tuoi ospiti.<\/p>\n<p>Gli ospiti sono sempre pi\u00f9 esigenti in fatto di pulizia. Offrire loro lenzuola e asciugamani puliti, con un colore e un odore gradevoli, garantir\u00e0 loro un&#8217;esperienza pi\u00f9 confortevole e sicura.<\/p>\n<p>Il nostro servizio di noleggio lenzuola e asciugamani comprende la <b>pulizia, la sostituzione, la consegna e il ritiro<\/b> degli stessi. Puoi gestire e programmare i servizi che desideri attraverso il nostro centro operativo.<\/p>\n                        <\/div>\r\n                    <\/li>\r\n\r\n                                    <li>\r\n                        <p class=\"title\">Ho concordato con i proprietari di acquistare nuova biancheria ogni 2 anni, come posso diluire questo costo con loro?<\/p>\r\n                        <div class=\"expandable\">\r\n                            <p>Le scelte sono due: o addebiti mensilmente un importo fisso per il noleggio della biancheria o un 10%-15% del noleggio + il servizio di lavanderia fornito dalla nostra piattaforma.<\/p>\n                        <\/div>\r\n                    <\/li>\r\n\r\n                                    <li>\r\n                        <p class=\"title\">Cosa comprende il vostro servizio di noleggio di lenzuola e asciugamani?<\/p>\r\n                        <div class=\"expandable\">\r\n                            <p>Il servizio di noleggio lenzuola e asciugamani Doinn \u00e8 un extra del servizio di pulizia.<\/p>\n<p>Il prezzo comprende:<\/p>\n<ul>\n<li>Gestione della raccolta e della consegna tramite il nostro software<\/li>\n<li>Servizio di lavanderia industriale con prodotti chimici professionali e stiratura che garantisce il massimo livello di igiene<\/li>\n<li>Asciugatura professionale e stiratura a vapore<\/li>\n<li>Stoccaggio e logistica coordinati con il servizio di pulizia<\/li>\n<li>Monitoraggio dei capi e avvisi di mancanza o deterioramento\/mancanza di articoli<\/li>\n<\/ul>\n<p>*Il servizio pu\u00f2 richiedere una cauzione che viene restituita alla riconsegna degli abiti.<\/p>\n                        <\/div>\r\n                    <\/li>\r\n\r\n                                    <li>\r\n                        <p class=\"title\">Devo chiedere un numero minimo di capi di biancheria per ogni pulizia?<\/p>\r\n                        <div class=\"expandable\">\r\n                            <p>Creiamo set per semplificare le cose e per automatizzarle con i letti definiti nel profilo della propriet\u00e0.<\/p>\n<ul>\n<li>Il <b>set matrimoniale King<\/b> \u00e8 composto da: 1 copripiumino matrimoniale, 1 lenzuolo matrimoniale, 2 federe, 2 asciugamani da bagno, 2 asciugamani per il viso.<\/li>\n<li>Il <b>set matrimoniale Queen<\/b> \u00e8 composto da: 1 copripiumino matrimoniale, 1 lenzuolo matrimoniale, 2 federe, 2 asciugamani da bagno, 2 asciugamani per il viso.<\/li>\n<li><b>Un set singolo<\/b>, composto da: 1 copripiumino singolo, 1 lenzuolo singolo, 1 federa, 1 telo da bagno, 1 asciugamano per il viso.<\/li>\n<\/ul>\n<p>I set di divani letto e gli articoli extra devono essere richiesti manualmente.<\/p>\n                        <\/div>\r\n                    <\/li>\r\n\r\n                                    <li>\r\n                        <p class=\"title\">Perch\u00e9 scegliere Doinn per noleggiare le lenzuola e gli asciugamani per il mio affitto a breve termine?<\/p>\r\n                        <div class=\"expandable\">\r\n                            <p><b>La biancheria da letto e da bagno \u00e8 di qualit\u00e0 e senza cuciture: <\/b>Biancheria bianca per una maggiore igiene. Tessuti ad alta resistenza.<\/p>\n<p><b>Gestione delle pulizie e delle sostituzioni senza soluzione di continuit\u00e0:<\/b> Integra Doinn con il tuo PMS o il calendario delle prenotazioni e richiedi le lenzuola e gli asciugamani necessari in ogni appartamento.<\/p>\n<p><b>Pulizia integrata: <\/b>Il noleggio della biancheria \u00e8 associato a un servizio di pulizia e lavanderia. Avrete tutto in uno!<\/p>\n<p><b>Evita spese inutili<\/b>: Tutti i set di lenzuola e asciugamani di cui hai bisogno senza dover aggiungere ulteriori spese nella gestione dei tuoi affitti a breve termine.<\/p>\n<p><b>Risparmia spazio: <\/b>Con il nostro servizio di noleggio non hai bisogno di spazio per riporre lenzuola e asciugamani. I nostri fornitori si occupano di tutto!<\/p>\n<p><b>Sostituiamo i capi di cui avete bisogno: <\/b>Attraverso il nostro software, puoi monitorare la biancheria da letto e da bagno e ordinare nuovi set.<\/p>\n<p>Il servizio \u00e8 disponibile in centinaia di citt\u00e0 in diversi paesi per permettervi di crescere velocemente e con fiducia.<\/p>\n                        <\/div>\r\n                    <\/li>\r\n\r\n                            <\/ul>\r\n            <\/div>\r\n<\/div>\r\n<div id=\"\" class=\"container block\" style=\"margin-bottom:px;;margin-top:px;margin-left:px;;margin-right:px\">\r\n    <div class=\"small-banner container\" \r\n        style=\"border-radius:16px;background: #6F5EFF;box-shadow: 0px 0px 50px rgba(111,94,255,0.5);color: #ffffff;\"\r\n    >\r\n        \n<div class=\"block-title\">\n            <h2 class=\"title\" style=\"color: #ffffff;\">Sei pronto per iniziare?<\/h2>\n    \n    \n            <p style=\"color: #ffffff;\">14 giorni di prova gratuita | Non \u00e8 necessaria la carta di credito<\/p>\n    <\/div>        \n<div class=\"block-buttons\">\n            <a \n            target=\"_self\" \n            href=\"https:\/\/app.doinn.co\/registration\" \n            class=\"button secondary lighter\" \n            style=\"\">\n                Inizia gratuitamente        <\/a>\n    \n            <a \n            target=\"_self\" \n            href=\"https:\/\/share-eu1.hsforms.com\/1HhBsHkK1RL263thuCcT6pAfgk9m\" \n            class=\"button outlined\" \n            style=\"\">\n                   \n                Parla con noi            <\/a>\n    <\/div>    <\/div>\r\n<\/div>","protected":false},"excerpt":{"rendered":"","protected":false},"author":2,"featured_media":0,"parent":5256,"menu_order":0,"comment_status":"closed","ping_status":"closed","template":"","meta":{"_acf_changed":false,"footnotes":""},"class_list":["post-5221","page","type-page","status-publish","hentry"],"acf":[],"yoast_head":"<!-- This site is optimized with the Yoast SEO plugin v27.2 - https:\/\/yoast.com\/product\/yoast-seo-wordpress\/ -->\n<title>Doinn - Noleggio biancheria<\/title>\n<meta name=\"robots\" content=\"index, follow, max-snippet:-1, max-image-preview:large, max-video-preview:-1\" \/>\n<link rel=\"canonical\" href=\"https:\/\/doinn.co\/it\/servizi-e-protocolli\/noleggio-biancheria\/\" \/>\n<meta property=\"og:locale\" content=\"it_IT\" \/>\n<meta property=\"og:type\" content=\"article\" \/>\n<meta property=\"og:title\" content=\"Doinn - Noleggio biancheria\" \/>\n<meta property=\"og:url\" content=\"https:\/\/doinn.co\/it\/servizi-e-protocolli\/noleggio-biancheria\/\" \/>\n<meta property=\"og:site_name\" content=\"Doinn\" \/>\n<meta property=\"article:publisher\" content=\"https:\/\/www.facebook.com\/doinn.co\" \/>\n<meta property=\"article:modified_time\" content=\"2023-09-27T22:41:37+00:00\" \/>\n<meta name=\"twitter:card\" content=\"summary_large_image\" \/>\n<meta name=\"twitter:site\" content=\"@doinnco\" \/>\n<script type=\"application\/ld+json\" class=\"yoast-schema-graph\">{\"@context\":\"https:\/\/schema.org\",\"@graph\":[{\"@type\":\"WebPage\",\"@id\":\"https:\/\/doinn.co\/it\/servizi-e-protocolli\/noleggio-biancheria\/\",\"url\":\"https:\/\/doinn.co\/it\/servizi-e-protocolli\/noleggio-biancheria\/\",\"name\":\"Doinn - Noleggio biancheria\",\"isPartOf\":{\"@id\":\"https:\/\/doinn.co\/it\/#website\"},\"datePublished\":\"2023-04-19T17:04:31+00:00\",\"dateModified\":\"2023-09-27T22:41:37+00:00\",\"breadcrumb\":{\"@id\":\"https:\/\/doinn.co\/it\/servizi-e-protocolli\/noleggio-biancheria\/#breadcrumb\"},\"inLanguage\":\"it-IT\",\"potentialAction\":[{\"@type\":\"ReadAction\",\"target\":[\"https:\/\/doinn.co\/it\/servizi-e-protocolli\/noleggio-biancheria\/\"]}]},{\"@type\":\"BreadcrumbList\",\"@id\":\"https:\/\/doinn.co\/it\/servizi-e-protocolli\/noleggio-biancheria\/#breadcrumb\",\"itemListElement\":[{\"@type\":\"ListItem\",\"position\":1,\"name\":\"Home\",\"item\":\"https:\/\/doinn.co\/it\/\"},{\"@type\":\"ListItem\",\"position\":2,\"name\":\"Servizi e protocolli\",\"item\":\"https:\/\/doinn.co\/it\/servizi-e-protocolli\/\"},{\"@type\":\"ListItem\",\"position\":3,\"name\":\"Noleggio biancheria\"}]},{\"@type\":\"WebSite\",\"@id\":\"https:\/\/doinn.co\/it\/#website\",\"url\":\"https:\/\/doinn.co\/it\/\",\"name\":\"Doinn: Housekeeping Operations Made Simple\",\"description\":\"\",\"publisher\":{\"@id\":\"https:\/\/doinn.co\/it\/#organization\"},\"potentialAction\":[{\"@type\":\"SearchAction\",\"target\":{\"@type\":\"EntryPoint\",\"urlTemplate\":\"https:\/\/doinn.co\/it\/?s={search_term_string}\"},\"query-input\":{\"@type\":\"PropertyValueSpecification\",\"valueRequired\":true,\"valueName\":\"search_term_string\"}}],\"inLanguage\":\"it-IT\"},{\"@type\":\"Organization\",\"@id\":\"https:\/\/doinn.co\/it\/#organization\",\"name\":\"Doinn: Housekeeping Operations Made Simple\",\"url\":\"https:\/\/doinn.co\/it\/\",\"logo\":{\"@type\":\"ImageObject\",\"inLanguage\":\"it-IT\",\"@id\":\"https:\/\/doinn.co\/it\/#\/schema\/logo\/image\/\",\"url\":\"\",\"contentUrl\":\"\",\"caption\":\"Doinn: Housekeeping Operations Made Simple\"},\"image\":{\"@id\":\"https:\/\/doinn.co\/it\/#\/schema\/logo\/image\/\"},\"sameAs\":[\"https:\/\/www.facebook.com\/doinn.co\",\"https:\/\/x.com\/doinnco\",\"https:\/\/www.instagram.com\/doinn.co\",\"https:\/\/www.linkedin.com\/company\/doinn\"]}]}<\/script>\n<!-- \/ Yoast SEO plugin. -->","yoast_head_json":{"title":"Doinn - Noleggio biancheria","robots":{"index":"index","follow":"follow","max-snippet":"max-snippet:-1","max-image-preview":"max-image-preview:large","max-video-preview":"max-video-preview:-1"},"canonical":"https:\/\/doinn.co\/it\/servizi-e-protocolli\/noleggio-biancheria\/","og_locale":"it_IT","og_type":"article","og_title":"Doinn - Noleggio biancheria","og_url":"https:\/\/doinn.co\/it\/servizi-e-protocolli\/noleggio-biancheria\/","og_site_name":"Doinn","article_publisher":"https:\/\/www.facebook.com\/doinn.co","article_modified_time":"2023-09-27T22:41:37+00:00","twitter_card":"summary_large_image","twitter_site":"@doinnco","schema":{"@context":"https:\/\/schema.org","@graph":[{"@type":"WebPage","@id":"https:\/\/doinn.co\/it\/servizi-e-protocolli\/noleggio-biancheria\/","url":"https:\/\/doinn.co\/it\/servizi-e-protocolli\/noleggio-biancheria\/","name":"Doinn - Noleggio biancheria","isPartOf":{"@id":"https:\/\/doinn.co\/it\/#website"},"datePublished":"2023-04-19T17:04:31+00:00","dateModified":"2023-09-27T22:41:37+00:00","breadcrumb":{"@id":"https:\/\/doinn.co\/it\/servizi-e-protocolli\/noleggio-biancheria\/#breadcrumb"},"inLanguage":"it-IT","potentialAction":[{"@type":"ReadAction","target":["https:\/\/doinn.co\/it\/servizi-e-protocolli\/noleggio-biancheria\/"]}]},{"@type":"BreadcrumbList","@id":"https:\/\/doinn.co\/it\/servizi-e-protocolli\/noleggio-biancheria\/#breadcrumb","itemListElement":[{"@type":"ListItem","position":1,"name":"Home","item":"https:\/\/doinn.co\/it\/"},{"@type":"ListItem","position":2,"name":"Servizi e protocolli","item":"https:\/\/doinn.co\/it\/servizi-e-protocolli\/"},{"@type":"ListItem","position":3,"name":"Noleggio biancheria"}]},{"@type":"WebSite","@id":"https:\/\/doinn.co\/it\/#website","url":"https:\/\/doinn.co\/it\/","name":"Doinn: Housekeeping Operations Made Simple","description":"","publisher":{"@id":"https:\/\/doinn.co\/it\/#organization"},"potentialAction":[{"@type":"SearchAction","target":{"@type":"EntryPoint","urlTemplate":"https:\/\/doinn.co\/it\/?s={search_term_string}"},"query-input":{"@type":"PropertyValueSpecification","valueRequired":true,"valueName":"search_term_string"}}],"inLanguage":"it-IT"},{"@type":"Organization","@id":"https:\/\/doinn.co\/it\/#organization","name":"Doinn: Housekeeping Operations Made Simple","url":"https:\/\/doinn.co\/it\/","logo":{"@type":"ImageObject","inLanguage":"it-IT","@id":"https:\/\/doinn.co\/it\/#\/schema\/logo\/image\/","url":"","contentUrl":"","caption":"Doinn: Housekeeping Operations Made Simple"},"image":{"@id":"https:\/\/doinn.co\/it\/#\/schema\/logo\/image\/"},"sameAs":["https:\/\/www.facebook.com\/doinn.co","https:\/\/x.com\/doinnco","https:\/\/www.instagram.com\/doinn.co","https:\/\/www.linkedin.com\/company\/doinn"]}]}},"_links":{"self":[{"href":"https:\/\/doinn.co\/it\/wp-json\/wp\/v2\/pages\/5221","targetHints":{"allow":["GET"]}}],"collection":[{"href":"https:\/\/doinn.co\/it\/wp-json\/wp\/v2\/pages"}],"about":[{"href":"https:\/\/doinn.co\/it\/wp-json\/wp\/v2\/types\/page"}],"author":[{"embeddable":true,"href":"https:\/\/doinn.co\/it\/wp-json\/wp\/v2\/users\/2"}],"replies":[{"embeddable":true,"href":"https:\/\/doinn.co\/it\/wp-json\/wp\/v2\/comments?post=5221"}],"version-history":[{"count":5,"href":"https:\/\/doinn.co\/it\/wp-json\/wp\/v2\/pages\/5221\/revisions"}],"predecessor-version":[{"id":12731,"href":"https:\/\/doinn.co\/it\/wp-json\/wp\/v2\/pages\/5221\/revisions\/12731"}],"up":[{"embeddable":true,"href":"https:\/\/doinn.co\/it\/wp-json\/wp\/v2\/pages\/5256"}],"wp:attachment":[{"href":"https:\/\/doinn.co\/it\/wp-json\/wp\/v2\/media?parent=5221"}],"curies":[{"name":"wp","href":"https:\/\/api.w.org\/{rel}","templated":true}]}}