{"id":16885,"date":"2024-10-17T16:32:37","date_gmt":"2024-10-17T16:32:37","guid":{"rendered":"https:\/\/doinn.co\/test-demo\/"},"modified":"2024-10-21T11:46:22","modified_gmt":"2024-10-21T11:46:22","slug":"book-demo","status":"publish","type":"page","link":"https:\/\/doinn.co\/fr\/book-demo\/","title":{"rendered":"Programmer une d\u00e9mo"},"content":{"rendered":"\n<section class=\"wp-block-group alignfull demo-hero bk-pdl bk-pdr has-vertical-2-gradient-background has-background is-layout-constrained wp-block-group-is-layout-constrained\" id=\"go-form\">\n<div class=\"wp-block-columns alignwide is-layout-flex wp-container-core-columns-is-layout-9d6595d7 wp-block-columns-is-layout-flex\">\n<div class=\"wp-block-column c-l is-layout-flow wp-block-column-is-layout-flow\">\n<h1 class=\"wp-block-heading has-white-color has-text-color has-link-color wp-elements-58c4590faa5ec7727540673f9fbd7a9b\">Optimisez vos op\u00e9rations de location de vacances<\/h1>\n\n\n\n<p class=\"has-white-color has-text-color has-link-color wp-elements-ec29d173b9356b03bf5a8a483fdf8a29\">\u00c9conomisez jusqu&rsquo;\u00e0 3 fois sur les co\u00fbts op\u00e9rationnels gr\u00e2ce \u00e0 nos forfaits personnalis\u00e9s qui s&rsquo;adaptent \u00e0 toute entreprise.<\/p>\n\n\n\n<div class=\"wp-block-group is-layout-constrained wp-block-group-is-layout-constrained\">\n<p class=\"has-white-color has-text-color has-link-color wp-elements-2211d11974f371e32e4f1f19679cfd0d\"><strong>Nos fonctionnalit\u00e9s les plus populaires:<\/strong><\/p>\n\n\n\n<ul class=\"is-style-check-aqua has-white-color has-text-color has-link-color wp-block-list wp-elements-939f44c668627bbb500290c687a99344\">\n<li>Automatisation illimit\u00e9e des nettoyages en synchronisant vos r\u00e9servations via Ical ou PMS<\/li>\n\n\n\n<li>Attribuez des t\u00e2ches au bon moment et consultez toutes les t\u00e2ches dans votre dashboard<\/li>\n\n\n\n<li>Notification sur les propri\u00e9t\u00e9s prioritaires avec un check-in et un check-out le m\u00eame jour<\/li>\n\n\n\n<li>Notifications en temps r\u00e9el via l&rsquo;application Doinn sur les notes de service<\/li>\n\n\n\n<li>Indication du jour et de l&rsquo;heure \u00e0 laquelle une foto est import\u00e9e sur l&rsquo;application Doinn<\/li>\n<\/ul>\n<\/div>\n<\/div>\n\n\n\n<div class=\"wp-block-column c-r has-white-background-color has-background is-layout-flow wp-block-column-is-layout-flow\" style=\"flex-basis:537px\">\n\n    \t\n    <div class=\"bk-block-hubspot\" >\n\n        <script  >\n\t\t\t\n            var sfdcCampaignId = '';\n\n\t\t\tvar obj_form_block = {\n\t\t\t\t'region': 'eu1',\n\t\t\t\t'portalId': '25967002',\n\t\t\t\t'formId': '5694a478-1f91-4542-a542-326fd3330b69',\n\t\t\t\t'submitButtonClass': 'wp-block-button',\n\t\t\t\t'onFormReady': function (form, ctx){\n\t\t\t\t\t\/\/ bk_trakingForm.setValueInput();\n\t\t\t\t},\n\t\t\t\t'onFormSubmit': function (form){\n\t\t\t\t\twindow.dataLayer = window.dataLayer || [];\n\t\t\t\t\twindow.dataLayer.push({ \n                        'event' : '',\t\t\t\t\t\t\t\t\t\n                    });\n\t\t\t\t}\n\t\t\t};\n\n\t\t\tif (sfdcCampaignId) {\n\t\t\t\tobj_form_block.sfdcCampaignId = sfdcCampaignId;\n\t\t\t}\n\n            if (!window.hbspt) {\n                var script = document.createElement('script');\n                \/\/ script.async = true;\n                \/\/ script.defer = true;\n                script.src = 'https:\/\/js.hsforms.net\/forms\/v2.js';\n                document.body.appendChild(script);\n            }\n\n            setTimeout(function() {\n                if (window.hbspt) {\n                    hbspt.forms.create(obj_form_block);\n                }\n                \n            }, 1000);\n\n\t\t<\/script>\n    <\/div>\n\n <\/div>\n<\/div>\n<\/section>\n\n\n\n<section class=\"wp-block-group alignfull bk-slider-logos is-layout-constrained wp-block-group-is-layout-constrained\">\n<div class=\"wp-block-group alignwide row is-layout-constrained wp-block-group-is-layout-constrained\">\n<p class=\"text-cn\">Plus de <strong>1000 <\/strong>Compagnies nous font confiance.<\/p>\n\n\n\n\n    <div class=\"bk-block-slider-logos\" >\n        <div class=\"slider-cn type-init\">\n        <picture>\n                            <img src=\"https:\/\/doinn.co\/wp-content\/uploads\/2024\/10\/Be-Mate.png\" width=\"80\" height=\"60\" alt=\"\" loading=\"lazy\" decoding=\"async\"\/>\n                        <\/picture><picture>\n                            <img src=\"https:\/\/doinn.co\/wp-content\/uploads\/2024\/10\/Cubos-Holiday-Homes.png\" width=\"80\" height=\"60\" alt=\"\" loading=\"lazy\" decoding=\"async\"\/>\n                        <\/picture><picture>\n                            <img src=\"https:\/\/doinn.co\/wp-content\/uploads\/2024\/10\/Del-parque-flats.png\" width=\"80\" height=\"60\" alt=\"\" loading=\"lazy\" decoding=\"async\"\/>\n                        <\/picture><picture>\n                            <img src=\"https:\/\/doinn.co\/wp-content\/uploads\/2024\/10\/Habyt.png\" width=\"80\" height=\"60\" alt=\"\" loading=\"lazy\" decoding=\"async\"\/>\n                        <\/picture><picture>\n                            <img src=\"https:\/\/doinn.co\/wp-content\/uploads\/2024\/10\/Hosticasa.png\" width=\"80\" height=\"60\" alt=\"\" loading=\"lazy\" decoding=\"async\"\/>\n                        <\/picture><picture>\n                            <img src=\"https:\/\/doinn.co\/wp-content\/uploads\/2024\/10\/Me2-Rentals.png\" width=\"80\" height=\"60\" alt=\"\" loading=\"lazy\" decoding=\"async\"\/>\n                        <\/picture><picture>\n                            <img src=\"https:\/\/doinn.co\/wp-content\/uploads\/2024\/10\/Olala-Homes.png\" width=\"80\" height=\"60\" alt=\"\" loading=\"lazy\" decoding=\"async\"\/>\n                        <\/picture><picture>\n                            <img src=\"https:\/\/doinn.co\/wp-content\/uploads\/2024\/10\/Omar-Do-Rio.png\" width=\"80\" height=\"60\" alt=\"\" loading=\"lazy\" decoding=\"async\"\/>\n                        <\/picture><picture>\n                            <img src=\"https:\/\/doinn.co\/wp-content\/uploads\/2024\/10\/One-Habitat.png\" width=\"80\" height=\"60\" alt=\"\" loading=\"lazy\" decoding=\"async\"\/>\n                        <\/picture><picture>\n                            <img src=\"https:\/\/doinn.co\/wp-content\/uploads\/2024\/10\/Trudill-Services.png\" width=\"80\" height=\"60\" alt=\"\" loading=\"lazy\" decoding=\"async\"\/>\n                        <\/picture><picture>\n                            <img src=\"https:\/\/doinn.co\/wp-content\/uploads\/2024\/10\/Viva-Portugal.png\" width=\"80\" height=\"60\" alt=\"\" loading=\"lazy\" decoding=\"async\"\/>\n                        <\/picture><picture>\n                            <img src=\"https:\/\/doinn.co\/wp-content\/uploads\/2024\/10\/YON-Living.png\" width=\"80\" height=\"60\" alt=\"\" loading=\"lazy\" decoding=\"async\"\/>\n                        <\/picture><picture>\n                            <img src=\"https:\/\/doinn.co\/wp-content\/uploads\/2024\/10\/AvB_ID_TurquoiseSquareEN-1.svg\" width=\"199\" height=\"51\" alt=\"Avaibook\" loading=\"lazy\" decoding=\"async\"\/>\n                        <\/picture>        <\/div>\n\n    <\/div>\n\n<\/div>\n<\/section>\n","protected":false},"excerpt":{"rendered":"<p>Optimisez vos op\u00e9rations de location de vacances \u00c9conomisez jusqu&rsquo;\u00e0 3 fois sur les co\u00fbts op\u00e9rationnels gr\u00e2ce \u00e0 nos forfaits personnalis\u00e9s&#8230;<\/p>\n","protected":false},"author":14,"featured_media":0,"parent":0,"menu_order":0,"comment_status":"closed","ping_status":"closed","template":"","meta":{"_acf_changed":false,"footnotes":""},"class_list":["post-16885","page","type-page","status-publish","hentry"],"acf":[],"yoast_head":"<!-- This site is optimized with the Yoast SEO plugin v27.2 - https:\/\/yoast.com\/product\/yoast-seo-wordpress\/ -->\n<title>Doinn - Programmer une d\u00e9mo<\/title>\n<meta name=\"robots\" content=\"index, follow, max-snippet:-1, max-image-preview:large, max-video-preview:-1\" \/>\n<link rel=\"canonical\" href=\"https:\/\/doinn.co\/fr\/book-demo\/\" \/>\n<meta property=\"og:locale\" content=\"fr_FR\" \/>\n<meta property=\"og:type\" content=\"article\" \/>\n<meta property=\"og:title\" content=\"Doinn - Programmer une d\u00e9mo\" \/>\n<meta property=\"og:description\" content=\"Optimisez vos op\u00e9rations de location de vacances \u00c9conomisez jusqu&rsquo;\u00e0 3 fois sur les co\u00fbts op\u00e9rationnels gr\u00e2ce \u00e0 nos forfaits personnalis\u00e9s...\" \/>\n<meta property=\"og:url\" content=\"https:\/\/doinn.co\/fr\/book-demo\/\" \/>\n<meta property=\"og:site_name\" content=\"Doinn\" \/>\n<meta property=\"article:publisher\" content=\"https:\/\/www.facebook.com\/doinn.co\" \/>\n<meta property=\"article:modified_time\" content=\"2024-10-21T11:46:22+00:00\" \/>\n<meta name=\"twitter:card\" content=\"summary_large_image\" \/>\n<meta name=\"twitter:site\" content=\"@doinnco\" \/>\n<meta name=\"twitter:label1\" content=\"Dur\u00e9e de lecture estim\u00e9e\" \/>\n\t<meta name=\"twitter:data1\" content=\"1 minute\" \/>\n<script type=\"application\/ld+json\" class=\"yoast-schema-graph\">{\"@context\":\"https:\/\/schema.org\",\"@graph\":[{\"@type\":\"WebPage\",\"@id\":\"https:\/\/doinn.co\/fr\/book-demo\/\",\"url\":\"https:\/\/doinn.co\/fr\/book-demo\/\",\"name\":\"Doinn - Programmer une d\u00e9mo\",\"isPartOf\":{\"@id\":\"https:\/\/doinn.co\/fr\/#website\"},\"datePublished\":\"2024-10-17T16:32:37+00:00\",\"dateModified\":\"2024-10-21T11:46:22+00:00\",\"breadcrumb\":{\"@id\":\"https:\/\/doinn.co\/fr\/book-demo\/#breadcrumb\"},\"inLanguage\":\"fr-FR\",\"potentialAction\":[{\"@type\":\"ReadAction\",\"target\":[\"https:\/\/doinn.co\/fr\/book-demo\/\"]}]},{\"@type\":\"BreadcrumbList\",\"@id\":\"https:\/\/doinn.co\/fr\/book-demo\/#breadcrumb\",\"itemListElement\":[{\"@type\":\"ListItem\",\"position\":1,\"name\":\"Home\",\"item\":\"https:\/\/doinn.co\/fr\/\"},{\"@type\":\"ListItem\",\"position\":2,\"name\":\"Programmer une d\u00e9mo\"}]},{\"@type\":\"WebSite\",\"@id\":\"https:\/\/doinn.co\/fr\/#website\",\"url\":\"https:\/\/doinn.co\/fr\/\",\"name\":\"Doinn: Housekeeping Operations Made Simple\",\"description\":\"\",\"publisher\":{\"@id\":\"https:\/\/doinn.co\/fr\/#organization\"},\"potentialAction\":[{\"@type\":\"SearchAction\",\"target\":{\"@type\":\"EntryPoint\",\"urlTemplate\":\"https:\/\/doinn.co\/fr\/?s={search_term_string}\"},\"query-input\":{\"@type\":\"PropertyValueSpecification\",\"valueRequired\":true,\"valueName\":\"search_term_string\"}}],\"inLanguage\":\"fr-FR\"},{\"@type\":\"Organization\",\"@id\":\"https:\/\/doinn.co\/fr\/#organization\",\"name\":\"Doinn: Housekeeping Operations Made Simple\",\"url\":\"https:\/\/doinn.co\/fr\/\",\"logo\":{\"@type\":\"ImageObject\",\"inLanguage\":\"fr-FR\",\"@id\":\"https:\/\/doinn.co\/fr\/#\/schema\/logo\/image\/\",\"url\":\"\",\"contentUrl\":\"\",\"caption\":\"Doinn: Housekeeping Operations Made Simple\"},\"image\":{\"@id\":\"https:\/\/doinn.co\/fr\/#\/schema\/logo\/image\/\"},\"sameAs\":[\"https:\/\/www.facebook.com\/doinn.co\",\"https:\/\/x.com\/doinnco\",\"https:\/\/www.instagram.com\/doinn.co\",\"https:\/\/www.linkedin.com\/company\/doinn\"]}]}<\/script>\n<!-- \/ Yoast SEO plugin. -->","yoast_head_json":{"title":"Doinn - Programmer une d\u00e9mo","robots":{"index":"index","follow":"follow","max-snippet":"max-snippet:-1","max-image-preview":"max-image-preview:large","max-video-preview":"max-video-preview:-1"},"canonical":"https:\/\/doinn.co\/fr\/book-demo\/","og_locale":"fr_FR","og_type":"article","og_title":"Doinn - Programmer une d\u00e9mo","og_description":"Optimisez vos op\u00e9rations de location de vacances \u00c9conomisez jusqu&rsquo;\u00e0 3 fois sur les co\u00fbts op\u00e9rationnels gr\u00e2ce \u00e0 nos forfaits personnalis\u00e9s...","og_url":"https:\/\/doinn.co\/fr\/book-demo\/","og_site_name":"Doinn","article_publisher":"https:\/\/www.facebook.com\/doinn.co","article_modified_time":"2024-10-21T11:46:22+00:00","twitter_card":"summary_large_image","twitter_site":"@doinnco","twitter_misc":{"Dur\u00e9e de lecture estim\u00e9e":"1 minute"},"schema":{"@context":"https:\/\/schema.org","@graph":[{"@type":"WebPage","@id":"https:\/\/doinn.co\/fr\/book-demo\/","url":"https:\/\/doinn.co\/fr\/book-demo\/","name":"Doinn - Programmer une d\u00e9mo","isPartOf":{"@id":"https:\/\/doinn.co\/fr\/#website"},"datePublished":"2024-10-17T16:32:37+00:00","dateModified":"2024-10-21T11:46:22+00:00","breadcrumb":{"@id":"https:\/\/doinn.co\/fr\/book-demo\/#breadcrumb"},"inLanguage":"fr-FR","potentialAction":[{"@type":"ReadAction","target":["https:\/\/doinn.co\/fr\/book-demo\/"]}]},{"@type":"BreadcrumbList","@id":"https:\/\/doinn.co\/fr\/book-demo\/#breadcrumb","itemListElement":[{"@type":"ListItem","position":1,"name":"Home","item":"https:\/\/doinn.co\/fr\/"},{"@type":"ListItem","position":2,"name":"Programmer une d\u00e9mo"}]},{"@type":"WebSite","@id":"https:\/\/doinn.co\/fr\/#website","url":"https:\/\/doinn.co\/fr\/","name":"Doinn: Housekeeping Operations Made Simple","description":"","publisher":{"@id":"https:\/\/doinn.co\/fr\/#organization"},"potentialAction":[{"@type":"SearchAction","target":{"@type":"EntryPoint","urlTemplate":"https:\/\/doinn.co\/fr\/?s={search_term_string}"},"query-input":{"@type":"PropertyValueSpecification","valueRequired":true,"valueName":"search_term_string"}}],"inLanguage":"fr-FR"},{"@type":"Organization","@id":"https:\/\/doinn.co\/fr\/#organization","name":"Doinn: Housekeeping Operations Made Simple","url":"https:\/\/doinn.co\/fr\/","logo":{"@type":"ImageObject","inLanguage":"fr-FR","@id":"https:\/\/doinn.co\/fr\/#\/schema\/logo\/image\/","url":"","contentUrl":"","caption":"Doinn: Housekeeping Operations Made Simple"},"image":{"@id":"https:\/\/doinn.co\/fr\/#\/schema\/logo\/image\/"},"sameAs":["https:\/\/www.facebook.com\/doinn.co","https:\/\/x.com\/doinnco","https:\/\/www.instagram.com\/doinn.co","https:\/\/www.linkedin.com\/company\/doinn"]}]}},"_links":{"self":[{"href":"https:\/\/doinn.co\/fr\/wp-json\/wp\/v2\/pages\/16885","targetHints":{"allow":["GET"]}}],"collection":[{"href":"https:\/\/doinn.co\/fr\/wp-json\/wp\/v2\/pages"}],"about":[{"href":"https:\/\/doinn.co\/fr\/wp-json\/wp\/v2\/types\/page"}],"author":[{"embeddable":true,"href":"https:\/\/doinn.co\/fr\/wp-json\/wp\/v2\/users\/14"}],"replies":[{"embeddable":true,"href":"https:\/\/doinn.co\/fr\/wp-json\/wp\/v2\/comments?post=16885"}],"version-history":[{"count":5,"href":"https:\/\/doinn.co\/fr\/wp-json\/wp\/v2\/pages\/16885\/revisions"}],"predecessor-version":[{"id":17005,"href":"https:\/\/doinn.co\/fr\/wp-json\/wp\/v2\/pages\/16885\/revisions\/17005"}],"wp:attachment":[{"href":"https:\/\/doinn.co\/fr\/wp-json\/wp\/v2\/media?parent=16885"}],"curies":[{"name":"wp","href":"https:\/\/api.w.org\/{rel}","templated":true}]}}