{"id":11062,"date":"2022-10-31T15:39:12","date_gmt":"2022-10-31T15:39:12","guid":{"rendered":"https:\/\/doinn.co\/a-propos-de-nous\/"},"modified":"2023-07-12T10:26:47","modified_gmt":"2023-07-12T10:26:47","slug":"a-propos-de-nous","status":"publish","type":"page","link":"https:\/\/doinn.co\/fr\/a-propos-de-nous\/","title":{"rendered":"A propos de nous"},"content":{"rendered":"<div id=\"\" class=\"section-title container\" style=\"margin-bottom:96px;;margin-top:0px;margin-left:px;;margin-right:px\">\r\n    \r\n    \n<div class=\"block-title\">\n            <h1 class=\"title\" style=\"\">Que faisons-nous ?<\/h1>\n    \n            <p style=\"\">Plateforme tout-en-un de services et d&rsquo;op\u00e9rations d&rsquo;entretien m\u00e9nager.<\/p>\n    \n    <\/div>\r\n    \n<div class=\"block-buttons\">\n    \n    <\/div><\/div><div id=\"\" class=\"fifty-fifty container image-left block\" style=\"margin-bottom:px;;margin-top:px;margin-left:px;;margin-right:px\">\r\n    \r\n        <div class=\"cols cols-left\">\r\n            <img decoding=\"async\" src=\"https:\/\/doinn.co\/wp-content\/uploads\/2023\/04\/About-us-Why-are-we-doinn-it.png\" class=\"image\" alt=\"\">\r\n        <\/div>\r\n    \r\n    \r\n    <div class=\"cols cols-right\">\r\n        \r\n        \n<div class=\"block-title\">\n            <h2 class=\"title\" style=\"\">Pourquoi le faisons-nous ?<\/h2>\n    \n    \n            <p style=\"\">La graine de DOINN a \u00e9t\u00e9 plant\u00e9e en 2014 apr\u00e8s un voyage autour du monde avec des nuits pass\u00e9es dans des locations de vacances. Les fondateurs ont rapidement remarqu\u00e9 que de nombreux h\u00e9bergements dans lesquels ils s\u00e9journaient n&rsquo;\u00e9taient pas \u00e0 la hauteur de leurs attentes et ont vu une opportunit\u00e9 d&rsquo;am\u00e9liorer la qualit\u00e9 et le confort des h\u00e9bergements locaux gr\u00e2ce \u00e0 la technologie et aux fournisseurs de services de nettoyage d&rsquo;h\u00f4tels.<br \/>\n<br \/>\n<br \/>\nDepuis, Doinn est devenu une plateforme compl\u00e8te qui aide les gestionnaires immobiliers et les entreprises de nettoyage et de blanchisserie \u00e0 r\u00e9pondre efficacement \u00e0 tous les besoins op\u00e9rationnels li\u00e9s \u00e0 l&rsquo;h\u00e9bergement local. En outre, il fournit des analyses d\u00e9taill\u00e9es afin que les utilisateurs puissent mieux comprendre comment les clients interagissent avec leurs propri\u00e9t\u00e9s, ce qui leur permet de prendre des d\u00e9cisions \u00e9clair\u00e9es sur les nouvelles embauches, les meilleurs pratiques, etc.<\/p>\n    <\/div>        \n<div class=\"block-buttons\">\n    \n    <\/div>\r\n            <\/div>\r\n<\/div>\r\n<div id=\"\" class=\"fifty-fifty container image-right block\" style=\"margin-bottom:px;;margin-top:px;margin-left:px;;margin-right:px\">\r\n    \r\n        <div class=\"cols cols-left\">\r\n            <img decoding=\"async\" src=\"https:\/\/doinn.co\/wp-content\/uploads\/2023\/04\/About-us-Who-is-doinn-this.png\" class=\"image\" alt=\"\">\r\n        <\/div>\r\n    \r\n    \r\n    <div class=\"cols cols-right\">\r\n        \r\n        \n<div class=\"block-title\">\n            <h2 class=\"title\" style=\"\">Qui fait cela ?  <\/h2>\n    \n    \n            <p style=\"\">Les Doinners sont une \u00e9quipe de r\u00eaveurs et de faiseurs.<br \/>\n<br \/>\nUne \u00e9quipe \u00e9quilibr\u00e9e et diversifi\u00e9e de professionnels aux comp\u00e9tences et perspectives compl\u00e9mentaires qui se soutiennent mutuellement dans la r\u00e9alisation de nos objectifs.<br \/>\nNous c\u00e9l\u00e9brons et soutenons la diversit\u00e9, et nous nous en nourrissons pour le b\u00e9n\u00e9fice de l&rsquo;\u00e9quipe, de nos produits et de notre communaut\u00e9.<\/p>\n    <\/div>        \n<div class=\"block-buttons\">\n    \n    <\/div>\r\n            <\/div>\r\n<\/div>\r\n\n<div class=\"wp-block-columns container spacing is-layout-flex wp-container-core-columns-is-layout-9d6595d7 wp-block-columns-is-layout-flex\"><\/div>\n\n<div class=\"wp-block-columns container spacing is-layout-flex wp-container-core-columns-is-layout-9d6595d7 wp-block-columns-is-layout-flex\"><\/div>\n<div id=\"\" class=\"data-grid container block\" style=\"margin-bottom:px;;margin-top:px;margin-left:px;;margin-right:px\">\r\n    \n<div class=\"block-title\">\n            <h2 class=\"title\" style=\"\">Pourquoi Doinn<\/h2>\n    \n            <p style=\"\">Des outils de productivit\u00e9 et des analyses intelligentes qui transforment vos objectifs en r\u00e9alit\u00e9<\/p>\n    \n    <\/div>\r\n    <div class=\"cols\">\r\n                    <ul>\r\n                \r\n                    <li>\r\n                                                    <div class=\"icon\"><img loading=\"lazy\" decoding=\"async\" width=\"32\" height=\"32\" src=\"https:\/\/doinn.co\/wp-content\/uploads\/2023\/03\/quality-assurance.svg\" class=\"attachment-medium size-medium\" alt=\"\" \/><\/div>\r\n                                                \r\n                        <div class=\"title\">Assurance de la qualit\u00e9<\/div>\r\n\r\n                        <p class=\"description\">Contr\u00f4ler les processus et les outils num\u00e9riques qui garantissent les r\u00e9sultats. Lib\u00e9rez-vous de la subjectivit\u00e9 et des opinions dans vos interactions et utilisez nos donn\u00e9es transparentes comme preuve de votre travail et comme syst\u00e8me de qualit\u00e9 bas\u00e9 sur la performance pour mesurer, contr\u00f4ler et \u00e9valuer la prestation de services.<\/p>\r\n                    <\/li>\r\n\r\n                \r\n                    <li>\r\n                                                    <div class=\"icon\"><img loading=\"lazy\" decoding=\"async\" width=\"32\" height=\"32\" src=\"https:\/\/doinn.co\/wp-content\/uploads\/2023\/03\/human-capital.svg\" class=\"attachment-medium size-medium\" alt=\"\" \/><\/div>\r\n                                                \r\n                        <div class=\"title\">Capital humain \/ Travail<\/div>\r\n\r\n                        <p class=\"description\">La piste de performance a facilit\u00e9 les choses. Identifier les employ\u00e9s les plus performants (temps et co\u00fbts) pour apprendre, r\u00e9mun\u00e9rer et mettre en \u0153uvre des processus efficaces. Attirer et retenir les talents, donner \u00e0 l&rsquo;\u00e9quipe la possibilit\u00e9 d&rsquo;essayer de nouvelles choses et d&rsquo;\u00e9largir ses comp\u00e9tences en permanence sur la base des donn\u00e9es.<\/p>\r\n                    <\/li>\r\n\r\n                \r\n                    <li>\r\n                                                    <div class=\"icon\"><img loading=\"lazy\" decoding=\"async\" width=\"32\" height=\"32\" src=\"https:\/\/doinn.co\/wp-content\/uploads\/2023\/03\/communications.svg\" class=\"attachment-medium size-medium\" alt=\"\" \/><\/div>\r\n                                                \r\n                        <div class=\"title\">Omni &#8211; Communications<\/div>\r\n\r\n                        <p class=\"description\">Ne manquez jamais une information. Suivre facilement n&rsquo;importe quel message dans toutes les propri\u00e9t\u00e9s. Avec une seule personne ou en groupe, profitez du syst\u00e8me de messagerie en \u00e9tiquetant les utilisateurs, les services ou les propri\u00e9t\u00e9s pour que votre message soit clair. Permettez aux membres de l&rsquo;\u00e9quipe de lire et d&rsquo;\u00e9crire dans leur propre langue gr\u00e2ce \u00e0 nos outils de traduction instantan\u00e9e.<\/p>\r\n                    <\/li>\r\n\r\n                \r\n                    <li>\r\n                                                    <div class=\"icon\"><img loading=\"lazy\" decoding=\"async\" width=\"32\" height=\"32\" src=\"https:\/\/doinn.co\/wp-content\/uploads\/2023\/03\/logistics.svg\" class=\"attachment-medium size-medium\" alt=\"\" \/><\/div>\r\n                                                \r\n                        <div class=\"title\">Logistique<\/div>\r\n\r\n                        <p class=\"description\">La visibilit\u00e9 et la planification contribuent \u00e0 l&rsquo;agilit\u00e9 globale de la logistique. Amener les \u00e9quipes sur le terrain \u00e0 r\u00e9pondre aux probl\u00e8mes impr\u00e9vus et \u00e0 mettre en \u0153uvre des solutions avec rapidit\u00e9 et pr\u00e9cision. Mettre \u00e0 jour automatiquement le nombre de fournitures lorsque les t\u00e2ches et les ordres de travail sont termin\u00e9s.<\/p>\r\n                    <\/li>\r\n\r\n                \r\n                    <li>\r\n                                                    <div class=\"icon\"><img loading=\"lazy\" decoding=\"async\" width=\"31\" height=\"32\" src=\"https:\/\/doinn.co\/wp-content\/uploads\/2023\/03\/time-optimization.svg\" class=\"attachment-medium size-medium\" alt=\"\" \/><\/div>\r\n                                                \r\n                        <div class=\"title\">Optimisation du temps<\/div>\r\n\r\n                        <p class=\"description\">R\u00e9partition intelligente et optimisation du temps pour les \u00e9quipes de premi\u00e8re ligne. Flux de travail bas\u00e9s sur la formule des 5 \u00e9l\u00e9ments de Doinn : o\u00f9, quand, quoi, comment et qui. Attribuer du travail \u00e0 votre \u00e9quipe et\/ou \u00e0 des \u00e9quipes externalis\u00e9es.<\/p>\r\n                    <\/li>\r\n\r\n                \r\n                    <li>\r\n                                                    <div class=\"icon\"><img loading=\"lazy\" decoding=\"async\" width=\"32\" height=\"32\" src=\"https:\/\/doinn.co\/wp-content\/uploads\/2023\/03\/financials.svg\" class=\"attachment-medium size-medium\" alt=\"\" \/><\/div>\r\n                                                \r\n                        <div class=\"title\">Finances<\/div>\r\n\r\n                        <p class=\"description\">Des fonctionnalit\u00e9s illimit\u00e9es pour d\u00e9velopper et faire \u00e9voluer votre entreprise Obtenez une vue d&rsquo;ensemble pour prendre des d\u00e9cisions \u00e9clair\u00e9es gr\u00e2ce \u00e0 un tableau de bord personnalis\u00e9, des diagrammes d&rsquo;op\u00e9rations et des rapports. Tout en un seul endroit pour une ou plusieurs villes, pour un ou plusieurs clients et\/ou fournisseurs<\/p>\r\n                    <\/li>\r\n\r\n                \r\n                    <li>\r\n                                                    <div class=\"icon\"><img loading=\"lazy\" decoding=\"async\" width=\"32\" height=\"32\" src=\"https:\/\/doinn.co\/wp-content\/uploads\/2023\/03\/data-dashboards.svg\" class=\"attachment-medium size-medium\" alt=\"\" \/><\/div>\r\n                                                \r\n                        <div class=\"title\">Tableaux de bord<\/div>\r\n\r\n                        <p class=\"description\">Am\u00e9liorer la visibilit\u00e9 gr\u00e2ce \u00e0 des tableaux de bord. Optimiser les performances et maximiser les revenus gr\u00e2ce \u00e0 une gamme compl\u00e8te d&rsquo;informations en temps r\u00e9el et \u00e0 des op\u00e9rations et des donn\u00e9es pr\u00e9visibles, pour la qualit\u00e9, les stocks, les ressources humaines, les communications, la logistique et les finances.<\/p>\r\n                    <\/li>\r\n\r\n                \r\n                    <li>\r\n                                                    <div class=\"icon\"><img loading=\"lazy\" decoding=\"async\" width=\"32\" height=\"32\" src=\"https:\/\/doinn.co\/wp-content\/uploads\/2023\/03\/real-time.svg\" class=\"attachment-medium size-medium\" alt=\"\" \/><\/div>\r\n                                                \r\n                        <div class=\"title\">\u00c9tat des services en temps r\u00e9el<\/div>\r\n\r\n                        <p class=\"description\">Obtenez une vue d&rsquo;ensemble de chaque t\u00e2che et de l&rsquo;ensemble de la vue d&rsquo;ensemble gr\u00e2ce \u00e0 l&rsquo;\u00e9tat des t\u00e2ches en temps r\u00e9el et aux rapports de nettoyage. Maximisez vos revenus gr\u00e2ce au syst\u00e8me intelligent de r\u00e9partition des t\u00e2ches et suivez en temps r\u00e9el l&rsquo;\u00e9tat de chaque service.<\/p>\r\n                    <\/li>\r\n\r\n                            <\/ul>\r\n            <\/div>\r\n<\/div>\r\n<div id=\"\" class=\"container block\" style=\"margin-bottom:px;;margin-top:px;margin-left:px;;margin-right:px\">\r\n    <div class=\"small-banner container\" \r\n        style=\"border-radius:16px;background: #6F5EFF;box-shadow: 0px 0px 50px rgba(111,94,255,0.5);color: #ffffff;\"\r\n    >\r\n        \n<div class=\"block-title\">\n            <h2 class=\"title\" style=\"color: #ffffff;\">Pr\u00eat \u00e0 commencer ?<\/h2>\n    \n    \n            <p style=\"color: #ffffff;\">Essai gratuit de 14 jours | Pas de carte de cr\u00e9dit n\u00e9cessaire<\/p>\n    <\/div>        \n<div class=\"block-buttons\">\n            <a \n            target=\"_self\" \n            href=\"https:\/\/app.doinn.co\/registration\" \n            class=\"button secondary lighter\" \n            style=\"\">\n                Commencez gratuitement        <\/a>\n    \n            <a \n            target=\"_self\" \n            href=\"https:\/\/share-eu1.hsforms.com\/1HhBsHkK1RL263thuCcT6pAfgk9m\" \n            class=\"button outlined\" \n            style=\"\">\n                   \n                Parlez-nous            <\/a>\n    <\/div>    <\/div>\r\n<\/div>","protected":false},"excerpt":{"rendered":"","protected":false},"author":2,"featured_media":9547,"parent":0,"menu_order":0,"comment_status":"closed","ping_status":"closed","template":"template-internal-page.php","meta":{"_acf_changed":false,"footnotes":""},"class_list":["post-11062","page","type-page","status-publish","has-post-thumbnail","hentry"],"acf":[],"yoast_head":"<!-- This site is optimized with the Yoast SEO plugin v27.2 - https:\/\/yoast.com\/product\/yoast-seo-wordpress\/ -->\n<title>Doinn - A propos de nous<\/title>\n<meta name=\"robots\" content=\"index, follow, max-snippet:-1, max-image-preview:large, max-video-preview:-1\" \/>\n<link rel=\"canonical\" href=\"https:\/\/doinn.co\/fr\/a-propos-de-nous\/\" \/>\n<meta property=\"og:locale\" content=\"fr_FR\" \/>\n<meta property=\"og:type\" content=\"article\" \/>\n<meta property=\"og:title\" content=\"Doinn - A propos de nous\" \/>\n<meta property=\"og:url\" content=\"https:\/\/doinn.co\/fr\/a-propos-de-nous\/\" \/>\n<meta property=\"og:site_name\" content=\"Doinn\" \/>\n<meta property=\"article:publisher\" content=\"https:\/\/www.facebook.com\/doinn.co\" \/>\n<meta property=\"article:modified_time\" content=\"2023-07-12T10:26:47+00:00\" \/>\n<meta property=\"og:image\" content=\"https:\/\/doinn.co\/wp-content\/uploads\/2022\/12\/Fondo_2-3-1024x576.png\" \/>\n\t<meta property=\"og:image:width\" content=\"1024\" \/>\n\t<meta property=\"og:image:height\" content=\"576\" \/>\n\t<meta property=\"og:image:type\" content=\"image\/png\" \/>\n<meta name=\"twitter:card\" content=\"summary_large_image\" \/>\n<meta name=\"twitter:site\" content=\"@doinnco\" \/>\n<script type=\"application\/ld+json\" class=\"yoast-schema-graph\">{\"@context\":\"https:\/\/schema.org\",\"@graph\":[{\"@type\":\"WebPage\",\"@id\":\"https:\/\/doinn.co\/fr\/a-propos-de-nous\/\",\"url\":\"https:\/\/doinn.co\/fr\/a-propos-de-nous\/\",\"name\":\"Doinn - A propos de nous\",\"isPartOf\":{\"@id\":\"https:\/\/doinn.co\/fr\/#website\"},\"primaryImageOfPage\":{\"@id\":\"https:\/\/doinn.co\/fr\/a-propos-de-nous\/#primaryimage\"},\"image\":{\"@id\":\"https:\/\/doinn.co\/fr\/a-propos-de-nous\/#primaryimage\"},\"thumbnailUrl\":\"https:\/\/doinn.co\/wp-content\/uploads\/2022\/12\/Fondo_2-3.png\",\"datePublished\":\"2022-10-31T15:39:12+00:00\",\"dateModified\":\"2023-07-12T10:26:47+00:00\",\"breadcrumb\":{\"@id\":\"https:\/\/doinn.co\/fr\/a-propos-de-nous\/#breadcrumb\"},\"inLanguage\":\"fr-FR\",\"potentialAction\":[{\"@type\":\"ReadAction\",\"target\":[\"https:\/\/doinn.co\/fr\/a-propos-de-nous\/\"]}]},{\"@type\":\"ImageObject\",\"inLanguage\":\"fr-FR\",\"@id\":\"https:\/\/doinn.co\/fr\/a-propos-de-nous\/#primaryimage\",\"url\":\"https:\/\/doinn.co\/wp-content\/uploads\/2022\/12\/Fondo_2-3.png\",\"contentUrl\":\"https:\/\/doinn.co\/wp-content\/uploads\/2022\/12\/Fondo_2-3.png\",\"width\":8000,\"height\":4500},{\"@type\":\"BreadcrumbList\",\"@id\":\"https:\/\/doinn.co\/fr\/a-propos-de-nous\/#breadcrumb\",\"itemListElement\":[{\"@type\":\"ListItem\",\"position\":1,\"name\":\"Home\",\"item\":\"https:\/\/doinn.co\/fr\/\"},{\"@type\":\"ListItem\",\"position\":2,\"name\":\"A propos de nous\"}]},{\"@type\":\"WebSite\",\"@id\":\"https:\/\/doinn.co\/fr\/#website\",\"url\":\"https:\/\/doinn.co\/fr\/\",\"name\":\"Doinn: Housekeeping Operations Made Simple\",\"description\":\"\",\"publisher\":{\"@id\":\"https:\/\/doinn.co\/fr\/#organization\"},\"potentialAction\":[{\"@type\":\"SearchAction\",\"target\":{\"@type\":\"EntryPoint\",\"urlTemplate\":\"https:\/\/doinn.co\/fr\/?s={search_term_string}\"},\"query-input\":{\"@type\":\"PropertyValueSpecification\",\"valueRequired\":true,\"valueName\":\"search_term_string\"}}],\"inLanguage\":\"fr-FR\"},{\"@type\":\"Organization\",\"@id\":\"https:\/\/doinn.co\/fr\/#organization\",\"name\":\"Doinn: Housekeeping Operations Made Simple\",\"url\":\"https:\/\/doinn.co\/fr\/\",\"logo\":{\"@type\":\"ImageObject\",\"inLanguage\":\"fr-FR\",\"@id\":\"https:\/\/doinn.co\/fr\/#\/schema\/logo\/image\/\",\"url\":\"\",\"contentUrl\":\"\",\"caption\":\"Doinn: Housekeeping Operations Made Simple\"},\"image\":{\"@id\":\"https:\/\/doinn.co\/fr\/#\/schema\/logo\/image\/\"},\"sameAs\":[\"https:\/\/www.facebook.com\/doinn.co\",\"https:\/\/x.com\/doinnco\",\"https:\/\/www.instagram.com\/doinn.co\",\"https:\/\/www.linkedin.com\/company\/doinn\"]}]}<\/script>\n<!-- \/ Yoast SEO plugin. -->","yoast_head_json":{"title":"Doinn - A propos de nous","robots":{"index":"index","follow":"follow","max-snippet":"max-snippet:-1","max-image-preview":"max-image-preview:large","max-video-preview":"max-video-preview:-1"},"canonical":"https:\/\/doinn.co\/fr\/a-propos-de-nous\/","og_locale":"fr_FR","og_type":"article","og_title":"Doinn - A propos de nous","og_url":"https:\/\/doinn.co\/fr\/a-propos-de-nous\/","og_site_name":"Doinn","article_publisher":"https:\/\/www.facebook.com\/doinn.co","article_modified_time":"2023-07-12T10:26:47+00:00","og_image":[{"width":1024,"height":576,"url":"https:\/\/doinn.co\/wp-content\/uploads\/2022\/12\/Fondo_2-3-1024x576.png","type":"image\/png"}],"twitter_card":"summary_large_image","twitter_site":"@doinnco","schema":{"@context":"https:\/\/schema.org","@graph":[{"@type":"WebPage","@id":"https:\/\/doinn.co\/fr\/a-propos-de-nous\/","url":"https:\/\/doinn.co\/fr\/a-propos-de-nous\/","name":"Doinn - A propos de nous","isPartOf":{"@id":"https:\/\/doinn.co\/fr\/#website"},"primaryImageOfPage":{"@id":"https:\/\/doinn.co\/fr\/a-propos-de-nous\/#primaryimage"},"image":{"@id":"https:\/\/doinn.co\/fr\/a-propos-de-nous\/#primaryimage"},"thumbnailUrl":"https:\/\/doinn.co\/wp-content\/uploads\/2022\/12\/Fondo_2-3.png","datePublished":"2022-10-31T15:39:12+00:00","dateModified":"2023-07-12T10:26:47+00:00","breadcrumb":{"@id":"https:\/\/doinn.co\/fr\/a-propos-de-nous\/#breadcrumb"},"inLanguage":"fr-FR","potentialAction":[{"@type":"ReadAction","target":["https:\/\/doinn.co\/fr\/a-propos-de-nous\/"]}]},{"@type":"ImageObject","inLanguage":"fr-FR","@id":"https:\/\/doinn.co\/fr\/a-propos-de-nous\/#primaryimage","url":"https:\/\/doinn.co\/wp-content\/uploads\/2022\/12\/Fondo_2-3.png","contentUrl":"https:\/\/doinn.co\/wp-content\/uploads\/2022\/12\/Fondo_2-3.png","width":8000,"height":4500},{"@type":"BreadcrumbList","@id":"https:\/\/doinn.co\/fr\/a-propos-de-nous\/#breadcrumb","itemListElement":[{"@type":"ListItem","position":1,"name":"Home","item":"https:\/\/doinn.co\/fr\/"},{"@type":"ListItem","position":2,"name":"A propos de nous"}]},{"@type":"WebSite","@id":"https:\/\/doinn.co\/fr\/#website","url":"https:\/\/doinn.co\/fr\/","name":"Doinn: Housekeeping Operations Made Simple","description":"","publisher":{"@id":"https:\/\/doinn.co\/fr\/#organization"},"potentialAction":[{"@type":"SearchAction","target":{"@type":"EntryPoint","urlTemplate":"https:\/\/doinn.co\/fr\/?s={search_term_string}"},"query-input":{"@type":"PropertyValueSpecification","valueRequired":true,"valueName":"search_term_string"}}],"inLanguage":"fr-FR"},{"@type":"Organization","@id":"https:\/\/doinn.co\/fr\/#organization","name":"Doinn: Housekeeping Operations Made Simple","url":"https:\/\/doinn.co\/fr\/","logo":{"@type":"ImageObject","inLanguage":"fr-FR","@id":"https:\/\/doinn.co\/fr\/#\/schema\/logo\/image\/","url":"","contentUrl":"","caption":"Doinn: Housekeeping Operations Made Simple"},"image":{"@id":"https:\/\/doinn.co\/fr\/#\/schema\/logo\/image\/"},"sameAs":["https:\/\/www.facebook.com\/doinn.co","https:\/\/x.com\/doinnco","https:\/\/www.instagram.com\/doinn.co","https:\/\/www.linkedin.com\/company\/doinn"]}]}},"_links":{"self":[{"href":"https:\/\/doinn.co\/fr\/wp-json\/wp\/v2\/pages\/11062","targetHints":{"allow":["GET"]}}],"collection":[{"href":"https:\/\/doinn.co\/fr\/wp-json\/wp\/v2\/pages"}],"about":[{"href":"https:\/\/doinn.co\/fr\/wp-json\/wp\/v2\/types\/page"}],"author":[{"embeddable":true,"href":"https:\/\/doinn.co\/fr\/wp-json\/wp\/v2\/users\/2"}],"replies":[{"embeddable":true,"href":"https:\/\/doinn.co\/fr\/wp-json\/wp\/v2\/comments?post=11062"}],"version-history":[{"count":1,"href":"https:\/\/doinn.co\/fr\/wp-json\/wp\/v2\/pages\/11062\/revisions"}],"predecessor-version":[{"id":11066,"href":"https:\/\/doinn.co\/fr\/wp-json\/wp\/v2\/pages\/11062\/revisions\/11066"}],"wp:featuredmedia":[{"embeddable":true,"href":"https:\/\/doinn.co\/fr\/wp-json\/wp\/v2\/media\/9547"}],"wp:attachment":[{"href":"https:\/\/doinn.co\/fr\/wp-json\/wp\/v2\/media?parent=11062"}],"curies":[{"name":"wp","href":"https:\/\/api.w.org\/{rel}","templated":true}]}}