{"id":11058,"date":"2023-04-21T16:25:42","date_gmt":"2023-04-21T16:25:42","guid":{"rendered":"https:\/\/doinn.co\/application-doinn\/"},"modified":"2024-04-17T10:50:51","modified_gmt":"2024-04-17T10:50:51","slug":"application-doinn","status":"publish","type":"page","link":"https:\/\/doinn.co\/fr\/application-doinn\/","title":{"rendered":"Application Doinn"},"content":{"rendered":"<div id=\"\" class=\"section-title container\" style=\"margin-bottom:96px;;margin-top:0px;margin-left:px;;margin-right:px\">\r\n    \r\n    \n<div class=\"block-title\">\n            <h1 class=\"title\" style=\"\">Application Doinn<\/h1>\n    \n            <p style=\"\">Gagner un temps pr\u00e9cieux en num\u00e9risant les communications<\/p>\n    \n    <\/div>\r\n    \n<div class=\"block-buttons\">\n    \n    <\/div><\/div><div id=\"\" class=\"fifty-fifty container image-left block\" style=\"margin-bottom:px;;margin-top:px;margin-left:px;;margin-right:px\">\r\n    \r\n        <div class=\"cols cols-left\">\r\n            <img decoding=\"async\" src=\"https:\/\/doinn.co\/wp-content\/uploads\/2023\/04\/Doinn-App-Get-sync.png\" class=\"image\" alt=\"\">\r\n        <\/div>\r\n    \r\n    \r\n    <div class=\"cols cols-right\">\r\n        \r\n        \n<div class=\"block-title\">\n            <h2 class=\"title\" style=\"\">Se synchroniser<\/h2>\n    \n    \n            <p style=\"\">Centralisez tous les messages dans l&rsquo;application et filtrez-les par client, nettoyeur, service ou propri\u00e9t\u00e9.<br \/>\nInformez en continu de l&rsquo;\u00e9tat de chaque service, des alertes de maintenance et demandez du temps suppl\u00e9mentaire ou du linge en cas de besoin. <br \/>\n<br \/>\nPermettre \u00e0 tous les membres de l&rsquo;\u00e9quipe d&rsquo;obtenir des informations et des messages en temps r\u00e9el.<br \/>\n<br \/>\nSuivez facilement toute mise \u00e0 jour, aucune information ne peut \u00eatre manqu\u00e9e.<\/p>\n    <\/div>        \n<div class=\"block-buttons\">\n    \n    <\/div>\r\n            <\/div>\r\n<\/div>\r\n<div id=\"\" class=\"fifty-fifty container image-left block\" style=\"margin-bottom:px;;margin-top:px;margin-left:px;;margin-right:px\">\r\n    \r\n        <div class=\"cols cols-left\">\r\n            <img decoding=\"async\" src=\"https:\/\/doinn.co\/wp-content\/uploads\/2023\/04\/Doinn-App-Get-real-time.png\" class=\"image\" alt=\"\">\r\n        <\/div>\r\n    \r\n    \r\n    <div class=\"cols cols-right\">\r\n        \r\n        \n<div class=\"block-title\">\n            <h2 class=\"title\" style=\"\">Obtenir des rapports en temps r\u00e9el sur l&rsquo;\u00e9tat des travaux et le nettoyage<\/h2>\n    \n    \n            <p style=\"\">Maximisez vos marges gr\u00e2ce au syst\u00e8me intelligent de r\u00e9partition des t\u00e2ches et suivez en temps r\u00e9el l&rsquo;\u00e9tat de chaque service.<\/p>\n    <\/div>        \n<div class=\"block-buttons\">\n    \n    <\/div>\r\n            <\/div>\r\n<\/div>\r\n<div id=\"\" class=\"fifty-fifty container image-left block\" style=\"margin-bottom:px;;margin-top:px;margin-left:px;;margin-right:px\">\r\n    \r\n        <div class=\"cols cols-left\">\r\n            <img decoding=\"async\" src=\"https:\/\/doinn.co\/wp-content\/uploads\/2023\/04\/Doinn-App-Translation-tools.png\" class=\"image\" alt=\"\">\r\n        <\/div>\r\n    \r\n    \r\n    <div class=\"cols cols-right\">\r\n        \r\n        \n<div class=\"block-title\">\n            <h2 class=\"title\" style=\"\">Outils de traduction<\/h2>\n    \n    \n            <p style=\"\">Engagez divers nettoyeurs et continuez \u00e0 v\u00e9rifier les d\u00e9g\u00e2ts mat\u00e9riels entre les invit\u00e9s qui envoient des SMS dans leur propre langue gr\u00e2ce \u00e0 la puissance des outils de traduction intelligente artificielle.<br \/>\n<br \/>\nLes Doinners sont tr\u00e8s fiers de l&rsquo;impact social qu&rsquo;ils ont en supprimant la barri\u00e8re linguistique.<br \/>\n<\/p>\n    <\/div>        \n<div class=\"block-buttons\">\n    \n    <\/div>\r\n            <\/div>\r\n<\/div>\r\n\r\n<div id=\"\" class=\"container block\" style=\"margin-bottom:px;;margin-top:px;margin-left:px;;margin-right:px\">\r\n    <div class=\"small-banner container\" \r\n        style=\"border-radius:16px;background: #6F5EFF;box-shadow: 0px 0px 50px rgba(111,94,255,0.5);color: #ffffff;\"\r\n    >\r\n        \n<div class=\"block-title\">\n            <h2 class=\"title\" style=\"color: #ffffff;\">T\u00e9l\u00e9charger notre application<\/h2>\n    \n    \n    <\/div>        \n<div class=\"block-buttons\">\n            <a \n            target=\"_self\" \n            href=\"https:\/\/play.google.com\/store\/apps\/details?id=co.doinn.vendorapp&amp;hl=en&amp;gl=US&amp;pli=1\" \n            class=\"button secondary lighter\" \n            style=\"\">\n                T\u00e9l\u00e9charger l&rsquo;application        <\/a>\n    \n    <\/div>    <\/div>\r\n<\/div>","protected":false},"excerpt":{"rendered":"","protected":false},"author":2,"featured_media":9920,"parent":0,"menu_order":0,"comment_status":"closed","ping_status":"closed","template":"template-internal-page.php","meta":{"_acf_changed":false,"footnotes":""},"class_list":["post-11058","page","type-page","status-publish","has-post-thumbnail","hentry"],"acf":[],"yoast_head":"<!-- This site is optimized with the Yoast SEO plugin v27.2 - https:\/\/yoast.com\/product\/yoast-seo-wordpress\/ -->\n<title>Doinn - Application Doinn<\/title>\n<meta name=\"robots\" content=\"index, follow, max-snippet:-1, max-image-preview:large, max-video-preview:-1\" \/>\n<link rel=\"canonical\" href=\"https:\/\/doinn.co\/fr\/application-doinn\/\" \/>\n<meta property=\"og:locale\" content=\"fr_FR\" \/>\n<meta property=\"og:type\" content=\"article\" \/>\n<meta property=\"og:title\" content=\"Doinn - Application Doinn\" \/>\n<meta property=\"og:url\" content=\"https:\/\/doinn.co\/fr\/application-doinn\/\" \/>\n<meta property=\"og:site_name\" content=\"Doinn\" \/>\n<meta property=\"article:publisher\" content=\"https:\/\/www.facebook.com\/doinn.co\" \/>\n<meta property=\"article:modified_time\" content=\"2024-04-17T10:50:51+00:00\" \/>\n<meta property=\"og:image\" content=\"https:\/\/doinn.co\/wp-content\/uploads\/2023\/04\/Resources-01.png\" \/>\n\t<meta property=\"og:image:width\" content=\"302\" \/>\n\t<meta property=\"og:image:height\" content=\"180\" \/>\n\t<meta property=\"og:image:type\" content=\"image\/png\" \/>\n<meta name=\"twitter:card\" content=\"summary_large_image\" \/>\n<meta name=\"twitter:site\" content=\"@doinnco\" \/>\n<script type=\"application\/ld+json\" class=\"yoast-schema-graph\">{\"@context\":\"https:\/\/schema.org\",\"@graph\":[{\"@type\":\"WebPage\",\"@id\":\"https:\/\/doinn.co\/fr\/application-doinn\/\",\"url\":\"https:\/\/doinn.co\/fr\/application-doinn\/\",\"name\":\"Doinn - Application Doinn\",\"isPartOf\":{\"@id\":\"https:\/\/doinn.co\/fr\/#website\"},\"primaryImageOfPage\":{\"@id\":\"https:\/\/doinn.co\/fr\/application-doinn\/#primaryimage\"},\"image\":{\"@id\":\"https:\/\/doinn.co\/fr\/application-doinn\/#primaryimage\"},\"thumbnailUrl\":\"https:\/\/doinn.co\/wp-content\/uploads\/2023\/04\/Resources-01.png\",\"datePublished\":\"2023-04-21T16:25:42+00:00\",\"dateModified\":\"2024-04-17T10:50:51+00:00\",\"breadcrumb\":{\"@id\":\"https:\/\/doinn.co\/fr\/application-doinn\/#breadcrumb\"},\"inLanguage\":\"fr-FR\",\"potentialAction\":[{\"@type\":\"ReadAction\",\"target\":[\"https:\/\/doinn.co\/fr\/application-doinn\/\"]}]},{\"@type\":\"ImageObject\",\"inLanguage\":\"fr-FR\",\"@id\":\"https:\/\/doinn.co\/fr\/application-doinn\/#primaryimage\",\"url\":\"https:\/\/doinn.co\/wp-content\/uploads\/2023\/04\/Resources-01.png\",\"contentUrl\":\"https:\/\/doinn.co\/wp-content\/uploads\/2023\/04\/Resources-01.png\",\"width\":302,\"height\":180},{\"@type\":\"BreadcrumbList\",\"@id\":\"https:\/\/doinn.co\/fr\/application-doinn\/#breadcrumb\",\"itemListElement\":[{\"@type\":\"ListItem\",\"position\":1,\"name\":\"Home\",\"item\":\"https:\/\/doinn.co\/fr\/\"},{\"@type\":\"ListItem\",\"position\":2,\"name\":\"Application Doinn\"}]},{\"@type\":\"WebSite\",\"@id\":\"https:\/\/doinn.co\/fr\/#website\",\"url\":\"https:\/\/doinn.co\/fr\/\",\"name\":\"Doinn: Housekeeping Operations Made Simple\",\"description\":\"\",\"publisher\":{\"@id\":\"https:\/\/doinn.co\/fr\/#organization\"},\"potentialAction\":[{\"@type\":\"SearchAction\",\"target\":{\"@type\":\"EntryPoint\",\"urlTemplate\":\"https:\/\/doinn.co\/fr\/?s={search_term_string}\"},\"query-input\":{\"@type\":\"PropertyValueSpecification\",\"valueRequired\":true,\"valueName\":\"search_term_string\"}}],\"inLanguage\":\"fr-FR\"},{\"@type\":\"Organization\",\"@id\":\"https:\/\/doinn.co\/fr\/#organization\",\"name\":\"Doinn: Housekeeping Operations Made Simple\",\"url\":\"https:\/\/doinn.co\/fr\/\",\"logo\":{\"@type\":\"ImageObject\",\"inLanguage\":\"fr-FR\",\"@id\":\"https:\/\/doinn.co\/fr\/#\/schema\/logo\/image\/\",\"url\":\"\",\"contentUrl\":\"\",\"caption\":\"Doinn: Housekeeping Operations Made Simple\"},\"image\":{\"@id\":\"https:\/\/doinn.co\/fr\/#\/schema\/logo\/image\/\"},\"sameAs\":[\"https:\/\/www.facebook.com\/doinn.co\",\"https:\/\/x.com\/doinnco\",\"https:\/\/www.instagram.com\/doinn.co\",\"https:\/\/www.linkedin.com\/company\/doinn\"]}]}<\/script>\n<!-- \/ Yoast SEO plugin. -->","yoast_head_json":{"title":"Doinn - Application Doinn","robots":{"index":"index","follow":"follow","max-snippet":"max-snippet:-1","max-image-preview":"max-image-preview:large","max-video-preview":"max-video-preview:-1"},"canonical":"https:\/\/doinn.co\/fr\/application-doinn\/","og_locale":"fr_FR","og_type":"article","og_title":"Doinn - Application Doinn","og_url":"https:\/\/doinn.co\/fr\/application-doinn\/","og_site_name":"Doinn","article_publisher":"https:\/\/www.facebook.com\/doinn.co","article_modified_time":"2024-04-17T10:50:51+00:00","og_image":[{"width":302,"height":180,"url":"https:\/\/doinn.co\/wp-content\/uploads\/2023\/04\/Resources-01.png","type":"image\/png"}],"twitter_card":"summary_large_image","twitter_site":"@doinnco","schema":{"@context":"https:\/\/schema.org","@graph":[{"@type":"WebPage","@id":"https:\/\/doinn.co\/fr\/application-doinn\/","url":"https:\/\/doinn.co\/fr\/application-doinn\/","name":"Doinn - Application Doinn","isPartOf":{"@id":"https:\/\/doinn.co\/fr\/#website"},"primaryImageOfPage":{"@id":"https:\/\/doinn.co\/fr\/application-doinn\/#primaryimage"},"image":{"@id":"https:\/\/doinn.co\/fr\/application-doinn\/#primaryimage"},"thumbnailUrl":"https:\/\/doinn.co\/wp-content\/uploads\/2023\/04\/Resources-01.png","datePublished":"2023-04-21T16:25:42+00:00","dateModified":"2024-04-17T10:50:51+00:00","breadcrumb":{"@id":"https:\/\/doinn.co\/fr\/application-doinn\/#breadcrumb"},"inLanguage":"fr-FR","potentialAction":[{"@type":"ReadAction","target":["https:\/\/doinn.co\/fr\/application-doinn\/"]}]},{"@type":"ImageObject","inLanguage":"fr-FR","@id":"https:\/\/doinn.co\/fr\/application-doinn\/#primaryimage","url":"https:\/\/doinn.co\/wp-content\/uploads\/2023\/04\/Resources-01.png","contentUrl":"https:\/\/doinn.co\/wp-content\/uploads\/2023\/04\/Resources-01.png","width":302,"height":180},{"@type":"BreadcrumbList","@id":"https:\/\/doinn.co\/fr\/application-doinn\/#breadcrumb","itemListElement":[{"@type":"ListItem","position":1,"name":"Home","item":"https:\/\/doinn.co\/fr\/"},{"@type":"ListItem","position":2,"name":"Application Doinn"}]},{"@type":"WebSite","@id":"https:\/\/doinn.co\/fr\/#website","url":"https:\/\/doinn.co\/fr\/","name":"Doinn: Housekeeping Operations Made Simple","description":"","publisher":{"@id":"https:\/\/doinn.co\/fr\/#organization"},"potentialAction":[{"@type":"SearchAction","target":{"@type":"EntryPoint","urlTemplate":"https:\/\/doinn.co\/fr\/?s={search_term_string}"},"query-input":{"@type":"PropertyValueSpecification","valueRequired":true,"valueName":"search_term_string"}}],"inLanguage":"fr-FR"},{"@type":"Organization","@id":"https:\/\/doinn.co\/fr\/#organization","name":"Doinn: Housekeeping Operations Made Simple","url":"https:\/\/doinn.co\/fr\/","logo":{"@type":"ImageObject","inLanguage":"fr-FR","@id":"https:\/\/doinn.co\/fr\/#\/schema\/logo\/image\/","url":"","contentUrl":"","caption":"Doinn: Housekeeping Operations Made Simple"},"image":{"@id":"https:\/\/doinn.co\/fr\/#\/schema\/logo\/image\/"},"sameAs":["https:\/\/www.facebook.com\/doinn.co","https:\/\/x.com\/doinnco","https:\/\/www.instagram.com\/doinn.co","https:\/\/www.linkedin.com\/company\/doinn"]}]}},"_links":{"self":[{"href":"https:\/\/doinn.co\/fr\/wp-json\/wp\/v2\/pages\/11058","targetHints":{"allow":["GET"]}}],"collection":[{"href":"https:\/\/doinn.co\/fr\/wp-json\/wp\/v2\/pages"}],"about":[{"href":"https:\/\/doinn.co\/fr\/wp-json\/wp\/v2\/types\/page"}],"author":[{"embeddable":true,"href":"https:\/\/doinn.co\/fr\/wp-json\/wp\/v2\/users\/2"}],"replies":[{"embeddable":true,"href":"https:\/\/doinn.co\/fr\/wp-json\/wp\/v2\/comments?post=11058"}],"version-history":[{"count":2,"href":"https:\/\/doinn.co\/fr\/wp-json\/wp\/v2\/pages\/11058\/revisions"}],"predecessor-version":[{"id":15860,"href":"https:\/\/doinn.co\/fr\/wp-json\/wp\/v2\/pages\/11058\/revisions\/15860"}],"wp:featuredmedia":[{"embeddable":true,"href":"https:\/\/doinn.co\/fr\/wp-json\/wp\/v2\/media\/9920"}],"wp:attachment":[{"href":"https:\/\/doinn.co\/fr\/wp-json\/wp\/v2\/media?parent=11058"}],"curies":[{"name":"wp","href":"https:\/\/api.w.org\/{rel}","templated":true}]}}