{"id":11052,"date":"2023-06-07T10:27:14","date_gmt":"2023-06-07T10:27:14","guid":{"rendered":"https:\/\/doinn.co\/partenariats\/"},"modified":"2024-04-17T10:56:45","modified_gmt":"2024-04-17T10:56:45","slug":"partenariats","status":"publish","type":"page","link":"https:\/\/doinn.co\/fr\/partenariats\/","title":{"rendered":"Partenariats"},"content":{"rendered":"\r\n\r\n<div id=\"page-banner-small-bottom\" class=\"page-banner page-banner-medium\" style=\"background-image: url(https:\/\/doinn.co\/wp-content\/uploads\/2023\/05\/bg-03.jpg);;margin-bottom:px;;margin-top:px;margin-left:px;;margin-right:px\">\r\n    <div class=\"content container\">\r\n        <div class=\"headings one-column\">\r\n                            <h1 class=\"title \">\r\n                    Partenariats\r\n                    \r\n                    <!--  -->\r\n                    <\/h1>\r\n            \r\n        \r\n                            <div class=\"subtitle\">Lorsque nous nous associons \u00e0 d&rsquo;autres, nous mettons en commun nos ressources, nos connaissances et nos comp\u00e9tences pour cr\u00e9er quelque chose qui est plus grand que la somme de ses parties.<\/div>\r\n                        \r\n            \n<div class=\"block-buttons\">\n            <a \n            target=\"_self\" \n            href=\"https:\/\/app.doinn.co\/registration\" \n            class=\"button secondary lighter\" \n            style=\"\">\n                Commencez gratuitement        <\/a>\n    \n            <a \n            target=\"1_self\" \n            href=\"https:\/\/share-eu1.hsforms.com\/1HhBsHkK1RL263thuCcT6pAfgk9m\" \n            class=\"button outlined\" \n            style=\"\">\n                   \n                Parlez-nous            <\/a>\n    <\/div>        <\/div>\r\n\r\n            <\/div>\r\n<\/div><div id=\"\" class=\"cards container block\"  style=\"margin-bottom:px;;margin-top:px;margin-left:px;;margin-right:px\">\r\n\r\n    \n<div class=\"block-title\">\n    \n    \n    <\/div>\r\n    <div class=\"content\">\r\n                    \r\n            <div class=\"item\" >\r\n                <div>\r\n                    <a aria-label=\"Card link\" target=\"_self\" href=\"\/partenariats\/alterhome-stays\/\">\r\n                        <div class=\"image\" style=\"background-image: url(https:\/\/doinn.co\/wp-content\/uploads\/2023\/06\/alterhome.jpg)\"><\/div>\r\n                    <\/a>\r\n\r\n                                            <div class=\"title\">Alterhome Stays<\/div>\r\n                    \r\n                                            <p class=\"description\">La soci\u00e9t\u00e9 espagnole Alterhome, forte de ses 12 ann\u00e9es d&rsquo;exp\u00e9rience, entame aujourd&rsquo;hui une nouvelle \u00e9tape de son d\u00e9veloppement professionnel qui l&rsquo;a amen\u00e9e \u00e0 g\u00e9rer plus de 1 000 propri\u00e9t\u00e9s.<\/p>\r\n                                    <\/div>\r\n\r\n                                    <a class=\"button primary\" target=\"_self\" href=\"\/partenariats\/alterhome-stays\/\">Lire la suite<\/a>\r\n                            <\/div>\r\n\r\n            \r\n            <div class=\"item\" >\r\n                <div>\r\n                    <a aria-label=\"Card link\" target=\"_self\" href=\"\/partenariats\/alterschool\/\">\r\n                        <div class=\"image\" style=\"background-image: url(https:\/\/doinn.co\/wp-content\/uploads\/2023\/06\/alterschool.jpg)\"><\/div>\r\n                    <\/a>\r\n\r\n                                            <div class=\"title\">Alterschool<\/div>\r\n                    \r\n                                            <p class=\"description\">AlterSchool change la fa\u00e7on de se former \u00e0 la location de vacances, en donnant les moyens et les outils n\u00e9cessaires aux professionnels et aux entrepreneurs pour qu&rsquo;ils soient \u00e0 la pointe de la pratique dans le secteur.<\/p>\r\n                                    <\/div>\r\n\r\n                                    <a class=\"button primary\" target=\"_self\" href=\"\/partenariats\/alterschool\/\">Lire la suite<\/a>\r\n                            <\/div>\r\n\r\n            \r\n            <div class=\"item\" >\r\n                <div>\r\n                    <a aria-label=\"Card link\" target=\"_self\" href=\"\/partenariats\/avaibook\/\">\r\n                        <div class=\"image\" style=\"background-image: url(https:\/\/doinn.co\/wp-content\/uploads\/2023\/04\/Integracoes-Avaibook.jpg)\"><\/div>\r\n                    <\/a>\r\n\r\n                                            <div class=\"title\">Avaibook<\/div>\r\n                    \r\n                                            <p class=\"description\">Avec des outils simples pour automatiser votre gestion, multiplier vos r\u00e9servations et augmenter votre profit.<\/p>\r\n                                    <\/div>\r\n\r\n                                    <a class=\"button primary\" target=\"_self\" href=\"\/partenariats\/avaibook\/\">Lire la suite<\/a>\r\n                            <\/div>\r\n\r\n            \r\n            <div class=\"item\" >\r\n                <div>\r\n                    <a aria-label=\"Card link\" target=\"_self\" href=\"\/partenariats\/avantio\/\">\r\n                        <div class=\"image\" style=\"background-image: url(https:\/\/doinn.co\/wp-content\/uploads\/2023\/04\/Integracoes-Avantio.jpg)\"><\/div>\r\n                    <\/a>\r\n\r\n                                            <div class=\"title\">Avantio<\/div>\r\n                    \r\n                                            <p class=\"description\">Doinn et Avantio se sont associ\u00e9s pour offrir aux h\u00f4tes et aux gestionnaires immobiliers la meilleure solution pour l&rsquo;entretien de leurs logements. Prenez en charge toutes vos r\u00e9servations avec Avantio et g\u00e9rez automatiquement vos t\u00e2ches de nettoyage et de location de linge avec Doinn.<\/p>\r\n                                    <\/div>\r\n\r\n                                    <a class=\"button primary\" target=\"_self\" href=\"\/partenariats\/avantio\/\">Lire la suite<\/a>\r\n                            <\/div>\r\n\r\n            \r\n            <div class=\"item\" >\r\n                <div>\r\n                    <a aria-label=\"Card link\" target=\"_self\" href=\"\/partenariats\/fevitur\/\">\r\n                        <div class=\"image\" style=\"background-image: url(https:\/\/doinn.co\/wp-content\/uploads\/2023\/06\/fevitur.jpg)\"><\/div>\r\n                    <\/a>\r\n\r\n                                            <div class=\"title\">Fevitur<\/div>\r\n                    \r\n                                            <p class=\"description\">La F\u00e9d\u00e9ration espagnole des associations de location de vacances (FEVITUR) est n\u00e9e de l&rsquo;engagement de 23 associations d&rsquo;appartements touristiques et de maisons de vacances qui travaillent chaque jour pour offrir les meilleurs services \u00e0 leurs associ\u00e9s.<\/p>\r\n                                    <\/div>\r\n\r\n                                    <a class=\"button primary\" target=\"_self\" href=\"\/partenariats\/fevitur\/\">Lire la suite<\/a>\r\n                            <\/div>\r\n\r\n            \r\n            <div class=\"item\" >\r\n                <div>\r\n                    <a aria-label=\"Card link\" target=\"_self\" href=\"\/partenariats\/accueil\/\">\r\n                        <div class=\"image\" style=\"background-image: url(https:\/\/doinn.co\/wp-content\/uploads\/2023\/06\/homeit.jpg)\"><\/div>\r\n                    <\/a>\r\n\r\n                                            <div class=\"title\">HomeIT<\/div>\r\n                    \r\n                                            <p class=\"description\">Les solutions de serrures intelligentes universelles Homeit s&rsquo;adaptent \u00e0 toutes les portes et s&rsquo;int\u00e8grent aux serrures existantes et nouvelles sur le march\u00e9. Leur solution de serrure intelligente transforme les acc\u00e8s traditionnels en offrant des options d&rsquo;int\u00e9gration universelles avanc\u00e9es qui vous permettent de choisir votre mode de connexion.<\/p>\r\n                                    <\/div>\r\n\r\n                                    <a class=\"button primary\" target=\"_self\" href=\"\/partenariats\/accueil\/\">Lire la suite<\/a>\r\n                            <\/div>\r\n\r\n            \r\n            <div class=\"item\" >\r\n                <div>\r\n                    <a aria-label=\"Card link\" target=\"_self\" href=\"\/partenariats\/luggit\/\">\r\n                        <div class=\"image\" style=\"background-image: url(https:\/\/doinn.co\/wp-content\/uploads\/2023\/06\/luggit.jpg)\"><\/div>\r\n                    <\/a>\r\n\r\n                                            <div class=\"title\">LUGGit<\/div>\r\n                    \r\n                                            <p class=\"description\">Gr\u00e2ce \u00e0 LUGGit, les clients peuvent demander un Keeper (chauffeur) qui r\u00e9cup\u00e8re les bagages \u00e0 l&rsquo;endroit o\u00f9 ils se trouvent et les stocke aussi longtemps que n\u00e9cessaire, puis les restitue \u00e0 l&rsquo;endroit et \u00e0 l&rsquo;heure choisis.<\/p>\r\n                                    <\/div>\r\n\r\n                                    <a class=\"button primary\" target=\"_self\" href=\"\/partenariats\/luggit\/\">Lire la suite<\/a>\r\n                            <\/div>\r\n\r\n            \r\n            <div class=\"item\" >\r\n                <div>\r\n                    <a aria-label=\"Card link\" target=\"_self\" href=\"\/partenariats\/minut\/\">\r\n                        <div class=\"image\" style=\"background-image: url(https:\/\/doinn.co\/wp-content\/uploads\/2023\/06\/minut-1.jpg)\"><\/div>\r\n                    <\/a>\r\n\r\n                                            <div class=\"title\">Minut<\/div>\r\n                    \r\n                                            <p class=\"description\">Le capteur Minut surveille le bruit, l&rsquo;occupation, les mouvements et la temp\u00e9rature dans les immeubles locatifs, aidant ainsi les h\u00f4tes et les gestionnaires immobiliers \u00e0 prot\u00e9ger leurs maisons et \u00e0 am\u00e9liorer l&rsquo;exp\u00e9rience de leurs clients sans compromettre leur vie priv\u00e9e.<\/p>\r\n                                    <\/div>\r\n\r\n                                    <a class=\"button primary\" target=\"_self\" href=\"\/partenariats\/minut\/\">Lire la suite<\/a>\r\n                            <\/div>\r\n\r\n            \r\n            <div class=\"item\" >\r\n                <div>\r\n                    <a aria-label=\"Card link\" target=\"_self\" href=\"\/partenariats\/travelnest\/\">\r\n                        <div class=\"image\" style=\"background-image: url(https:\/\/doinn.co\/wp-content\/uploads\/2023\/06\/travelnest.jpg)\"><\/div>\r\n                    <\/a>\r\n\r\n                                            <div class=\"title\">Travelnest<\/div>\r\n                    \r\n                                            <p class=\"description\">Travelnest est une solution de marketing pour les locations de vacances. Nous travaillons avec des h\u00f4tes individuels et des entreprises de location de vacances pour les aider \u00e0 cr\u00e9er d&rsquo;excellentes annonces qu&rsquo;ils distribuent sur les meilleurs sites de voyage du monde, notamment Airbnb, Booking.com, Expedia, Vrbo, TripAdvisor, TUI et bien d&rsquo;autres encore.<\/p>\r\n                                    <\/div>\r\n\r\n                                    <a class=\"button primary\" target=\"_self\" href=\"\/partenariats\/travelnest\/\">Lire la suite<\/a>\r\n                            <\/div>\r\n\r\n            \r\n            <div class=\"item\" >\r\n                <div>\r\n                    <a aria-label=\"Card link\" target=\"_self\" href=\"\/partenariats\/accueil\/\">\r\n                        <div class=\"image\" style=\"background-image: url(https:\/\/doinn.co\/wp-content\/uploads\/2023\/06\/welcomeasy.jpg)\"><\/div>\r\n                    <\/a>\r\n\r\n                                            <div class=\"title\">Bienvenue<\/div>\r\n                    \r\n                                            <p class=\"description\">R\u00e9duisez les co\u00fbts et le temps consacr\u00e9s \u00e0 l&rsquo;enregistrement de vos clients dans votre h\u00f4tel et dans tous les logements lou\u00e9s.<\/p>\r\n                                    <\/div>\r\n\r\n                                    <a class=\"button primary\" target=\"_self\" href=\"\/partenariats\/accueil\/\">Lire la suite<\/a>\r\n                            <\/div>\r\n\r\n            \r\n            <div class=\"item\" >\r\n                <div>\r\n                    <a aria-label=\"Card link\" target=\"_self\" href=\"\/partenariats\/bookiply\/\">\r\n                        <div class=\"image\" style=\"background-image: url(https:\/\/doinn.co\/wp-content\/uploads\/2023\/06\/bookiply.jpg)\"><\/div>\r\n                    <\/a>\r\n\r\n                                            <div class=\"title\">Bookiply<\/div>\r\n                    \r\n                                            <p class=\"description\">\u00catre h\u00f4te, c&rsquo;est finalement facile. Bookiply est la solution tout-en-un pour votre activit\u00e9 de location de vacances. Publiez votre propri\u00e9t\u00e9 sur plus de 12 portails majeurs et b\u00e9n\u00e9ficiez d&rsquo;une assistance personnelle de la part de nos experts locaux pour vous aider \u00e0 maximiser vos revenus, \u00e0 gagner du temps et \u00e0 satisfaire vos clients.  <\/p>\r\n                                    <\/div>\r\n\r\n                                    <a class=\"button primary\" target=\"_self\" href=\"\/partenariats\/bookiply\/\">Lire la suite<\/a>\r\n                            <\/div>\r\n\r\n                    \r\n        <a class=\"button primary show-more\">Show more<\/a>\r\n        <a class=\"button primary show-less hide\">Show less<\/a>\r\n    <\/div>\r\n<\/div>","protected":false},"excerpt":{"rendered":"","protected":false},"author":8,"featured_media":0,"parent":0,"menu_order":0,"comment_status":"closed","ping_status":"closed","template":"","meta":{"_acf_changed":false,"footnotes":""},"class_list":["post-11052","page","type-page","status-publish","hentry"],"acf":[],"yoast_head":"<!-- This site is optimized with the Yoast SEO plugin v27.2 - https:\/\/yoast.com\/product\/yoast-seo-wordpress\/ -->\n<title>Doinn - Partenariats<\/title>\n<meta name=\"robots\" content=\"index, follow, max-snippet:-1, max-image-preview:large, max-video-preview:-1\" \/>\n<link rel=\"canonical\" href=\"https:\/\/doinn.co\/fr\/partenariats\/\" \/>\n<meta property=\"og:locale\" content=\"fr_FR\" \/>\n<meta property=\"og:type\" content=\"article\" \/>\n<meta property=\"og:title\" content=\"Doinn - Partenariats\" \/>\n<meta property=\"og:url\" content=\"https:\/\/doinn.co\/fr\/partenariats\/\" \/>\n<meta property=\"og:site_name\" content=\"Doinn\" \/>\n<meta property=\"article:publisher\" content=\"https:\/\/www.facebook.com\/doinn.co\" \/>\n<meta property=\"article:modified_time\" content=\"2024-04-17T10:56:45+00:00\" \/>\n<meta name=\"twitter:card\" content=\"summary_large_image\" \/>\n<meta name=\"twitter:site\" content=\"@doinnco\" \/>\n<script type=\"application\/ld+json\" class=\"yoast-schema-graph\">{\"@context\":\"https:\/\/schema.org\",\"@graph\":[{\"@type\":\"WebPage\",\"@id\":\"https:\/\/doinn.co\/fr\/partenariats\/\",\"url\":\"https:\/\/doinn.co\/fr\/partenariats\/\",\"name\":\"Doinn - Partenariats\",\"isPartOf\":{\"@id\":\"https:\/\/doinn.co\/fr\/#website\"},\"datePublished\":\"2023-06-07T10:27:14+00:00\",\"dateModified\":\"2024-04-17T10:56:45+00:00\",\"breadcrumb\":{\"@id\":\"https:\/\/doinn.co\/fr\/partenariats\/#breadcrumb\"},\"inLanguage\":\"fr-FR\",\"potentialAction\":[{\"@type\":\"ReadAction\",\"target\":[\"https:\/\/doinn.co\/fr\/partenariats\/\"]}]},{\"@type\":\"BreadcrumbList\",\"@id\":\"https:\/\/doinn.co\/fr\/partenariats\/#breadcrumb\",\"itemListElement\":[{\"@type\":\"ListItem\",\"position\":1,\"name\":\"Home\",\"item\":\"https:\/\/doinn.co\/fr\/\"},{\"@type\":\"ListItem\",\"position\":2,\"name\":\"Partenariats\"}]},{\"@type\":\"WebSite\",\"@id\":\"https:\/\/doinn.co\/fr\/#website\",\"url\":\"https:\/\/doinn.co\/fr\/\",\"name\":\"Doinn: Housekeeping Operations Made Simple\",\"description\":\"\",\"publisher\":{\"@id\":\"https:\/\/doinn.co\/fr\/#organization\"},\"potentialAction\":[{\"@type\":\"SearchAction\",\"target\":{\"@type\":\"EntryPoint\",\"urlTemplate\":\"https:\/\/doinn.co\/fr\/?s={search_term_string}\"},\"query-input\":{\"@type\":\"PropertyValueSpecification\",\"valueRequired\":true,\"valueName\":\"search_term_string\"}}],\"inLanguage\":\"fr-FR\"},{\"@type\":\"Organization\",\"@id\":\"https:\/\/doinn.co\/fr\/#organization\",\"name\":\"Doinn: Housekeeping Operations Made Simple\",\"url\":\"https:\/\/doinn.co\/fr\/\",\"logo\":{\"@type\":\"ImageObject\",\"inLanguage\":\"fr-FR\",\"@id\":\"https:\/\/doinn.co\/fr\/#\/schema\/logo\/image\/\",\"url\":\"\",\"contentUrl\":\"\",\"caption\":\"Doinn: Housekeeping Operations Made Simple\"},\"image\":{\"@id\":\"https:\/\/doinn.co\/fr\/#\/schema\/logo\/image\/\"},\"sameAs\":[\"https:\/\/www.facebook.com\/doinn.co\",\"https:\/\/x.com\/doinnco\",\"https:\/\/www.instagram.com\/doinn.co\",\"https:\/\/www.linkedin.com\/company\/doinn\"]}]}<\/script>\n<!-- \/ Yoast SEO plugin. -->","yoast_head_json":{"title":"Doinn - Partenariats","robots":{"index":"index","follow":"follow","max-snippet":"max-snippet:-1","max-image-preview":"max-image-preview:large","max-video-preview":"max-video-preview:-1"},"canonical":"https:\/\/doinn.co\/fr\/partenariats\/","og_locale":"fr_FR","og_type":"article","og_title":"Doinn - Partenariats","og_url":"https:\/\/doinn.co\/fr\/partenariats\/","og_site_name":"Doinn","article_publisher":"https:\/\/www.facebook.com\/doinn.co","article_modified_time":"2024-04-17T10:56:45+00:00","twitter_card":"summary_large_image","twitter_site":"@doinnco","schema":{"@context":"https:\/\/schema.org","@graph":[{"@type":"WebPage","@id":"https:\/\/doinn.co\/fr\/partenariats\/","url":"https:\/\/doinn.co\/fr\/partenariats\/","name":"Doinn - Partenariats","isPartOf":{"@id":"https:\/\/doinn.co\/fr\/#website"},"datePublished":"2023-06-07T10:27:14+00:00","dateModified":"2024-04-17T10:56:45+00:00","breadcrumb":{"@id":"https:\/\/doinn.co\/fr\/partenariats\/#breadcrumb"},"inLanguage":"fr-FR","potentialAction":[{"@type":"ReadAction","target":["https:\/\/doinn.co\/fr\/partenariats\/"]}]},{"@type":"BreadcrumbList","@id":"https:\/\/doinn.co\/fr\/partenariats\/#breadcrumb","itemListElement":[{"@type":"ListItem","position":1,"name":"Home","item":"https:\/\/doinn.co\/fr\/"},{"@type":"ListItem","position":2,"name":"Partenariats"}]},{"@type":"WebSite","@id":"https:\/\/doinn.co\/fr\/#website","url":"https:\/\/doinn.co\/fr\/","name":"Doinn: Housekeeping Operations Made Simple","description":"","publisher":{"@id":"https:\/\/doinn.co\/fr\/#organization"},"potentialAction":[{"@type":"SearchAction","target":{"@type":"EntryPoint","urlTemplate":"https:\/\/doinn.co\/fr\/?s={search_term_string}"},"query-input":{"@type":"PropertyValueSpecification","valueRequired":true,"valueName":"search_term_string"}}],"inLanguage":"fr-FR"},{"@type":"Organization","@id":"https:\/\/doinn.co\/fr\/#organization","name":"Doinn: Housekeeping Operations Made Simple","url":"https:\/\/doinn.co\/fr\/","logo":{"@type":"ImageObject","inLanguage":"fr-FR","@id":"https:\/\/doinn.co\/fr\/#\/schema\/logo\/image\/","url":"","contentUrl":"","caption":"Doinn: Housekeeping Operations Made Simple"},"image":{"@id":"https:\/\/doinn.co\/fr\/#\/schema\/logo\/image\/"},"sameAs":["https:\/\/www.facebook.com\/doinn.co","https:\/\/x.com\/doinnco","https:\/\/www.instagram.com\/doinn.co","https:\/\/www.linkedin.com\/company\/doinn"]}]}},"_links":{"self":[{"href":"https:\/\/doinn.co\/fr\/wp-json\/wp\/v2\/pages\/11052","targetHints":{"allow":["GET"]}}],"collection":[{"href":"https:\/\/doinn.co\/fr\/wp-json\/wp\/v2\/pages"}],"about":[{"href":"https:\/\/doinn.co\/fr\/wp-json\/wp\/v2\/types\/page"}],"author":[{"embeddable":true,"href":"https:\/\/doinn.co\/fr\/wp-json\/wp\/v2\/users\/8"}],"replies":[{"embeddable":true,"href":"https:\/\/doinn.co\/fr\/wp-json\/wp\/v2\/comments?post=11052"}],"version-history":[{"count":2,"href":"https:\/\/doinn.co\/fr\/wp-json\/wp\/v2\/pages\/11052\/revisions"}],"predecessor-version":[{"id":15894,"href":"https:\/\/doinn.co\/fr\/wp-json\/wp\/v2\/pages\/11052\/revisions\/15894"}],"wp:attachment":[{"href":"https:\/\/doinn.co\/fr\/wp-json\/wp\/v2\/media?parent=11052"}],"curies":[{"name":"wp","href":"https:\/\/api.w.org\/{rel}","templated":true}]}}