{"id":5246,"date":"2022-10-31T15:39:12","date_gmt":"2022-10-31T15:39:12","guid":{"rendered":"https:\/\/global.doinn.co\/sobre-nosotros\/"},"modified":"2024-03-22T13:33:12","modified_gmt":"2024-03-22T13:33:12","slug":"sobre-nosotros","status":"publish","type":"page","link":"https:\/\/doinn.co\/es\/sobre-nosotros\/","title":{"rendered":"Sobre nosotros"},"content":{"rendered":"<div id=\"\" class=\"section-title container\" style=\"margin-bottom:96px;;margin-top:0px;margin-left:px;;margin-right:px\">\r\n    \r\n    \n<div class=\"block-title\">\n            <h1 class=\"title\" style=\"\">\u00bfQu\u00e9 estamos haciendo?<\/h1>\n    \n            <p style=\"\">Una plataforma integral de servicios de limpieza. lavanderia y mantenimiento.<\/p>\n    \n    <\/div>\r\n    \n<div class=\"block-buttons\">\n    \n    <\/div><\/div><div id=\"\" class=\"fifty-fifty container image-left block\" style=\"margin-bottom:px;;margin-top:px;margin-left:px;;margin-right:px\">\r\n    \r\n        <div class=\"cols cols-left\">\r\n            <img decoding=\"async\" src=\"https:\/\/doinn.co\/wp-content\/uploads\/2023\/04\/About-us-Why-are-we-doinn-it.png\" class=\"image\" alt=\"\">\r\n        <\/div>\r\n    \r\n    \r\n    <div class=\"cols cols-right\">\r\n        \r\n        \n<div class=\"block-title\">\n            <h2 class=\"title\" style=\"\">\u00bfPor qu\u00e9 lo hacemos?<\/h2>\n    \n    \n            <p style=\"\">Tecnolog\u00eda sin fisuras respaldada por personas.<br \/>\n<br \/>\nLa semilla de DOINN se plant\u00f3 en 2014 tras un viaje por el mundo con cada una de las noches pasadas en alquileres vacacionales. Los fundadores vieron la oportunidad de mejorar la calidad de la limpieza y la lavander\u00eda de las viviendas tur\u00edsticas a trav\u00e9s de la tecnolog\u00eda y con los proveedores de limpieza de los hoteles.<br \/>\n<br \/>\n<br \/>\nDesde entonces, Doinn se ha convertido en una plataforma integral que ayuda a los gestores de viviendas tur\u00edsticas y a las empresas de limpieza y lavander\u00eda a responder eficazmente a todas las necesidades operativas relacionadas con las viviendas tur\u00edsticas. Adem\u00e1s, proporciona an\u00e1lisis detallados para que los usuarios puedan comprender mejor c\u00f3mo interact\u00faan los clientes con sus propiedades, lo que les permite tomar decisiones informadas sobre nuevas contrataciones, mejores pr\u00e1cticas, etc.<\/p>\n    <\/div>        \n<div class=\"block-buttons\">\n    \n    <\/div>\r\n            <\/div>\r\n<\/div>\r\n<div id=\"\" class=\"fifty-fifty container image-right block\" style=\"margin-bottom:px;;margin-top:px;margin-left:px;;margin-right:px\">\r\n    \r\n        <div class=\"cols cols-left\">\r\n            <img decoding=\"async\" src=\"https:\/\/doinn.co\/wp-content\/uploads\/2023\/04\/About-us-Who-is-doinn-this.png\" class=\"image\" alt=\"\">\r\n        <\/div>\r\n    \r\n    \r\n    <div class=\"cols cols-right\">\r\n        \r\n        \n<div class=\"block-title\">\n            <h2 class=\"title\" style=\"\">\u00bfQui\u00e9n est\u00e1 haciendo esto? <\/h2>\n    \n    \n            <p style=\"\">Los Doinners, un equipo de so\u00f1adores y emprendedores<br \/>\n<br \/>\nUn equipo equilibrado y diverso de profesionales con competencias y perspectivas complementarias que se apoyan mutuamente para alcanzar nuestros OKR.<br \/>\nCelebramos y apoyamos la diversidad, y nos nutrimos de ella en beneficio del equipo, nuestros productos y nuestra comunidad.<\/p>\n    <\/div>        \n<div class=\"block-buttons\">\n    \n    <\/div>\r\n            <\/div>\r\n<\/div>\r\n\n<div class=\"wp-block-columns container spacing is-layout-flex wp-container-core-columns-is-layout-9d6595d7 wp-block-columns-is-layout-flex\"><\/div>\n\n<div class=\"wp-block-columns container spacing is-layout-flex wp-container-core-columns-is-layout-9d6595d7 wp-block-columns-is-layout-flex\"><\/div>\n<div id=\"\" class=\"data-grid container block\" style=\"margin-bottom:px;;margin-top:px;margin-left:px;;margin-right:px\">\r\n    \n<div class=\"block-title\">\n            <h2 class=\"title\" style=\"\">Por qu\u00e9 Doinn<\/h2>\n    \n            <p style=\"\">Por sus herramientas de productividad y an\u00e1lisis inteligentes que convierten vuestros objetivos en realidad<\/p>\n    \n    <\/div>\r\n    <div class=\"cols\">\r\n                    <ul>\r\n                \r\n                    <li>\r\n                                                    <div class=\"icon\"><img loading=\"lazy\" decoding=\"async\" width=\"32\" height=\"32\" src=\"https:\/\/doinn.co\/wp-content\/uploads\/2023\/03\/quality-assurance.svg\" class=\"attachment-medium size-medium\" alt=\"\" \/><\/div>\r\n                                                \r\n                        <div class=\"title\">Garant\u00eda de calidad<\/div>\r\n\r\n                        <p class=\"description\">Con procesos de control y herramientas digitales que garantizan los resultados. Elimina la subjetividad y las opiniones y utiliza nuestros datos transparentes como prueba de trabajo y sistema de calidad basado en el rendimiento para medir, supervisar y evaluar la prestaci\u00f3n de servicios.<\/p>\r\n                    <\/li>\r\n\r\n                \r\n                    <li>\r\n                                                    <div class=\"icon\"><img loading=\"lazy\" decoding=\"async\" width=\"32\" height=\"32\" src=\"https:\/\/doinn.co\/wp-content\/uploads\/2023\/03\/human-capital.svg\" class=\"attachment-medium size-medium\" alt=\"\" \/><\/div>\r\n                                                \r\n                        <div class=\"title\">Capital humano \/ Mano de obra<\/div>\r\n\r\n                        <p class=\"description\">An\u00e1lisis de productividad sencillos Identifica a los empleados de mayor rendimiento (tiempo y costes) para aprender, compensar e implantar procesos eficientes. Atrae y ret\u00e9n el talento, da al equipo la oportunidad de probar cosas nuevas y ampliar sus competencias constantemente bas\u00e1ndose en los datos.<\/p>\r\n                    <\/li>\r\n\r\n                \r\n                    <li>\r\n                                                    <div class=\"icon\"><img loading=\"lazy\" decoding=\"async\" width=\"32\" height=\"32\" src=\"https:\/\/doinn.co\/wp-content\/uploads\/2023\/03\/communications.svg\" class=\"attachment-medium size-medium\" alt=\"\" \/><\/div>\r\n                                                \r\n                        <div class=\"title\">Omni &#8211; Comunicaciones<\/div>\r\n\r\n                        <p class=\"description\">No te pierdas ni un solo dato. Rastrea f\u00e1cilmente cualquier mensaje de cada propiedad. Con una persona o en grupo, disfruta del sistema de mensajer\u00eda etiquetando usuarios, servicios o propiedades para que tu mensaje quede claro. Permite que los miembros del equipo lean y escriban en su propio idioma con nuestras herramientas de traducci\u00f3n instant\u00e1nea.<\/p>\r\n                    <\/li>\r\n\r\n                \r\n                    <li>\r\n                                                    <div class=\"icon\"><img loading=\"lazy\" decoding=\"async\" width=\"32\" height=\"32\" src=\"https:\/\/doinn.co\/wp-content\/uploads\/2023\/03\/logistics.svg\" class=\"attachment-medium size-medium\" alt=\"\" \/><\/div>\r\n                                                \r\n                        <div class=\"title\">Log\u00edstica<\/div>\r\n\r\n                        <p class=\"description\">Nuestras herramientas de visibilidad y planificaci\u00f3n contribuyen a la agilidad general de la log\u00edstica. Consigue que los equipos sobre el terreno respondan a problemas imprevistos y apliquen soluciones con rapidez y precisi\u00f3n. Actualiza autom\u00e1ticamente los recuentos de suministros cuando se completen las tareas y las \u00f3rdenes de trabajo.<\/p>\r\n                    <\/li>\r\n\r\n                \r\n                    <li>\r\n                                                    <div class=\"icon\"><img loading=\"lazy\" decoding=\"async\" width=\"31\" height=\"32\" src=\"https:\/\/doinn.co\/wp-content\/uploads\/2023\/03\/time-optimization.svg\" class=\"attachment-medium size-medium\" alt=\"\" \/><\/div>\r\n                                                \r\n                        <div class=\"title\">Optimizaci\u00f3n del tiempo<\/div>\r\n\r\n                        <p class=\"description\">Asignaci\u00f3n de trabajos inteligente y optimizaci\u00f3n del tiempo para los equipos del terreno. Flujos de trabajo basados en la f\u00f3rmula de los 5 elementos de Doinn: d\u00f3nde, cu\u00e1ndo, qu\u00e9, c\u00f3mo y qui\u00e9n. Asigna tareas a tu equipo y\/o a equipos subcontratados.<\/p>\r\n                    <\/li>\r\n\r\n                \r\n                    <li>\r\n                                                    <div class=\"icon\"><img loading=\"lazy\" decoding=\"async\" width=\"32\" height=\"32\" src=\"https:\/\/doinn.co\/wp-content\/uploads\/2023\/03\/financials.svg\" class=\"attachment-medium size-medium\" alt=\"\" \/><\/div>\r\n                                                \r\n                        <div class=\"title\">Finanzas<\/div>\r\n\r\n                        <p class=\"description\">Un sinf\u00edn de funciones para hacer crecer y escalar su negocio Aprovecha los indicadores para tomar decisiones informadas con un panel de control personalizado, gr\u00e1ficos de operaciones e informes. Todo en un mismo lugar para una o varias ciudades para uno o varios clientes o proveedores.<\/p>\r\n                    <\/li>\r\n\r\n                \r\n                    <li>\r\n                                                    <div class=\"icon\"><img loading=\"lazy\" decoding=\"async\" width=\"32\" height=\"32\" src=\"https:\/\/doinn.co\/wp-content\/uploads\/2023\/03\/data-dashboards.svg\" class=\"attachment-medium size-medium\" alt=\"\" \/><\/div>\r\n                                                \r\n                        <div class=\"title\">Gr\u00e1ficos visuales de datos<\/div>\r\n\r\n                        <p class=\"description\">Aumenta la visibilidad de tu negocio con los gr\u00e1ficos visuales de datos. Optimiza el rendimiento y maximiza los ingresos con una gama completa de informaci\u00f3n en tiempo real de las operaciones y con datos predecibles, para calidad, existencias, RR.HH., comunicaciones, log\u00edstica y finanzas.<\/p>\r\n                    <\/li>\r\n\r\n                \r\n                    <li>\r\n                                                    <div class=\"icon\"><img loading=\"lazy\" decoding=\"async\" width=\"32\" height=\"32\" src=\"https:\/\/doinn.co\/wp-content\/uploads\/2023\/03\/real-time.svg\" class=\"attachment-medium size-medium\" alt=\"\" \/><\/div>\r\n                                                \r\n                        <div class=\"title\">Estado del servicio en tiempo real<\/div>\r\n\r\n                        <p class=\"description\">Visualiza cada uno de los trabajos con el estado de los trabajos en tiempo real y los informes de limpieza. Maximiza los ingresos con el sistema inteligente de asignaci\u00f3n de tareas y realiza un seguimiento en tiempo real del estado de cada servicio.<\/p>\r\n                    <\/li>\r\n\r\n                            <\/ul>\r\n            <\/div>\r\n<\/div>\r\n<div id=\"\" class=\"container block\" style=\"margin-bottom:px;;margin-top:px;margin-left:px;;margin-right:px\">\r\n    <div class=\"small-banner container\" \r\n        style=\"border-radius:16px;background: #6F5EFF;box-shadow: 0px 0px 50px rgba(111,94,255,0.5);color: #ffffff;\"\r\n    >\r\n        \n<div class=\"block-title\">\n            <h2 class=\"title\" style=\"color: #ffffff;\">\u00bfListo para empezar?<\/h2>\n    \n    \n            <p style=\"color: #ffffff;\">14 d\u00edas de prueba gratuita | No se necesita tarjeta de cr\u00e9dito<\/p>\n    <\/div>        \n<div class=\"block-buttons\">\n            <a \n            target=\"_self\" \n            href=\"https:\/\/app.doinn.co\/registration\" \n            class=\"button secondary lighter\" \n            style=\"\">\n                Empieza gratis        <\/a>\n    \n            <a \n            target=\"_self\" \n            href=\"https:\/\/share-eu1.hsforms.com\/1HhBsHkK1RL263thuCcT6pAfgk9m\" \n            class=\"button outlined\" \n            style=\"\">\n                   \n                Habla con nosotros            <\/a>\n    <\/div>    <\/div>\r\n<\/div>","protected":false},"excerpt":{"rendered":"","protected":false},"author":2,"featured_media":4269,"parent":0,"menu_order":0,"comment_status":"closed","ping_status":"closed","template":"template-internal-page.php","meta":{"_acf_changed":false,"footnotes":""},"class_list":["post-5246","page","type-page","status-publish","has-post-thumbnail","hentry"],"acf":[],"yoast_head":"<!-- This site is optimized with the Yoast SEO plugin v27.2 - https:\/\/yoast.com\/product\/yoast-seo-wordpress\/ -->\n<title>Doinn - Sobre nosotros<\/title>\n<meta name=\"robots\" content=\"index, follow, max-snippet:-1, max-image-preview:large, max-video-preview:-1\" \/>\n<link rel=\"canonical\" href=\"https:\/\/doinn.co\/es\/sobre-nosotros\/\" \/>\n<meta property=\"og:locale\" content=\"es_ES\" \/>\n<meta property=\"og:type\" content=\"article\" \/>\n<meta property=\"og:title\" content=\"Doinn - Sobre nosotros\" \/>\n<meta property=\"og:url\" content=\"https:\/\/doinn.co\/es\/sobre-nosotros\/\" \/>\n<meta property=\"og:site_name\" content=\"Doinn\" \/>\n<meta property=\"article:publisher\" content=\"https:\/\/www.facebook.com\/doinn.co\" \/>\n<meta property=\"article:modified_time\" content=\"2024-03-22T13:33:12+00:00\" \/>\n<meta property=\"og:image\" content=\"https:\/\/doinn.co\/wp-content\/uploads\/2022\/12\/Fondo_2-3-1024x576.png\" \/>\n\t<meta property=\"og:image:width\" content=\"1024\" \/>\n\t<meta property=\"og:image:height\" content=\"576\" \/>\n\t<meta property=\"og:image:type\" content=\"image\/png\" \/>\n<meta name=\"twitter:card\" content=\"summary_large_image\" \/>\n<meta name=\"twitter:site\" content=\"@doinnco\" \/>\n<script type=\"application\/ld+json\" class=\"yoast-schema-graph\">{\"@context\":\"https:\/\/schema.org\",\"@graph\":[{\"@type\":\"WebPage\",\"@id\":\"https:\/\/doinn.co\/es\/sobre-nosotros\/\",\"url\":\"https:\/\/doinn.co\/es\/sobre-nosotros\/\",\"name\":\"Doinn - Sobre nosotros\",\"isPartOf\":{\"@id\":\"https:\/\/doinn.co\/es\/#website\"},\"primaryImageOfPage\":{\"@id\":\"https:\/\/doinn.co\/es\/sobre-nosotros\/#primaryimage\"},\"image\":{\"@id\":\"https:\/\/doinn.co\/es\/sobre-nosotros\/#primaryimage\"},\"thumbnailUrl\":\"https:\/\/doinn.co\/wp-content\/uploads\/2022\/12\/Fondo_2-3.png\",\"datePublished\":\"2022-10-31T15:39:12+00:00\",\"dateModified\":\"2024-03-22T13:33:12+00:00\",\"breadcrumb\":{\"@id\":\"https:\/\/doinn.co\/es\/sobre-nosotros\/#breadcrumb\"},\"inLanguage\":\"es\",\"potentialAction\":[{\"@type\":\"ReadAction\",\"target\":[\"https:\/\/doinn.co\/es\/sobre-nosotros\/\"]}]},{\"@type\":\"ImageObject\",\"inLanguage\":\"es\",\"@id\":\"https:\/\/doinn.co\/es\/sobre-nosotros\/#primaryimage\",\"url\":\"https:\/\/doinn.co\/wp-content\/uploads\/2022\/12\/Fondo_2-3.png\",\"contentUrl\":\"https:\/\/doinn.co\/wp-content\/uploads\/2022\/12\/Fondo_2-3.png\",\"width\":8000,\"height\":4500},{\"@type\":\"BreadcrumbList\",\"@id\":\"https:\/\/doinn.co\/es\/sobre-nosotros\/#breadcrumb\",\"itemListElement\":[{\"@type\":\"ListItem\",\"position\":1,\"name\":\"Home\",\"item\":\"https:\/\/doinn.co\/es\/\"},{\"@type\":\"ListItem\",\"position\":2,\"name\":\"Sobre nosotros\"}]},{\"@type\":\"WebSite\",\"@id\":\"https:\/\/doinn.co\/es\/#website\",\"url\":\"https:\/\/doinn.co\/es\/\",\"name\":\"Doinn: Housekeeping Operations Made Simple\",\"description\":\"\",\"publisher\":{\"@id\":\"https:\/\/doinn.co\/es\/#organization\"},\"potentialAction\":[{\"@type\":\"SearchAction\",\"target\":{\"@type\":\"EntryPoint\",\"urlTemplate\":\"https:\/\/doinn.co\/es\/?s={search_term_string}\"},\"query-input\":{\"@type\":\"PropertyValueSpecification\",\"valueRequired\":true,\"valueName\":\"search_term_string\"}}],\"inLanguage\":\"es\"},{\"@type\":\"Organization\",\"@id\":\"https:\/\/doinn.co\/es\/#organization\",\"name\":\"Doinn: Housekeeping Operations Made Simple\",\"url\":\"https:\/\/doinn.co\/es\/\",\"logo\":{\"@type\":\"ImageObject\",\"inLanguage\":\"es\",\"@id\":\"https:\/\/doinn.co\/es\/#\/schema\/logo\/image\/\",\"url\":\"\",\"contentUrl\":\"\",\"caption\":\"Doinn: Housekeeping Operations Made Simple\"},\"image\":{\"@id\":\"https:\/\/doinn.co\/es\/#\/schema\/logo\/image\/\"},\"sameAs\":[\"https:\/\/www.facebook.com\/doinn.co\",\"https:\/\/x.com\/doinnco\",\"https:\/\/www.instagram.com\/doinn.co\",\"https:\/\/www.linkedin.com\/company\/doinn\"]}]}<\/script>\n<!-- \/ Yoast SEO plugin. -->","yoast_head_json":{"title":"Doinn - Sobre nosotros","robots":{"index":"index","follow":"follow","max-snippet":"max-snippet:-1","max-image-preview":"max-image-preview:large","max-video-preview":"max-video-preview:-1"},"canonical":"https:\/\/doinn.co\/es\/sobre-nosotros\/","og_locale":"es_ES","og_type":"article","og_title":"Doinn - Sobre nosotros","og_url":"https:\/\/doinn.co\/es\/sobre-nosotros\/","og_site_name":"Doinn","article_publisher":"https:\/\/www.facebook.com\/doinn.co","article_modified_time":"2024-03-22T13:33:12+00:00","og_image":[{"width":1024,"height":576,"url":"https:\/\/doinn.co\/wp-content\/uploads\/2022\/12\/Fondo_2-3-1024x576.png","type":"image\/png"}],"twitter_card":"summary_large_image","twitter_site":"@doinnco","schema":{"@context":"https:\/\/schema.org","@graph":[{"@type":"WebPage","@id":"https:\/\/doinn.co\/es\/sobre-nosotros\/","url":"https:\/\/doinn.co\/es\/sobre-nosotros\/","name":"Doinn - Sobre nosotros","isPartOf":{"@id":"https:\/\/doinn.co\/es\/#website"},"primaryImageOfPage":{"@id":"https:\/\/doinn.co\/es\/sobre-nosotros\/#primaryimage"},"image":{"@id":"https:\/\/doinn.co\/es\/sobre-nosotros\/#primaryimage"},"thumbnailUrl":"https:\/\/doinn.co\/wp-content\/uploads\/2022\/12\/Fondo_2-3.png","datePublished":"2022-10-31T15:39:12+00:00","dateModified":"2024-03-22T13:33:12+00:00","breadcrumb":{"@id":"https:\/\/doinn.co\/es\/sobre-nosotros\/#breadcrumb"},"inLanguage":"es","potentialAction":[{"@type":"ReadAction","target":["https:\/\/doinn.co\/es\/sobre-nosotros\/"]}]},{"@type":"ImageObject","inLanguage":"es","@id":"https:\/\/doinn.co\/es\/sobre-nosotros\/#primaryimage","url":"https:\/\/doinn.co\/wp-content\/uploads\/2022\/12\/Fondo_2-3.png","contentUrl":"https:\/\/doinn.co\/wp-content\/uploads\/2022\/12\/Fondo_2-3.png","width":8000,"height":4500},{"@type":"BreadcrumbList","@id":"https:\/\/doinn.co\/es\/sobre-nosotros\/#breadcrumb","itemListElement":[{"@type":"ListItem","position":1,"name":"Home","item":"https:\/\/doinn.co\/es\/"},{"@type":"ListItem","position":2,"name":"Sobre nosotros"}]},{"@type":"WebSite","@id":"https:\/\/doinn.co\/es\/#website","url":"https:\/\/doinn.co\/es\/","name":"Doinn: Housekeeping Operations Made Simple","description":"","publisher":{"@id":"https:\/\/doinn.co\/es\/#organization"},"potentialAction":[{"@type":"SearchAction","target":{"@type":"EntryPoint","urlTemplate":"https:\/\/doinn.co\/es\/?s={search_term_string}"},"query-input":{"@type":"PropertyValueSpecification","valueRequired":true,"valueName":"search_term_string"}}],"inLanguage":"es"},{"@type":"Organization","@id":"https:\/\/doinn.co\/es\/#organization","name":"Doinn: Housekeeping Operations Made Simple","url":"https:\/\/doinn.co\/es\/","logo":{"@type":"ImageObject","inLanguage":"es","@id":"https:\/\/doinn.co\/es\/#\/schema\/logo\/image\/","url":"","contentUrl":"","caption":"Doinn: Housekeeping Operations Made Simple"},"image":{"@id":"https:\/\/doinn.co\/es\/#\/schema\/logo\/image\/"},"sameAs":["https:\/\/www.facebook.com\/doinn.co","https:\/\/x.com\/doinnco","https:\/\/www.instagram.com\/doinn.co","https:\/\/www.linkedin.com\/company\/doinn"]}]}},"_links":{"self":[{"href":"https:\/\/doinn.co\/es\/wp-json\/wp\/v2\/pages\/5246","targetHints":{"allow":["GET"]}}],"collection":[{"href":"https:\/\/doinn.co\/es\/wp-json\/wp\/v2\/pages"}],"about":[{"href":"https:\/\/doinn.co\/es\/wp-json\/wp\/v2\/types\/page"}],"author":[{"embeddable":true,"href":"https:\/\/doinn.co\/es\/wp-json\/wp\/v2\/users\/2"}],"replies":[{"embeddable":true,"href":"https:\/\/doinn.co\/es\/wp-json\/wp\/v2\/comments?post=5246"}],"version-history":[{"count":5,"href":"https:\/\/doinn.co\/es\/wp-json\/wp\/v2\/pages\/5246\/revisions"}],"predecessor-version":[{"id":15198,"href":"https:\/\/doinn.co\/es\/wp-json\/wp\/v2\/pages\/5246\/revisions\/15198"}],"wp:featuredmedia":[{"embeddable":true,"href":"https:\/\/doinn.co\/es\/wp-json\/wp\/v2\/media\/4269"}],"wp:attachment":[{"href":"https:\/\/doinn.co\/es\/wp-json\/wp\/v2\/media?parent=5246"}],"curies":[{"name":"wp","href":"https:\/\/api.w.org\/{rel}","templated":true}]}}