{"id":5204,"date":"2023-04-21T16:25:42","date_gmt":"2023-04-21T16:25:42","guid":{"rendered":"https:\/\/global.doinn.co\/aplicacion-doinn\/"},"modified":"2024-04-17T10:51:17","modified_gmt":"2024-04-17T10:51:17","slug":"aplicacion-doinn","status":"publish","type":"page","link":"https:\/\/doinn.co\/es\/aplicacion-doinn\/","title":{"rendered":"Aplicaci\u00f3n Doinn"},"content":{"rendered":"<div id=\"\" class=\"section-title container\" style=\"margin-bottom:96px;;margin-top:0px;margin-left:px;;margin-right:px\">\r\n    \r\n    \n<div class=\"block-title\">\n            <h1 class=\"title\" style=\"\">Aplicaci\u00f3n Doinn<\/h1>\n    \n            <p style=\"\">Ahorra un tiempo valioso digitalizando las comunicaciones.<\/p>\n    \n    <\/div>\r\n    \n<div class=\"block-buttons\">\n    \n    <\/div><\/div><div id=\"\" class=\"fifty-fifty container image-left block\" style=\"margin-bottom:px;;margin-top:px;margin-left:px;;margin-right:px\">\r\n    \r\n        <div class=\"cols cols-left\">\r\n            <img decoding=\"async\" src=\"https:\/\/doinn.co\/wp-content\/uploads\/2023\/04\/Doinn-App-Get-sync.png\" class=\"image\" alt=\"\">\r\n        <\/div>\r\n    \r\n    \r\n    <div class=\"cols cols-right\">\r\n        \r\n        \n<div class=\"block-title\">\n            <h2 class=\"title\" style=\"\">Sincronizaci\u00f3n<\/h2>\n    \n    \n            <p style=\"\">Centraliza todos los mensajes en la aplicaci\u00f3n y filtra por cliente, limpiador, servicio o propiedad. Informa del estado de cada servicio en un clic, avisa de alertas de mantenimiento y solicita tiempo o ropa extra de cama cuando lo necesites.<br \/>\n<br \/>\nPermite que todos los miembros del equipo obtengan informaci\u00f3n y mensajes en tiempo real.<br \/>\n<br \/>\nSigue f\u00e1cilmente cualquier actualizaci\u00f3n, no te pierdas ni un \u00e1pice de informaci\u00f3n.<\/p>\n    <\/div>        \n<div class=\"block-buttons\">\n    \n    <\/div>\r\n            <\/div>\r\n<\/div>\r\n<div id=\"\" class=\"fifty-fifty container image-left block\" style=\"margin-bottom:px;;margin-top:px;margin-left:px;;margin-right:px\">\r\n    \r\n        <div class=\"cols cols-left\">\r\n            <img decoding=\"async\" src=\"https:\/\/doinn.co\/wp-content\/uploads\/2023\/04\/Doinn-App-Get-real-time.png\" class=\"image\" alt=\"\">\r\n        <\/div>\r\n    \r\n    \r\n    <div class=\"cols cols-right\">\r\n        \r\n        \n<div class=\"block-title\">\n            <h2 class=\"title\" style=\"\">Consigue informes en tiempo real sobre el estado de los trabajos y la limpieza.<\/h2>\n    \n    \n            <p style=\"\">Maximiza los m\u00e1rgenes con el sistema inteligente de asignaci\u00f3n de trabajos y realiza un seguimiento en tiempo real del estado de cada servicio.<\/p>\n    <\/div>        \n<div class=\"block-buttons\">\n    \n    <\/div>\r\n            <\/div>\r\n<\/div>\r\n<div id=\"\" class=\"fifty-fifty container image-left block\" style=\"margin-bottom:px;;margin-top:px;margin-left:px;;margin-right:px\">\r\n    \r\n        <div class=\"cols cols-left\">\r\n            <img decoding=\"async\" src=\"https:\/\/doinn.co\/wp-content\/uploads\/2023\/04\/Doinn-App-Translation-tools.png\" class=\"image\" alt=\"\">\r\n        <\/div>\r\n    \r\n    \r\n    <div class=\"cols cols-right\">\r\n        \r\n        \n<div class=\"block-title\">\n            <h2 class=\"title\" style=\"\">Herramientas de traducci\u00f3n<\/h2>\n    \n    \n            <p style=\"\">Contrata a limpiadores de otros pa\u00edses manteniendo una perfecta comunicaci\u00f3n gracias a las herramientas de traducci\u00f3n de inteligencia artificial de la APP.<br \/>\n<br \/>\nLos Doinners estamos muy orgullosos del impacto social que estamos teniendo al derribar la barrera ling\u00fc\u00edstica.<br \/>\n<\/p>\n    <\/div>        \n<div class=\"block-buttons\">\n    \n    <\/div>\r\n            <\/div>\r\n<\/div>\r\n\r\n<div id=\"\" class=\"container block\" style=\"margin-bottom:px;;margin-top:px;margin-left:px;;margin-right:px\">\r\n    <div class=\"small-banner container\" \r\n        style=\"border-radius:16px;background: #6F5EFF;box-shadow: 0px 0px 50px rgba(111,94,255,0.5);color: #ffffff;\"\r\n    >\r\n        \n<div class=\"block-title\">\n            <h2 class=\"title\" style=\"color: #ffffff;\">Descarga nuestra app.<\/h2>\n    \n    \n    <\/div>        \n<div class=\"block-buttons\">\n            <a \n            target=\"_self\" \n            href=\"https:\/\/play.google.com\/store\/apps\/details?id=co.doinn.vendorapp&amp;hl=en&amp;gl=US&amp;pli=1\" \n            class=\"button secondary lighter\" \n            style=\"\">\n                Descarga nuestra APP.        <\/a>\n    \n    <\/div>    <\/div>\r\n<\/div>","protected":false},"excerpt":{"rendered":"","protected":false},"author":2,"featured_media":4731,"parent":0,"menu_order":0,"comment_status":"closed","ping_status":"closed","template":"template-internal-page.php","meta":{"_acf_changed":false,"footnotes":""},"class_list":["post-5204","page","type-page","status-publish","has-post-thumbnail","hentry"],"acf":[],"yoast_head":"<!-- This site is optimized with the Yoast SEO plugin v27.2 - https:\/\/yoast.com\/product\/yoast-seo-wordpress\/ -->\n<title>Doinn - Aplicaci\u00f3n Doinn<\/title>\n<meta name=\"robots\" content=\"index, follow, max-snippet:-1, max-image-preview:large, max-video-preview:-1\" \/>\n<link rel=\"canonical\" href=\"https:\/\/doinn.co\/es\/aplicacion-doinn\/\" \/>\n<meta property=\"og:locale\" content=\"es_ES\" \/>\n<meta property=\"og:type\" content=\"article\" \/>\n<meta property=\"og:title\" content=\"Doinn - Aplicaci\u00f3n Doinn\" \/>\n<meta property=\"og:url\" content=\"https:\/\/doinn.co\/es\/aplicacion-doinn\/\" \/>\n<meta property=\"og:site_name\" content=\"Doinn\" \/>\n<meta property=\"article:publisher\" content=\"https:\/\/www.facebook.com\/doinn.co\" \/>\n<meta property=\"article:modified_time\" content=\"2024-04-17T10:51:17+00:00\" \/>\n<meta property=\"og:image\" content=\"https:\/\/doinn.co\/wp-content\/uploads\/2023\/04\/Resources-01.png\" \/>\n\t<meta property=\"og:image:width\" content=\"302\" \/>\n\t<meta property=\"og:image:height\" content=\"180\" \/>\n\t<meta property=\"og:image:type\" content=\"image\/png\" \/>\n<meta name=\"twitter:card\" content=\"summary_large_image\" \/>\n<meta name=\"twitter:site\" content=\"@doinnco\" \/>\n<script type=\"application\/ld+json\" class=\"yoast-schema-graph\">{\"@context\":\"https:\/\/schema.org\",\"@graph\":[{\"@type\":\"WebPage\",\"@id\":\"https:\/\/doinn.co\/es\/aplicacion-doinn\/\",\"url\":\"https:\/\/doinn.co\/es\/aplicacion-doinn\/\",\"name\":\"Doinn - Aplicaci\u00f3n Doinn\",\"isPartOf\":{\"@id\":\"https:\/\/doinn.co\/es\/#website\"},\"primaryImageOfPage\":{\"@id\":\"https:\/\/doinn.co\/es\/aplicacion-doinn\/#primaryimage\"},\"image\":{\"@id\":\"https:\/\/doinn.co\/es\/aplicacion-doinn\/#primaryimage\"},\"thumbnailUrl\":\"https:\/\/doinn.co\/wp-content\/uploads\/2023\/04\/Resources-01.png\",\"datePublished\":\"2023-04-21T16:25:42+00:00\",\"dateModified\":\"2024-04-17T10:51:17+00:00\",\"breadcrumb\":{\"@id\":\"https:\/\/doinn.co\/es\/aplicacion-doinn\/#breadcrumb\"},\"inLanguage\":\"es\",\"potentialAction\":[{\"@type\":\"ReadAction\",\"target\":[\"https:\/\/doinn.co\/es\/aplicacion-doinn\/\"]}]},{\"@type\":\"ImageObject\",\"inLanguage\":\"es\",\"@id\":\"https:\/\/doinn.co\/es\/aplicacion-doinn\/#primaryimage\",\"url\":\"https:\/\/doinn.co\/wp-content\/uploads\/2023\/04\/Resources-01.png\",\"contentUrl\":\"https:\/\/doinn.co\/wp-content\/uploads\/2023\/04\/Resources-01.png\",\"width\":302,\"height\":180},{\"@type\":\"BreadcrumbList\",\"@id\":\"https:\/\/doinn.co\/es\/aplicacion-doinn\/#breadcrumb\",\"itemListElement\":[{\"@type\":\"ListItem\",\"position\":1,\"name\":\"Home\",\"item\":\"https:\/\/doinn.co\/es\/\"},{\"@type\":\"ListItem\",\"position\":2,\"name\":\"Aplicaci\u00f3n Doinn\"}]},{\"@type\":\"WebSite\",\"@id\":\"https:\/\/doinn.co\/es\/#website\",\"url\":\"https:\/\/doinn.co\/es\/\",\"name\":\"Doinn: Housekeeping Operations Made Simple\",\"description\":\"\",\"publisher\":{\"@id\":\"https:\/\/doinn.co\/es\/#organization\"},\"potentialAction\":[{\"@type\":\"SearchAction\",\"target\":{\"@type\":\"EntryPoint\",\"urlTemplate\":\"https:\/\/doinn.co\/es\/?s={search_term_string}\"},\"query-input\":{\"@type\":\"PropertyValueSpecification\",\"valueRequired\":true,\"valueName\":\"search_term_string\"}}],\"inLanguage\":\"es\"},{\"@type\":\"Organization\",\"@id\":\"https:\/\/doinn.co\/es\/#organization\",\"name\":\"Doinn: Housekeeping Operations Made Simple\",\"url\":\"https:\/\/doinn.co\/es\/\",\"logo\":{\"@type\":\"ImageObject\",\"inLanguage\":\"es\",\"@id\":\"https:\/\/doinn.co\/es\/#\/schema\/logo\/image\/\",\"url\":\"\",\"contentUrl\":\"\",\"caption\":\"Doinn: Housekeeping Operations Made Simple\"},\"image\":{\"@id\":\"https:\/\/doinn.co\/es\/#\/schema\/logo\/image\/\"},\"sameAs\":[\"https:\/\/www.facebook.com\/doinn.co\",\"https:\/\/x.com\/doinnco\",\"https:\/\/www.instagram.com\/doinn.co\",\"https:\/\/www.linkedin.com\/company\/doinn\"]}]}<\/script>\n<!-- \/ Yoast SEO plugin. -->","yoast_head_json":{"title":"Doinn - Aplicaci\u00f3n Doinn","robots":{"index":"index","follow":"follow","max-snippet":"max-snippet:-1","max-image-preview":"max-image-preview:large","max-video-preview":"max-video-preview:-1"},"canonical":"https:\/\/doinn.co\/es\/aplicacion-doinn\/","og_locale":"es_ES","og_type":"article","og_title":"Doinn - Aplicaci\u00f3n Doinn","og_url":"https:\/\/doinn.co\/es\/aplicacion-doinn\/","og_site_name":"Doinn","article_publisher":"https:\/\/www.facebook.com\/doinn.co","article_modified_time":"2024-04-17T10:51:17+00:00","og_image":[{"width":302,"height":180,"url":"https:\/\/doinn.co\/wp-content\/uploads\/2023\/04\/Resources-01.png","type":"image\/png"}],"twitter_card":"summary_large_image","twitter_site":"@doinnco","schema":{"@context":"https:\/\/schema.org","@graph":[{"@type":"WebPage","@id":"https:\/\/doinn.co\/es\/aplicacion-doinn\/","url":"https:\/\/doinn.co\/es\/aplicacion-doinn\/","name":"Doinn - Aplicaci\u00f3n Doinn","isPartOf":{"@id":"https:\/\/doinn.co\/es\/#website"},"primaryImageOfPage":{"@id":"https:\/\/doinn.co\/es\/aplicacion-doinn\/#primaryimage"},"image":{"@id":"https:\/\/doinn.co\/es\/aplicacion-doinn\/#primaryimage"},"thumbnailUrl":"https:\/\/doinn.co\/wp-content\/uploads\/2023\/04\/Resources-01.png","datePublished":"2023-04-21T16:25:42+00:00","dateModified":"2024-04-17T10:51:17+00:00","breadcrumb":{"@id":"https:\/\/doinn.co\/es\/aplicacion-doinn\/#breadcrumb"},"inLanguage":"es","potentialAction":[{"@type":"ReadAction","target":["https:\/\/doinn.co\/es\/aplicacion-doinn\/"]}]},{"@type":"ImageObject","inLanguage":"es","@id":"https:\/\/doinn.co\/es\/aplicacion-doinn\/#primaryimage","url":"https:\/\/doinn.co\/wp-content\/uploads\/2023\/04\/Resources-01.png","contentUrl":"https:\/\/doinn.co\/wp-content\/uploads\/2023\/04\/Resources-01.png","width":302,"height":180},{"@type":"BreadcrumbList","@id":"https:\/\/doinn.co\/es\/aplicacion-doinn\/#breadcrumb","itemListElement":[{"@type":"ListItem","position":1,"name":"Home","item":"https:\/\/doinn.co\/es\/"},{"@type":"ListItem","position":2,"name":"Aplicaci\u00f3n Doinn"}]},{"@type":"WebSite","@id":"https:\/\/doinn.co\/es\/#website","url":"https:\/\/doinn.co\/es\/","name":"Doinn: Housekeeping Operations Made Simple","description":"","publisher":{"@id":"https:\/\/doinn.co\/es\/#organization"},"potentialAction":[{"@type":"SearchAction","target":{"@type":"EntryPoint","urlTemplate":"https:\/\/doinn.co\/es\/?s={search_term_string}"},"query-input":{"@type":"PropertyValueSpecification","valueRequired":true,"valueName":"search_term_string"}}],"inLanguage":"es"},{"@type":"Organization","@id":"https:\/\/doinn.co\/es\/#organization","name":"Doinn: Housekeeping Operations Made Simple","url":"https:\/\/doinn.co\/es\/","logo":{"@type":"ImageObject","inLanguage":"es","@id":"https:\/\/doinn.co\/es\/#\/schema\/logo\/image\/","url":"","contentUrl":"","caption":"Doinn: Housekeeping Operations Made Simple"},"image":{"@id":"https:\/\/doinn.co\/es\/#\/schema\/logo\/image\/"},"sameAs":["https:\/\/www.facebook.com\/doinn.co","https:\/\/x.com\/doinnco","https:\/\/www.instagram.com\/doinn.co","https:\/\/www.linkedin.com\/company\/doinn"]}]}},"_links":{"self":[{"href":"https:\/\/doinn.co\/es\/wp-json\/wp\/v2\/pages\/5204","targetHints":{"allow":["GET"]}}],"collection":[{"href":"https:\/\/doinn.co\/es\/wp-json\/wp\/v2\/pages"}],"about":[{"href":"https:\/\/doinn.co\/es\/wp-json\/wp\/v2\/types\/page"}],"author":[{"embeddable":true,"href":"https:\/\/doinn.co\/es\/wp-json\/wp\/v2\/users\/2"}],"replies":[{"embeddable":true,"href":"https:\/\/doinn.co\/es\/wp-json\/wp\/v2\/comments?post=5204"}],"version-history":[{"count":5,"href":"https:\/\/doinn.co\/es\/wp-json\/wp\/v2\/pages\/5204\/revisions"}],"predecessor-version":[{"id":15864,"href":"https:\/\/doinn.co\/es\/wp-json\/wp\/v2\/pages\/5204\/revisions\/15864"}],"wp:featuredmedia":[{"embeddable":true,"href":"https:\/\/doinn.co\/es\/wp-json\/wp\/v2\/media\/4731"}],"wp:attachment":[{"href":"https:\/\/doinn.co\/es\/wp-json\/wp\/v2\/media?parent=5204"}],"curies":[{"name":"wp","href":"https:\/\/api.w.org\/{rel}","templated":true}]}}