{"id":16884,"date":"2024-10-17T16:32:37","date_gmt":"2024-10-17T16:32:37","guid":{"rendered":"https:\/\/doinn.co\/test-demo\/"},"modified":"2024-10-21T11:09:32","modified_gmt":"2024-10-21T11:09:32","slug":"book-demo","status":"publish","type":"page","link":"https:\/\/doinn.co\/es\/book-demo\/","title":{"rendered":"Solicita una demo"},"content":{"rendered":"\n<section class=\"wp-block-group alignfull demo-hero bk-pdl bk-pdr has-vertical-2-gradient-background has-background is-layout-constrained wp-block-group-is-layout-constrained\" id=\"go-form\">\n<div class=\"wp-block-columns alignwide is-layout-flex wp-container-core-columns-is-layout-9d6595d7 wp-block-columns-is-layout-flex\">\n<div class=\"wp-block-column c-l is-layout-flow wp-block-column-is-layout-flow\">\n<h1 class=\"wp-block-heading has-white-color has-text-color has-link-color wp-elements-b40366586ace2970fa202ebd586a70bc\">Optimiza la Gesti\u00f3n de tus Viviendas Tur\u00edsticas<\/h1>\n\n\n\n<p class=\"has-white-color has-text-color has-link-color wp-elements-7c565a4c56fa03a34fe2e6095a7b8f46\">Ahorra hasta 3 veces m\u00e1s con nuestros paquetes personalizados que se adaptan a cualquier negocio. <\/p>\n\n\n\n<div class=\"wp-block-group is-layout-constrained wp-block-group-is-layout-constrained\">\n<p class=\"has-white-color has-text-color has-link-color wp-elements-eabff96ca8f73e21de5fe8f0caffe7e5\"><strong>Caracter\u00edsticas M\u00e1s Populares:<\/strong><\/p>\n\n\n\n<ul class=\"is-style-check-aqua has-white-color has-text-color has-link-color wp-block-list wp-elements-67e5d14f747d5bb4008eb4a6be52cab4\">\n<li>Automatizaciones de limpiezas ilimitadas sincronizando tus reservas a trav\u00e9s de Ical o PMS<\/li>\n\n\n\n<li>Asigna servicios en el momento adecuado y revisa todas las tareas desde el panel de control<\/li>\n\n\n\n<li>Etiqueta de prioridad en propiedades con entradas y salidas en el mismo d\u00eda<\/li>\n\n\n\n<li>Notificaciones en tiempo real a trav\u00e9s de la app Doinn sobre incidencias en el servicio<\/li>\n\n\n\n<li>Marcas de agua en las fotos: Un sello \u00fanico de fecha\/hora en tiempo real en cada foto nueva o subida a la app Doinn<\/li>\n<\/ul>\n<\/div>\n<\/div>\n\n\n\n<div class=\"wp-block-column c-r has-white-background-color has-background is-layout-flow wp-block-column-is-layout-flow\" style=\"flex-basis:537px\">\n\n    \t\n    <div class=\"bk-block-hubspot\" >\n\n        <script  >\n\t\t\t\n            var sfdcCampaignId = '';\n\n\t\t\tvar obj_form_block = {\n\t\t\t\t'region': 'eu1',\n\t\t\t\t'portalId': '25967002',\n\t\t\t\t'formId': 'bd254af3-1e22-4e67-b905-2a0ff55c436d',\n\t\t\t\t'submitButtonClass': 'wp-block-button',\n\t\t\t\t'onFormReady': function (form, ctx){\n\t\t\t\t\t\/\/ bk_trakingForm.setValueInput();\n\t\t\t\t},\n\t\t\t\t'onFormSubmit': function (form){\n\t\t\t\t\twindow.dataLayer = window.dataLayer || [];\n\t\t\t\t\twindow.dataLayer.push({ \n                        'event' : '',\t\t\t\t\t\t\t\t\t\n                    });\n\t\t\t\t}\n\t\t\t};\n\n\t\t\tif (sfdcCampaignId) {\n\t\t\t\tobj_form_block.sfdcCampaignId = sfdcCampaignId;\n\t\t\t}\n\n            if (!window.hbspt) {\n                var script = document.createElement('script');\n                \/\/ script.async = true;\n                \/\/ script.defer = true;\n                script.src = 'https:\/\/js.hsforms.net\/forms\/v2.js';\n                document.body.appendChild(script);\n            }\n\n            setTimeout(function() {\n                if (window.hbspt) {\n                    hbspt.forms.create(obj_form_block);\n                }\n                \n            }, 1000);\n\n\t\t<\/script>\n    <\/div>\n\n <\/div>\n<\/div>\n<\/section>\n\n\n\n<section class=\"wp-block-group alignfull bk-slider-logos is-layout-constrained wp-block-group-is-layout-constrained\">\n<div class=\"wp-block-group alignwide row is-layout-constrained wp-block-group-is-layout-constrained\">\n<p><strong>+1,000<\/strong> empresas globalmente<br>confian en Doinn:<\/p>\n\n\n\n\n    <div class=\"bk-block-slider-logos\" >\n        <div class=\"slider-cn type-init\">\n        <picture>\n                            <img src=\"https:\/\/doinn.co\/wp-content\/uploads\/2024\/10\/YON-Living.png\" width=\"80\" height=\"60\" alt=\"\" loading=\"lazy\" decoding=\"async\"\/>\n                        <\/picture><picture>\n                            <img src=\"https:\/\/doinn.co\/wp-content\/uploads\/2024\/10\/Viva-Portugal.png\" width=\"80\" height=\"60\" alt=\"\" loading=\"lazy\" decoding=\"async\"\/>\n                        <\/picture><picture>\n                            <img src=\"https:\/\/doinn.co\/wp-content\/uploads\/2024\/10\/Habyt.png\" width=\"80\" height=\"60\" alt=\"\" loading=\"lazy\" decoding=\"async\"\/>\n                        <\/picture><picture>\n                            <img src=\"https:\/\/doinn.co\/wp-content\/uploads\/2024\/10\/Del-parque-flats.png\" width=\"80\" height=\"60\" alt=\"\" loading=\"lazy\" decoding=\"async\"\/>\n                        <\/picture><picture>\n                            <img src=\"https:\/\/doinn.co\/wp-content\/uploads\/2024\/10\/Trudill-Services.png\" width=\"80\" height=\"60\" alt=\"\" loading=\"lazy\" decoding=\"async\"\/>\n                        <\/picture><picture>\n                            <img src=\"https:\/\/doinn.co\/wp-content\/uploads\/2024\/10\/Cubos-Holiday-Homes.png\" width=\"80\" height=\"60\" alt=\"\" loading=\"lazy\" decoding=\"async\"\/>\n                        <\/picture><picture>\n                            <img src=\"https:\/\/doinn.co\/wp-content\/uploads\/2024\/10\/Be-Mate.png\" width=\"80\" height=\"60\" alt=\"\" loading=\"lazy\" decoding=\"async\"\/>\n                        <\/picture><picture>\n                            <img src=\"https:\/\/doinn.co\/wp-content\/uploads\/2024\/10\/AvB_ID_TurquoiseSquareEN-1.svg\" width=\"199\" height=\"51\" alt=\"Avaibook\" loading=\"lazy\" decoding=\"async\"\/>\n                        <\/picture><picture>\n                            <img src=\"https:\/\/doinn.co\/wp-content\/uploads\/2024\/10\/One-Habitat.png\" width=\"80\" height=\"60\" alt=\"\" loading=\"lazy\" decoding=\"async\"\/>\n                        <\/picture><picture>\n                            <img src=\"https:\/\/doinn.co\/wp-content\/uploads\/2024\/10\/Omar-Do-Rio.png\" width=\"80\" height=\"60\" alt=\"\" loading=\"lazy\" decoding=\"async\"\/>\n                        <\/picture><picture>\n                            <img src=\"https:\/\/doinn.co\/wp-content\/uploads\/2024\/10\/Olala-Homes.png\" width=\"80\" height=\"60\" alt=\"\" loading=\"lazy\" decoding=\"async\"\/>\n                        <\/picture><picture>\n                            <img src=\"https:\/\/doinn.co\/wp-content\/uploads\/2024\/10\/Me2-Rentals.png\" width=\"80\" height=\"60\" alt=\"\" loading=\"lazy\" decoding=\"async\"\/>\n                        <\/picture><picture>\n                            <img src=\"https:\/\/doinn.co\/wp-content\/uploads\/2024\/10\/Hosticasa.png\" width=\"80\" height=\"60\" alt=\"\" loading=\"lazy\" decoding=\"async\"\/>\n                        <\/picture>        <\/div>\n\n    <\/div>\n\n<\/div>\n<\/section>\n","protected":false},"excerpt":{"rendered":"<p>Optimiza la Gesti\u00f3n de tus Viviendas Tur\u00edsticas Ahorra hasta 3 veces m\u00e1s con nuestros paquetes personalizados que se adaptan a&#8230;<\/p>\n","protected":false},"author":14,"featured_media":0,"parent":0,"menu_order":0,"comment_status":"closed","ping_status":"closed","template":"","meta":{"_acf_changed":false,"footnotes":""},"class_list":["post-16884","page","type-page","status-publish","hentry"],"acf":[],"yoast_head":"<!-- This site is optimized with the Yoast SEO plugin v27.2 - https:\/\/yoast.com\/product\/yoast-seo-wordpress\/ -->\n<title>Doinn - Solicita una demo<\/title>\n<meta name=\"robots\" content=\"index, follow, max-snippet:-1, max-image-preview:large, max-video-preview:-1\" \/>\n<link rel=\"canonical\" href=\"https:\/\/doinn.co\/es\/book-demo\/\" \/>\n<meta property=\"og:locale\" content=\"es_ES\" \/>\n<meta property=\"og:type\" content=\"article\" \/>\n<meta property=\"og:title\" content=\"Doinn - Solicita una demo\" \/>\n<meta property=\"og:description\" content=\"Optimiza la Gesti\u00f3n de tus Viviendas Tur\u00edsticas Ahorra hasta 3 veces m\u00e1s con nuestros paquetes personalizados que se adaptan a...\" \/>\n<meta property=\"og:url\" content=\"https:\/\/doinn.co\/es\/book-demo\/\" \/>\n<meta property=\"og:site_name\" content=\"Doinn\" \/>\n<meta property=\"article:publisher\" content=\"https:\/\/www.facebook.com\/doinn.co\" \/>\n<meta property=\"article:modified_time\" content=\"2024-10-21T11:09:32+00:00\" \/>\n<meta name=\"twitter:card\" content=\"summary_large_image\" \/>\n<meta name=\"twitter:site\" content=\"@doinnco\" \/>\n<meta name=\"twitter:label1\" content=\"Tiempo de lectura\" \/>\n\t<meta name=\"twitter:data1\" content=\"1 minuto\" \/>\n<script type=\"application\/ld+json\" class=\"yoast-schema-graph\">{\"@context\":\"https:\/\/schema.org\",\"@graph\":[{\"@type\":\"WebPage\",\"@id\":\"https:\/\/doinn.co\/es\/book-demo\/\",\"url\":\"https:\/\/doinn.co\/es\/book-demo\/\",\"name\":\"Doinn - Solicita una demo\",\"isPartOf\":{\"@id\":\"https:\/\/doinn.co\/es\/#website\"},\"datePublished\":\"2024-10-17T16:32:37+00:00\",\"dateModified\":\"2024-10-21T11:09:32+00:00\",\"breadcrumb\":{\"@id\":\"https:\/\/doinn.co\/es\/book-demo\/#breadcrumb\"},\"inLanguage\":\"es\",\"potentialAction\":[{\"@type\":\"ReadAction\",\"target\":[\"https:\/\/doinn.co\/es\/book-demo\/\"]}]},{\"@type\":\"BreadcrumbList\",\"@id\":\"https:\/\/doinn.co\/es\/book-demo\/#breadcrumb\",\"itemListElement\":[{\"@type\":\"ListItem\",\"position\":1,\"name\":\"Home\",\"item\":\"https:\/\/doinn.co\/es\/\"},{\"@type\":\"ListItem\",\"position\":2,\"name\":\"Solicita una demo\"}]},{\"@type\":\"WebSite\",\"@id\":\"https:\/\/doinn.co\/es\/#website\",\"url\":\"https:\/\/doinn.co\/es\/\",\"name\":\"Doinn: Housekeeping Operations Made Simple\",\"description\":\"\",\"publisher\":{\"@id\":\"https:\/\/doinn.co\/es\/#organization\"},\"potentialAction\":[{\"@type\":\"SearchAction\",\"target\":{\"@type\":\"EntryPoint\",\"urlTemplate\":\"https:\/\/doinn.co\/es\/?s={search_term_string}\"},\"query-input\":{\"@type\":\"PropertyValueSpecification\",\"valueRequired\":true,\"valueName\":\"search_term_string\"}}],\"inLanguage\":\"es\"},{\"@type\":\"Organization\",\"@id\":\"https:\/\/doinn.co\/es\/#organization\",\"name\":\"Doinn: Housekeeping Operations Made Simple\",\"url\":\"https:\/\/doinn.co\/es\/\",\"logo\":{\"@type\":\"ImageObject\",\"inLanguage\":\"es\",\"@id\":\"https:\/\/doinn.co\/es\/#\/schema\/logo\/image\/\",\"url\":\"\",\"contentUrl\":\"\",\"caption\":\"Doinn: Housekeeping Operations Made Simple\"},\"image\":{\"@id\":\"https:\/\/doinn.co\/es\/#\/schema\/logo\/image\/\"},\"sameAs\":[\"https:\/\/www.facebook.com\/doinn.co\",\"https:\/\/x.com\/doinnco\",\"https:\/\/www.instagram.com\/doinn.co\",\"https:\/\/www.linkedin.com\/company\/doinn\"]}]}<\/script>\n<!-- \/ Yoast SEO plugin. -->","yoast_head_json":{"title":"Doinn - Solicita una demo","robots":{"index":"index","follow":"follow","max-snippet":"max-snippet:-1","max-image-preview":"max-image-preview:large","max-video-preview":"max-video-preview:-1"},"canonical":"https:\/\/doinn.co\/es\/book-demo\/","og_locale":"es_ES","og_type":"article","og_title":"Doinn - Solicita una demo","og_description":"Optimiza la Gesti\u00f3n de tus Viviendas Tur\u00edsticas Ahorra hasta 3 veces m\u00e1s con nuestros paquetes personalizados que se adaptan a...","og_url":"https:\/\/doinn.co\/es\/book-demo\/","og_site_name":"Doinn","article_publisher":"https:\/\/www.facebook.com\/doinn.co","article_modified_time":"2024-10-21T11:09:32+00:00","twitter_card":"summary_large_image","twitter_site":"@doinnco","twitter_misc":{"Tiempo de lectura":"1 minuto"},"schema":{"@context":"https:\/\/schema.org","@graph":[{"@type":"WebPage","@id":"https:\/\/doinn.co\/es\/book-demo\/","url":"https:\/\/doinn.co\/es\/book-demo\/","name":"Doinn - Solicita una demo","isPartOf":{"@id":"https:\/\/doinn.co\/es\/#website"},"datePublished":"2024-10-17T16:32:37+00:00","dateModified":"2024-10-21T11:09:32+00:00","breadcrumb":{"@id":"https:\/\/doinn.co\/es\/book-demo\/#breadcrumb"},"inLanguage":"es","potentialAction":[{"@type":"ReadAction","target":["https:\/\/doinn.co\/es\/book-demo\/"]}]},{"@type":"BreadcrumbList","@id":"https:\/\/doinn.co\/es\/book-demo\/#breadcrumb","itemListElement":[{"@type":"ListItem","position":1,"name":"Home","item":"https:\/\/doinn.co\/es\/"},{"@type":"ListItem","position":2,"name":"Solicita una demo"}]},{"@type":"WebSite","@id":"https:\/\/doinn.co\/es\/#website","url":"https:\/\/doinn.co\/es\/","name":"Doinn: Housekeeping Operations Made Simple","description":"","publisher":{"@id":"https:\/\/doinn.co\/es\/#organization"},"potentialAction":[{"@type":"SearchAction","target":{"@type":"EntryPoint","urlTemplate":"https:\/\/doinn.co\/es\/?s={search_term_string}"},"query-input":{"@type":"PropertyValueSpecification","valueRequired":true,"valueName":"search_term_string"}}],"inLanguage":"es"},{"@type":"Organization","@id":"https:\/\/doinn.co\/es\/#organization","name":"Doinn: Housekeeping Operations Made Simple","url":"https:\/\/doinn.co\/es\/","logo":{"@type":"ImageObject","inLanguage":"es","@id":"https:\/\/doinn.co\/es\/#\/schema\/logo\/image\/","url":"","contentUrl":"","caption":"Doinn: Housekeeping Operations Made Simple"},"image":{"@id":"https:\/\/doinn.co\/es\/#\/schema\/logo\/image\/"},"sameAs":["https:\/\/www.facebook.com\/doinn.co","https:\/\/x.com\/doinnco","https:\/\/www.instagram.com\/doinn.co","https:\/\/www.linkedin.com\/company\/doinn"]}]}},"_links":{"self":[{"href":"https:\/\/doinn.co\/es\/wp-json\/wp\/v2\/pages\/16884","targetHints":{"allow":["GET"]}}],"collection":[{"href":"https:\/\/doinn.co\/es\/wp-json\/wp\/v2\/pages"}],"about":[{"href":"https:\/\/doinn.co\/es\/wp-json\/wp\/v2\/types\/page"}],"author":[{"embeddable":true,"href":"https:\/\/doinn.co\/es\/wp-json\/wp\/v2\/users\/14"}],"replies":[{"embeddable":true,"href":"https:\/\/doinn.co\/es\/wp-json\/wp\/v2\/comments?post=16884"}],"version-history":[{"count":5,"href":"https:\/\/doinn.co\/es\/wp-json\/wp\/v2\/pages\/16884\/revisions"}],"predecessor-version":[{"id":16999,"href":"https:\/\/doinn.co\/es\/wp-json\/wp\/v2\/pages\/16884\/revisions\/16999"}],"wp:attachment":[{"href":"https:\/\/doinn.co\/es\/wp-json\/wp\/v2\/media?parent=16884"}],"curies":[{"name":"wp","href":"https:\/\/api.w.org\/{rel}","templated":true}]}}