{"id":21621,"date":"2024-10-17T16:32:37","date_gmt":"2024-10-17T16:32:37","guid":{"rendered":"https:\/\/doinn.co\/book-demo\/"},"modified":"2025-06-25T10:18:46","modified_gmt":"2025-06-25T10:18:46","slug":"book-demo","status":"publish","type":"page","link":"https:\/\/doinn.co\/de\/book-demo\/","title":{"rendered":"Demo buchen"},"content":{"rendered":"\n<section class=\"wp-block-group alignfull demo-hero bk-pdl bk-pdr has-vertical-2-gradient-background has-background is-layout-constrained wp-block-group-is-layout-constrained\" id=\"go-form\">\n<div class=\"wp-block-columns alignwide is-layout-flex wp-container-core-columns-is-layout-9d6595d7 wp-block-columns-is-layout-flex\">\n<div class=\"wp-block-column c-l is-layout-flow wp-block-column-is-layout-flow\">\n<h1 class=\"wp-block-heading has-white-color has-text-color has-link-color wp-elements-b9e8cf28502147a57f2e2107733d522e\"><strong>Effiziente Immobilien- und Mitarbeiterabl\u00e4ufe erhalten<\/strong><\/h1>\n\n\n\n<p class=\"has-white-color has-text-color has-link-color wp-elements-50431759e151b3bbc6e9f875788769b0\">Sparen Sie bis zu 3x mit unseren ma\u00dfgeschneiderten Paketen, die f\u00fcr jedes Unternehmen geeignet sind.<\/p>\n\n\n\n<div class=\"wp-block-group is-layout-constrained wp-block-group-is-layout-constrained\">\n<p class=\"has-white-color has-text-color has-link-color wp-elements-2a042900b0c44eec467249516534027f\"><strong><strong>Beliebteste Funktionen:<\/strong><\/strong><\/p>\n\n\n\n<ul class=\"wp-block-list is-style-check-aqua has-white-color has-text-color has-link-color wp-elements-3b4df7ba8b171c6416a973245a0570d8\">\n<li>Unbegrenzte Automatisierungen f\u00fcr Reinigungen, die Ihre Reservierungen \u00fcber iCal oder PMS synchronisieren.<\/li>\n\n\n\n<li>Weisen Sie Aufgaben zur richtigen Zeit zu und \u00fcberpr\u00fcfen Sie alle Aufgaben im Dispatch-View.<\/li>\n\n\n\n<li>Priorit\u00e4tskennzeichnung f\u00fcr Immobilien mit Check-ins und Check-outs am selben Tag.<\/li>\n\n\n\n<li>Echtzeit-Benachrichtigungen \u00fcber die Doinn-App zu Servicenotizen.<\/li>\n\n\n\n<li>Zeitstempel auf Fotos: Ein einzigartiger Echtzeit-Datum\/Uhrzeit-Stempel auf jedem neuen oder hochgeladenen Foto in der Doinn-App.<\/li>\n<\/ul>\n<\/div>\n<\/div>\n\n\n\n<div class=\"wp-block-column c-r has-white-background-color has-background is-layout-flow wp-block-column-is-layout-flow\" style=\"flex-basis:537px\">\n\n    \t\n    <div class=\"bk-block-hubspot\" >\n\n        <script  >\n\t\t\t\n            var sfdcCampaignId = '';\n\n\t\t\tvar obj_form_block = {\n\t\t\t\t'region': 'eu1',\n\t\t\t\t'portalId': '25967002',\n\t\t\t\t'formId': 'ccdceeb4-af4f-44e1-a8ea-46bfbd25a256',\n\t\t\t\t'submitButtonClass': 'wp-block-button',\n\t\t\t\t'onFormReady': function (form, ctx){\n\t\t\t\t\t\/\/ bk_trakingForm.setValueInput();\n\t\t\t\t},\n\t\t\t\t'onFormSubmit': function (form){\n\t\t\t\t\twindow.dataLayer = window.dataLayer || [];\n\t\t\t\t\twindow.dataLayer.push({ \n                        'event' : '',\t\t\t\t\t\t\t\t\t\n                    });\n\t\t\t\t}\n\t\t\t};\n\n\t\t\tif (sfdcCampaignId) {\n\t\t\t\tobj_form_block.sfdcCampaignId = sfdcCampaignId;\n\t\t\t}\n\n            if (!window.hbspt) {\n                var script = document.createElement('script');\n                \/\/ script.async = true;\n                \/\/ script.defer = true;\n                script.src = 'https:\/\/js.hsforms.net\/forms\/v2.js';\n                document.body.appendChild(script);\n            }\n\n            setTimeout(function() {\n                if (window.hbspt) {\n                    hbspt.forms.create(obj_form_block);\n                }\n                \n            }, 1000);\n\n\t\t<\/script>\n    <\/div>\n\n <\/div>\n<\/div>\n<\/section>\n\n\n\n<section class=\"wp-block-group alignfull bk-slider-logos is-layout-constrained wp-block-group-is-layout-constrained\">\n<div class=\"wp-block-group alignwide row is-layout-constrained wp-block-group-is-layout-constrained\">\n<p class=\"text-cn\">Vertraut von \u00fcber <strong>+1.000<\/strong> Unternehmen weltweit.<\/p>\n\n\n\n\n    <div class=\"bk-block-slider-logos\" >\n        <div class=\"slider-cn type-init\">\n        <picture>\n                            <img src=\"https:\/\/doinn.co\/wp-content\/uploads\/2025\/06\/9.png\" width=\"80\" height=\"60\" alt=\"\" loading=\"lazy\" decoding=\"async\"\/>\n                        <\/picture><picture>\n                            <img src=\"https:\/\/doinn.co\/wp-content\/uploads\/2025\/06\/8.png\" width=\"80\" height=\"60\" alt=\"\" loading=\"lazy\" decoding=\"async\"\/>\n                        <\/picture><picture>\n                            <img src=\"https:\/\/doinn.co\/wp-content\/uploads\/2025\/06\/7.png\" width=\"80\" height=\"60\" alt=\"\" loading=\"lazy\" decoding=\"async\"\/>\n                        <\/picture><picture>\n                            <img src=\"https:\/\/doinn.co\/wp-content\/uploads\/2025\/06\/6.png\" width=\"80\" height=\"60\" alt=\"\" loading=\"lazy\" decoding=\"async\"\/>\n                        <\/picture><picture>\n                            <img src=\"https:\/\/doinn.co\/wp-content\/uploads\/2025\/06\/1-3.png\" width=\"80\" height=\"60\" alt=\"\" loading=\"lazy\" decoding=\"async\"\/>\n                        <\/picture><picture>\n                            <img src=\"https:\/\/doinn.co\/wp-content\/uploads\/2025\/06\/17.png\" width=\"80\" height=\"60\" alt=\"\" loading=\"lazy\" decoding=\"async\"\/>\n                        <\/picture><picture>\n                            <img src=\"https:\/\/doinn.co\/wp-content\/uploads\/2025\/06\/15.png\" width=\"80\" height=\"60\" alt=\"\" loading=\"lazy\" decoding=\"async\"\/>\n                        <\/picture><picture>\n                            <img src=\"https:\/\/doinn.co\/wp-content\/uploads\/2025\/06\/14.png\" width=\"80\" height=\"60\" alt=\"\" loading=\"lazy\" decoding=\"async\"\/>\n                        <\/picture><picture>\n                            <img src=\"https:\/\/doinn.co\/wp-content\/uploads\/2025\/06\/13.png\" width=\"80\" height=\"60\" alt=\"\" loading=\"lazy\" decoding=\"async\"\/>\n                        <\/picture><picture>\n                            <img src=\"https:\/\/doinn.co\/wp-content\/uploads\/2025\/06\/12.png\" width=\"80\" height=\"60\" alt=\"\" loading=\"lazy\" decoding=\"async\"\/>\n                        <\/picture><picture>\n                            <img src=\"https:\/\/doinn.co\/wp-content\/uploads\/2025\/06\/11.png\" width=\"80\" height=\"60\" alt=\"\" loading=\"lazy\" decoding=\"async\"\/>\n                        <\/picture><picture>\n                            <img src=\"https:\/\/doinn.co\/wp-content\/uploads\/2025\/06\/10.png\" width=\"80\" height=\"60\" alt=\"\" loading=\"lazy\" decoding=\"async\"\/>\n                        <\/picture><picture>\n                            <img src=\"https:\/\/doinn.co\/wp-content\/uploads\/2025\/06\/5.png\" width=\"80\" height=\"60\" alt=\"\" loading=\"lazy\" decoding=\"async\"\/>\n                        <\/picture><picture>\n                            <img src=\"https:\/\/doinn.co\/wp-content\/uploads\/2025\/06\/4.png\" width=\"80\" height=\"60\" alt=\"\" loading=\"lazy\" decoding=\"async\"\/>\n                        <\/picture><picture>\n                            <img src=\"https:\/\/doinn.co\/wp-content\/uploads\/2025\/06\/3.png\" width=\"80\" height=\"60\" alt=\"\" loading=\"lazy\" decoding=\"async\"\/>\n                        <\/picture><picture>\n                            <img src=\"https:\/\/doinn.co\/wp-content\/uploads\/2025\/06\/2.png\" width=\"80\" height=\"60\" alt=\"\" loading=\"lazy\" decoding=\"async\"\/>\n                        <\/picture>        <\/div>\n\n    <\/div>\n\n<\/div>\n<\/section>\n","protected":false},"excerpt":{"rendered":"<p>Effiziente Immobilien- und Mitarbeiterabl\u00e4ufe erhalten Sparen Sie bis zu 3x mit unseren ma\u00dfgeschneiderten Paketen, die f\u00fcr jedes Unternehmen geeignet sind&#8230;.<\/p>\n","protected":false},"author":14,"featured_media":0,"parent":0,"menu_order":0,"comment_status":"closed","ping_status":"closed","template":"","meta":{"_acf_changed":false,"footnotes":""},"class_list":["post-21621","page","type-page","status-publish","hentry"],"acf":[],"yoast_head":"<!-- This site is optimized with the Yoast SEO plugin v27.2 - https:\/\/yoast.com\/product\/yoast-seo-wordpress\/ -->\n<title>Doinn - Demo buchen<\/title>\n<meta name=\"description\" content=\"Buchen Sie noch heute eine Demo, um Ihr Vermietungsb\u00fcro f\u00fcr Ferienwohnungen oder Ihr Reinigungsunternehmen zu optimieren.\" \/>\n<meta name=\"robots\" content=\"index, follow, max-snippet:-1, max-image-preview:large, max-video-preview:-1\" \/>\n<link rel=\"canonical\" href=\"https:\/\/doinn.co\/de\/book-demo\/\" \/>\n<meta property=\"og:locale\" content=\"de_DE\" \/>\n<meta property=\"og:type\" content=\"article\" \/>\n<meta property=\"og:title\" content=\"Doinn - Demo buchen\" \/>\n<meta property=\"og:description\" content=\"Buchen Sie noch heute eine Demo, um Ihr Vermietungsb\u00fcro f\u00fcr Ferienwohnungen oder Ihr Reinigungsunternehmen zu optimieren.\" \/>\n<meta property=\"og:url\" content=\"https:\/\/doinn.co\/de\/book-demo\/\" \/>\n<meta property=\"og:site_name\" content=\"Doinn\" \/>\n<meta property=\"article:publisher\" content=\"https:\/\/www.facebook.com\/doinn.co\" \/>\n<meta property=\"article:modified_time\" content=\"2025-06-25T10:18:46+00:00\" \/>\n<meta name=\"twitter:card\" content=\"summary_large_image\" \/>\n<meta name=\"twitter:site\" content=\"@doinnco\" \/>\n<meta name=\"twitter:label1\" content=\"Gesch\u00e4tzte Lesezeit\" \/>\n\t<meta name=\"twitter:data1\" content=\"1\u00a0Minute\" \/>\n<script type=\"application\/ld+json\" class=\"yoast-schema-graph\">{\"@context\":\"https:\/\/schema.org\",\"@graph\":[{\"@type\":\"WebPage\",\"@id\":\"https:\/\/doinn.co\/de\/book-demo\/\",\"url\":\"https:\/\/doinn.co\/de\/book-demo\/\",\"name\":\"Doinn - Demo buchen\",\"isPartOf\":{\"@id\":\"https:\/\/doinn.co\/de\/#website\"},\"datePublished\":\"2024-10-17T16:32:37+00:00\",\"dateModified\":\"2025-06-25T10:18:46+00:00\",\"description\":\"Buchen Sie noch heute eine Demo, um Ihr Vermietungsb\u00fcro f\u00fcr Ferienwohnungen oder Ihr Reinigungsunternehmen zu optimieren.\",\"breadcrumb\":{\"@id\":\"https:\/\/doinn.co\/de\/book-demo\/#breadcrumb\"},\"inLanguage\":\"de\",\"potentialAction\":[{\"@type\":\"ReadAction\",\"target\":[\"https:\/\/doinn.co\/de\/book-demo\/\"]}]},{\"@type\":\"BreadcrumbList\",\"@id\":\"https:\/\/doinn.co\/de\/book-demo\/#breadcrumb\",\"itemListElement\":[{\"@type\":\"ListItem\",\"position\":1,\"name\":\"Home\",\"item\":\"https:\/\/doinn.co\/de\/\"},{\"@type\":\"ListItem\",\"position\":2,\"name\":\"Demo buchen\"}]},{\"@type\":\"WebSite\",\"@id\":\"https:\/\/doinn.co\/de\/#website\",\"url\":\"https:\/\/doinn.co\/de\/\",\"name\":\"Doinn: Housekeeping Operations Made Simple\",\"description\":\"\",\"publisher\":{\"@id\":\"https:\/\/doinn.co\/de\/#organization\"},\"potentialAction\":[{\"@type\":\"SearchAction\",\"target\":{\"@type\":\"EntryPoint\",\"urlTemplate\":\"https:\/\/doinn.co\/de\/?s={search_term_string}\"},\"query-input\":{\"@type\":\"PropertyValueSpecification\",\"valueRequired\":true,\"valueName\":\"search_term_string\"}}],\"inLanguage\":\"de\"},{\"@type\":\"Organization\",\"@id\":\"https:\/\/doinn.co\/de\/#organization\",\"name\":\"Doinn: Housekeeping Operations Made Simple\",\"url\":\"https:\/\/doinn.co\/de\/\",\"logo\":{\"@type\":\"ImageObject\",\"inLanguage\":\"de\",\"@id\":\"https:\/\/doinn.co\/de\/#\/schema\/logo\/image\/\",\"url\":\"\",\"contentUrl\":\"\",\"caption\":\"Doinn: Housekeeping Operations Made Simple\"},\"image\":{\"@id\":\"https:\/\/doinn.co\/de\/#\/schema\/logo\/image\/\"},\"sameAs\":[\"https:\/\/www.facebook.com\/doinn.co\",\"https:\/\/x.com\/doinnco\",\"https:\/\/www.instagram.com\/doinn.co\",\"https:\/\/www.linkedin.com\/company\/doinn\"]}]}<\/script>\n<!-- \/ Yoast SEO plugin. -->","yoast_head_json":{"title":"Doinn - Demo buchen","description":"Buchen Sie noch heute eine Demo, um Ihr Vermietungsb\u00fcro f\u00fcr Ferienwohnungen oder Ihr Reinigungsunternehmen zu optimieren.","robots":{"index":"index","follow":"follow","max-snippet":"max-snippet:-1","max-image-preview":"max-image-preview:large","max-video-preview":"max-video-preview:-1"},"canonical":"https:\/\/doinn.co\/de\/book-demo\/","og_locale":"de_DE","og_type":"article","og_title":"Doinn - Demo buchen","og_description":"Buchen Sie noch heute eine Demo, um Ihr Vermietungsb\u00fcro f\u00fcr Ferienwohnungen oder Ihr Reinigungsunternehmen zu optimieren.","og_url":"https:\/\/doinn.co\/de\/book-demo\/","og_site_name":"Doinn","article_publisher":"https:\/\/www.facebook.com\/doinn.co","article_modified_time":"2025-06-25T10:18:46+00:00","twitter_card":"summary_large_image","twitter_site":"@doinnco","twitter_misc":{"Gesch\u00e4tzte Lesezeit":"1\u00a0Minute"},"schema":{"@context":"https:\/\/schema.org","@graph":[{"@type":"WebPage","@id":"https:\/\/doinn.co\/de\/book-demo\/","url":"https:\/\/doinn.co\/de\/book-demo\/","name":"Doinn - Demo buchen","isPartOf":{"@id":"https:\/\/doinn.co\/de\/#website"},"datePublished":"2024-10-17T16:32:37+00:00","dateModified":"2025-06-25T10:18:46+00:00","description":"Buchen Sie noch heute eine Demo, um Ihr Vermietungsb\u00fcro f\u00fcr Ferienwohnungen oder Ihr Reinigungsunternehmen zu optimieren.","breadcrumb":{"@id":"https:\/\/doinn.co\/de\/book-demo\/#breadcrumb"},"inLanguage":"de","potentialAction":[{"@type":"ReadAction","target":["https:\/\/doinn.co\/de\/book-demo\/"]}]},{"@type":"BreadcrumbList","@id":"https:\/\/doinn.co\/de\/book-demo\/#breadcrumb","itemListElement":[{"@type":"ListItem","position":1,"name":"Home","item":"https:\/\/doinn.co\/de\/"},{"@type":"ListItem","position":2,"name":"Demo buchen"}]},{"@type":"WebSite","@id":"https:\/\/doinn.co\/de\/#website","url":"https:\/\/doinn.co\/de\/","name":"Doinn: Housekeeping Operations Made Simple","description":"","publisher":{"@id":"https:\/\/doinn.co\/de\/#organization"},"potentialAction":[{"@type":"SearchAction","target":{"@type":"EntryPoint","urlTemplate":"https:\/\/doinn.co\/de\/?s={search_term_string}"},"query-input":{"@type":"PropertyValueSpecification","valueRequired":true,"valueName":"search_term_string"}}],"inLanguage":"de"},{"@type":"Organization","@id":"https:\/\/doinn.co\/de\/#organization","name":"Doinn: Housekeeping Operations Made Simple","url":"https:\/\/doinn.co\/de\/","logo":{"@type":"ImageObject","inLanguage":"de","@id":"https:\/\/doinn.co\/de\/#\/schema\/logo\/image\/","url":"","contentUrl":"","caption":"Doinn: Housekeeping Operations Made Simple"},"image":{"@id":"https:\/\/doinn.co\/de\/#\/schema\/logo\/image\/"},"sameAs":["https:\/\/www.facebook.com\/doinn.co","https:\/\/x.com\/doinnco","https:\/\/www.instagram.com\/doinn.co","https:\/\/www.linkedin.com\/company\/doinn"]}]}},"_links":{"self":[{"href":"https:\/\/doinn.co\/de\/wp-json\/wp\/v2\/pages\/21621","targetHints":{"allow":["GET"]}}],"collection":[{"href":"https:\/\/doinn.co\/de\/wp-json\/wp\/v2\/pages"}],"about":[{"href":"https:\/\/doinn.co\/de\/wp-json\/wp\/v2\/types\/page"}],"author":[{"embeddable":true,"href":"https:\/\/doinn.co\/de\/wp-json\/wp\/v2\/users\/14"}],"replies":[{"embeddable":true,"href":"https:\/\/doinn.co\/de\/wp-json\/wp\/v2\/comments?post=21621"}],"version-history":[{"count":3,"href":"https:\/\/doinn.co\/de\/wp-json\/wp\/v2\/pages\/21621\/revisions"}],"predecessor-version":[{"id":21758,"href":"https:\/\/doinn.co\/de\/wp-json\/wp\/v2\/pages\/21621\/revisions\/21758"}],"wp:attachment":[{"href":"https:\/\/doinn.co\/de\/wp-json\/wp\/v2\/media?parent=21621"}],"curies":[{"name":"wp","href":"https:\/\/api.w.org\/{rel}","templated":true}]}}